{"id":713,"date":"2014-03-19T00:01:19","date_gmt":"2014-03-19T00:01:19","guid":{"rendered":"http:\/\/www.fibramar.pt\/web\/?page_id=713"},"modified":"2015-09-26T18:05:37","modified_gmt":"2015-09-26T18:05:37","slug":"contactos","status":"publish","type":"page","link":"https:\/\/www.fibramar.pt\/web\/es\/contactos\/","title":{"rendered":"contactos"},"content":{"rendered":"<div class=\"google-map\" id=\"google-map-1\" data-latlng1=\"39.34403, -9.34597\" data-zoom=\"12\"><\/div>\n<div class=\"grid6\">\n&nbsp;<br \/>\n<strong>Direcci\u00f3n<\/strong><br \/>\nFibramar<br \/>\nZona Industrial do Vale do Grou<br \/>\nRua de Santa B\u00e1rbara, S\/N<br \/>\n2525-378 Atouguia da Baleia (Peniche)<br \/>\nPortugal<\/p>\n<p><strong>Coordenadas GPS<\/strong><br \/>\nLatitude: 39\u00b020\u201938.50\u2033N (o 39.344167)<br \/>\nLongitude: 9\u00b020\u201945.50\u2033W (o -9.346111)<\/p>\n<p><strong>Tel\u00e9fono<\/strong><br \/>\n(+351) 262 759 538<\/p>\n<p><strong>Fax<\/strong><br \/>\n(+351) 262 759 538<\/p>\n<p><strong>E-mail<\/strong><br \/>\n<a href=\"mailto:fibramar@fibramar.pt\">fibramar@fibramar.pt<\/a><\/p>\n<p><strong>Horario (hora de Lisboa)<\/strong><br \/>\nDe lunes a viernes:<br \/>\n08h00 \u2013 12h30<br \/>\n14h00 \u2013 17h30<br \/>\nS\u00e1bados (necessita confirmaci\u00f3n por tel\u00e9fono):<br \/>\n09h00 \u2013 12h30\n<\/div>\n<div class=\"grid6\">\n&nbsp;<br \/>\n<strong>Formulario de contacto<br \/>\n<\/strong>Si prefiere cont\u00e1ctenos llenando el siguiente formulario:<\/p>\n\n<div class=\"wpcf7 no-js\" id=\"wpcf7-f757-o1\" lang=\"pt-PT\" dir=\"ltr\">\n<div class=\"screen-reader-response\"><p role=\"status\" aria-live=\"polite\" aria-atomic=\"true\"><\/p> <ul><\/ul><\/div>\n<form action=\"\/web\/es\/wp-json\/wp\/v2\/pages\/713#wpcf7-f757-o1\" method=\"post\" class=\"wpcf7-form init\" aria-label=\"Contact form\" novalidate=\"novalidate\" data-status=\"init\">\n<div style=\"display: none;\">\n<input type=\"hidden\" name=\"_wpcf7\" value=\"757\" \/>\n<input type=\"hidden\" name=\"_wpcf7_version\" value=\"5.7.4\" \/>\n<input type=\"hidden\" name=\"_wpcf7_locale\" value=\"pt_PT\" \/>\n<input type=\"hidden\" name=\"_wpcf7_unit_tag\" value=\"wpcf7-f757-o1\" \/>\n<input type=\"hidden\" name=\"_wpcf7_container_post\" value=\"0\" \/>\n<input type=\"hidden\" name=\"_wpcf7_posted_data_hash\" value=\"\" \/>\n<\/div>\n<p>Nombre\n<\/p>\n<p><span class=\"wpcf7-form-control-wrap\" data-name=\"your-name\"><input size=\"40\" class=\"wpcf7-form-control wpcf7-text wpcf7-validates-as-required\" aria-required=\"true\" aria-invalid=\"false\" value=\"\" type=\"text\" name=\"your-name\" \/><\/span>\n<\/p>\n<p>E-mail\n<\/p>\n<p><span class=\"wpcf7-form-control-wrap\" data-name=\"your-email\"><input size=\"40\" class=\"wpcf7-form-control wpcf7-text wpcf7-email wpcf7-validates-as-required wpcf7-validates-as-email\" aria-required=\"true\" aria-invalid=\"false\" value=\"\" type=\"email\" name=\"your-email\" \/><\/span>\n<\/p>\n<p>Asunto\n<\/p>\n<p><span class=\"wpcf7-form-control-wrap\" data-name=\"your-subject\"><input size=\"40\" class=\"wpcf7-form-control wpcf7-text wpcf7-validates-as-required\" aria-required=\"true\" aria-invalid=\"false\" value=\"\" type=\"text\" name=\"your-subject\" \/><\/span>\n<\/p>\n<p>Mensaje\n<\/p>\n<p><span class=\"wpcf7-form-control-wrap\" data-name=\"your-message\"><textarea cols=\"40\" rows=\"10\" class=\"wpcf7-form-control wpcf7-textarea wpcf7-validates-as-required\" aria-required=\"true\" aria-invalid=\"false\" name=\"your-message\"><\/textarea><\/span>\n<\/p>\n<p><input class=\"wpcf7-form-control has-spinner wpcf7-submit\" type=\"submit\" value=\"Enviar\" \/>\n<\/p><div class=\"wpcf7-response-output\" aria-hidden=\"true\"><\/div>\n<\/form>\n<\/div>\n<\/div>\n","protected":false},"excerpt":{"rendered":"","protected":false},"author":1,"featured_media":0,"parent":0,"menu_order":0,"comment_status":"closed","ping_status":"closed","template":"","meta":{"ngg_post_thumbnail":0,"_mi_skip_tracking":false},"yoast_head":"<!-- This site is optimized with the Yoast SEO plugin v20.2.1 - https:\/\/yoast.com\/wordpress\/plugins\/seo\/ -->\n<title>contactos | FIBRAMAR<\/title>\n<meta name=\"robots\" content=\"index, follow, max-snippet:-1, max-image-preview:large, max-video-preview:-1\" \/>\n<link rel=\"canonical\" href=\"https:\/\/www.fibramar.pt\/web\/es\/contactos\/\" \/>\n<meta property=\"og:locale\" content=\"es_ES\" \/>\n<meta property=\"og:type\" content=\"article\" \/>\n<meta property=\"og:title\" content=\"contactos | FIBRAMAR\" \/>\n<meta property=\"og:url\" content=\"https:\/\/www.fibramar.pt\/web\/es\/contactos\/\" \/>\n<meta property=\"og:site_name\" content=\"FIBRAMAR\" \/>\n<meta property=\"article:publisher\" content=\"https:\/\/www.facebook.com\/fibramar\" \/>\n<meta property=\"article:modified_time\" content=\"2015-09-26T18:05:37+00:00\" \/>\n<meta name=\"twitter:card\" content=\"summary_large_image\" \/>\n<script type=\"application\/ld+json\" class=\"yoast-schema-graph\">{\"@context\":\"https:\/\/schema.org\",\"@graph\":[{\"@type\":\"WebPage\",\"@id\":\"https:\/\/www.fibramar.pt\/web\/es\/contactos\/\",\"url\":\"https:\/\/www.fibramar.pt\/web\/es\/contactos\/\",\"name\":\"contactos | FIBRAMAR\",\"isPartOf\":{\"@id\":\"https:\/\/www.fibramar.pt\/web\/#website\"},\"datePublished\":\"2014-03-19T00:01:19+00:00\",\"dateModified\":\"2015-09-26T18:05:37+00:00\",\"breadcrumb\":{\"@id\":\"https:\/\/www.fibramar.pt\/web\/es\/contactos\/#breadcrumb\"},\"inLanguage\":\"es-ES\",\"potentialAction\":[{\"@type\":\"ReadAction\",\"target\":[\"https:\/\/www.fibramar.pt\/web\/es\/contactos\/\"]}]},{\"@type\":\"BreadcrumbList\",\"@id\":\"https:\/\/www.fibramar.pt\/web\/es\/contactos\/#breadcrumb\",\"itemListElement\":[{\"@type\":\"ListItem\",\"position\":1,\"name\":\"In\u00edcio\",\"item\":\"https:\/\/www.fibramar.pt\/web\/es\/\"},{\"@type\":\"ListItem\",\"position\":2,\"name\":\"contactos\"}]},{\"@type\":\"WebSite\",\"@id\":\"https:\/\/www.fibramar.pt\/web\/#website\",\"url\":\"https:\/\/www.fibramar.pt\/web\/\",\"name\":\":: FIBRAMAR\",\"description\":\"\",\"publisher\":{\"@id\":\"https:\/\/www.fibramar.pt\/web\/#organization\"},\"potentialAction\":[{\"@type\":\"SearchAction\",\"target\":{\"@type\":\"EntryPoint\",\"urlTemplate\":\"https:\/\/www.fibramar.pt\/web\/?s={search_term_string}\"},\"query-input\":\"required name=search_term_string\"}],\"inLanguage\":\"es-ES\"},{\"@type\":\"Organization\",\"@id\":\"https:\/\/www.fibramar.pt\/web\/#organization\",\"name\":\"Fibramar\",\"url\":\"https:\/\/www.fibramar.pt\/web\/\",\"logo\":{\"@type\":\"ImageObject\",\"inLanguage\":\"es-ES\",\"@id\":\"https:\/\/www.fibramar.pt\/web\/#\/schema\/logo\/image\/\",\"url\":\"https:\/\/www.fibramar.pt\/web\/wp-content\/uploads\/2014\/03\/logo_fibramar.png\",\"contentUrl\":\"https:\/\/www.fibramar.pt\/web\/wp-content\/uploads\/2014\/03\/logo_fibramar.png\",\"width\":323,\"height\":77,\"caption\":\"Fibramar\"},\"image\":{\"@id\":\"https:\/\/www.fibramar.pt\/web\/#\/schema\/logo\/image\/\"},\"sameAs\":[\"https:\/\/www.facebook.com\/fibramar\",\"https:\/\/www.instagram.com\/fibramar\",\"https:\/\/www.pinterest.pt\/fibramar\",\"https:\/\/www.youtube.com\/fibramarboats\"]}]}<\/script>\n<!-- \/ Yoast SEO plugin. -->","yoast_head_json":{"title":"contactos | FIBRAMAR","robots":{"index":"index","follow":"follow","max-snippet":"max-snippet:-1","max-image-preview":"max-image-preview:large","max-video-preview":"max-video-preview:-1"},"canonical":"https:\/\/www.fibramar.pt\/web\/es\/contactos\/","og_locale":"es_ES","og_type":"article","og_title":"contactos | FIBRAMAR","og_url":"https:\/\/www.fibramar.pt\/web\/es\/contactos\/","og_site_name":"FIBRAMAR","article_publisher":"https:\/\/www.facebook.com\/fibramar","article_modified_time":"2015-09-26T18:05:37+00:00","twitter_card":"summary_large_image","schema":{"@context":"https:\/\/schema.org","@graph":[{"@type":"WebPage","@id":"https:\/\/www.fibramar.pt\/web\/es\/contactos\/","url":"https:\/\/www.fibramar.pt\/web\/es\/contactos\/","name":"contactos | FIBRAMAR","isPartOf":{"@id":"https:\/\/www.fibramar.pt\/web\/#website"},"datePublished":"2014-03-19T00:01:19+00:00","dateModified":"2015-09-26T18:05:37+00:00","breadcrumb":{"@id":"https:\/\/www.fibramar.pt\/web\/es\/contactos\/#breadcrumb"},"inLanguage":"es-ES","potentialAction":[{"@type":"ReadAction","target":["https:\/\/www.fibramar.pt\/web\/es\/contactos\/"]}]},{"@type":"BreadcrumbList","@id":"https:\/\/www.fibramar.pt\/web\/es\/contactos\/#breadcrumb","itemListElement":[{"@type":"ListItem","position":1,"name":"In\u00edcio","item":"https:\/\/www.fibramar.pt\/web\/es\/"},{"@type":"ListItem","position":2,"name":"contactos"}]},{"@type":"WebSite","@id":"https:\/\/www.fibramar.pt\/web\/#website","url":"https:\/\/www.fibramar.pt\/web\/","name":":: FIBRAMAR","description":"","publisher":{"@id":"https:\/\/www.fibramar.pt\/web\/#organization"},"potentialAction":[{"@type":"SearchAction","target":{"@type":"EntryPoint","urlTemplate":"https:\/\/www.fibramar.pt\/web\/?s={search_term_string}"},"query-input":"required name=search_term_string"}],"inLanguage":"es-ES"},{"@type":"Organization","@id":"https:\/\/www.fibramar.pt\/web\/#organization","name":"Fibramar","url":"https:\/\/www.fibramar.pt\/web\/","logo":{"@type":"ImageObject","inLanguage":"es-ES","@id":"https:\/\/www.fibramar.pt\/web\/#\/schema\/logo\/image\/","url":"https:\/\/www.fibramar.pt\/web\/wp-content\/uploads\/2014\/03\/logo_fibramar.png","contentUrl":"https:\/\/www.fibramar.pt\/web\/wp-content\/uploads\/2014\/03\/logo_fibramar.png","width":323,"height":77,"caption":"Fibramar"},"image":{"@id":"https:\/\/www.fibramar.pt\/web\/#\/schema\/logo\/image\/"},"sameAs":["https:\/\/www.facebook.com\/fibramar","https:\/\/www.instagram.com\/fibramar","https:\/\/www.pinterest.pt\/fibramar","https:\/\/www.youtube.com\/fibramarboats"]}]}},"_links":{"self":[{"href":"https:\/\/www.fibramar.pt\/web\/es\/wp-json\/wp\/v2\/pages\/713"}],"collection":[{"href":"https:\/\/www.fibramar.pt\/web\/es\/wp-json\/wp\/v2\/pages"}],"about":[{"href":"https:\/\/www.fibramar.pt\/web\/es\/wp-json\/wp\/v2\/types\/page"}],"author":[{"embeddable":true,"href":"https:\/\/www.fibramar.pt\/web\/es\/wp-json\/wp\/v2\/users\/1"}],"replies":[{"embeddable":true,"href":"https:\/\/www.fibramar.pt\/web\/es\/wp-json\/wp\/v2\/comments?post=713"}],"version-history":[{"count":2,"href":"https:\/\/www.fibramar.pt\/web\/es\/wp-json\/wp\/v2\/pages\/713\/revisions"}],"predecessor-version":[{"id":1865,"href":"https:\/\/www.fibramar.pt\/web\/es\/wp-json\/wp\/v2\/pages\/713\/revisions\/1865"}],"wp:attachment":[{"href":"https:\/\/www.fibramar.pt\/web\/es\/wp-json\/wp\/v2\/media?parent=713"}],"curies":[{"name":"wp","href":"https:\/\/api.w.org\/{rel}","templated":true}]}}