{"id":725,"date":"2014-03-19T00:05:03","date_gmt":"2014-03-19T00:05:03","guid":{"rendered":"http:\/\/www.fibramar.pt\/web\/?page_id=725"},"modified":"2015-09-26T18:07:36","modified_gmt":"2015-09-26T18:07:36","slug":"empresa","status":"publish","type":"page","link":"https:\/\/www.fibramar.pt\/web\/es\/empresa\/","title":{"rendered":"empresa"},"content":{"rendered":"<p><!-- START REVOLUTION SLIDER 4.3.5 fullwidth mode -->\n\n<div id=\"rev_slider_1_1_wrapper\" class=\"rev_slider_wrapper fullwidthbanner-container\" style=\"margin:0px auto;background-color:#E9E9E9;padding:0px;margin-top:0px;margin-bottom:0px;max-height:450px;\">\n\t<div id=\"rev_slider_1_1\" class=\"rev_slider fullwidthabanner\" style=\"display:none;max-height:450px;height:450;\">\n<ul>\t<!-- SLIDE  -->\n\t<li data-transition=\"random\" data-slotamount=\"7\" >\n\t\t<!-- MAIN IMAGE -->\n\t\t<img src=\"https:\/\/www.fibramar.pt\/web\/wp-content\/uploads\/2014\/03\/empresa1.jpg\"  alt=\"empresa1\"  data-bgposition=\"center top\" data-bgfit=\"cover\" data-bgrepeat=\"no-repeat\">\n\t\t<!-- LAYERS -->\n\t<\/li>\n\t<!-- SLIDE  -->\n\t<li data-transition=\"random\" data-slotamount=\"7\" >\n\t\t<!-- MAIN IMAGE -->\n\t\t<img src=\"https:\/\/www.fibramar.pt\/web\/wp-content\/uploads\/2014\/03\/empresa2.jpg\"  alt=\"empresa2\"  data-bgposition=\"center top\" data-bgfit=\"cover\" data-bgrepeat=\"no-repeat\">\n\t\t<!-- LAYERS -->\n\t<\/li>\n\t<!-- SLIDE  -->\n\t<li data-transition=\"random\" data-slotamount=\"7\" >\n\t\t<!-- MAIN IMAGE -->\n\t\t<img src=\"https:\/\/www.fibramar.pt\/web\/wp-content\/uploads\/2014\/03\/empresa3.jpg\"  alt=\"empresa3\"  data-bgposition=\"center top\" data-bgfit=\"cover\" data-bgrepeat=\"no-repeat\">\n\t\t<!-- LAYERS -->\n\t<\/li>\n<\/ul>\n<div class=\"tp-bannertimer\"><\/div>\t<\/div>\n<\/div>\t\t\t\r\n\t\t\t<script type=\"text\/javascript\">\r\n\r\n\t\t\t\tvar tpj=jQuery;\t\t\t\t\r\n\t\t\t\ttpj.noConflict();\t\t\t\t\r\n\t\t\t\tvar revapi1;\r\n\t\t\t\t\r\n\t\t\t\ttpj(document).ready(function() {\r\n\t\t\t\t\t\t\t\t\r\n\t\t\t\tif(tpj('#rev_slider_1_1').revolution == undefined)\r\n\t\t\t\t\trevslider_showDoubleJqueryError('#rev_slider_1_1');\r\n\t\t\t\telse\r\n\t\t\t\t   revapi1 = tpj('#rev_slider_1_1').show().revolution(\r\n\t\t\t\t\t{\r\n\t\t\t\t\t\tdottedOverlay:\"none\",\r\n\t\t\t\t\t\tdelay:9000,\r\n\t\t\t\t\t\tstartwidth:960,\r\n\t\t\t\t\t\tstartheight:450,\r\n\t\t\t\t\t\thideThumbs:200,\r\n\t\t\t\t\t\t\r\n\t\t\t\t\t\tthumbWidth:100,\r\n\t\t\t\t\t\tthumbHeight:50,\r\n\t\t\t\t\t\tthumbAmount:3,\r\n\t\t\t\t\t\t\r\n\t\t\t\t\t\tnavigationType:\"bullet\",\r\n\t\t\t\t\t\tnavigationArrows:\"solo\",\r\n\t\t\t\t\t\tnavigationStyle:\"round\",\r\n\t\t\t\t\t\t\r\n\t\t\t\t\t\ttouchenabled:\"on\",\r\n\t\t\t\t\t\tonHoverStop:\"on\",\r\n\t\t\t\t\t\t\r\n\t\t\t\t\t\tswipe_velocity: 0.7,\r\n\t\t\t\t\t\tswipe_min_touches: 1,\r\n\t\t\t\t\t\tswipe_max_touches: 1,\r\n\t\t\t\t\t\tdrag_block_vertical: false,\r\n\t\t\t\t\t\t\t\t\t\t\t\t\r\n\t\t\t\t\t\tkeyboardNavigation:\"off\",\r\n\t\t\t\t\t\t\r\n\t\t\t\t\t\tnavigationHAlign:\"center\",\r\n\t\t\t\t\t\tnavigationVAlign:\"bottom\",\r\n\t\t\t\t\t\tnavigationHOffset:0,\r\n\t\t\t\t\t\tnavigationVOffset:20,\r\n\r\n\t\t\t\t\t\tsoloArrowLeftHalign:\"left\",\r\n\t\t\t\t\t\tsoloArrowLeftValign:\"center\",\r\n\t\t\t\t\t\tsoloArrowLeftHOffset:20,\r\n\t\t\t\t\t\tsoloArrowLeftVOffset:0,\r\n\r\n\t\t\t\t\t\tsoloArrowRightHalign:\"right\",\r\n\t\t\t\t\t\tsoloArrowRightValign:\"center\",\r\n\t\t\t\t\t\tsoloArrowRightHOffset:20,\r\n\t\t\t\t\t\tsoloArrowRightVOffset:0,\r\n\t\t\t\t\t\t\t\t\r\n\t\t\t\t\t\tshadow:2,\r\n\t\t\t\t\t\tfullWidth:\"on\",\r\n\t\t\t\t\t\tfullScreen:\"off\",\r\n\r\n\t\t\t\t\t\tspinner:\"spinner0\",\r\n\t\t\t\t\t\t\r\n\t\t\t\t\t\tstopLoop:\"off\",\r\n\t\t\t\t\t\tstopAfterLoops:-1,\r\n\t\t\t\t\t\tstopAtSlide:-1,\r\n\r\n\t\t\t\t\t\t\r\n\t\t\t\t\t\tshuffle:\"off\",\r\n\t\t\t\t\t\t\r\n\t\t\t\t\t\tautoHeight:\"off\",\t\t\t\t\t\t\r\n\t\t\t\t\t\tforceFullWidth:\"off\",\t\t\t\t\t\t\r\n\t\t\t\t\t\t\t\t\t\t\t\t\r\n\t\t\t\t\t\t\t\t\t\t\t\t\r\n\t\t\t\t\t\t\t\t\t\t\t\t\r\n\t\t\t\t\t\thideThumbsOnMobile:\"off\",\r\n\t\t\t\t\t\thideNavDelayOnMobile:1500,\t\t\t\t\t\thideBulletsOnMobile:\"off\",\r\n\t\t\t\t\t\thideArrowsOnMobile:\"off\",\r\n\t\t\t\t\t\thideThumbsUnderResolution:0,\r\n\t\t\t\t\t\t\r\n\t\t\t\t\t\thideSliderAtLimit:0,\r\n\t\t\t\t\t\thideCaptionAtLimit:0,\r\n\t\t\t\t\t\thideAllCaptionAtLilmit:0,\r\n\t\t\t\t\t\tstartWithSlide:0,\r\n\t\t\t\t\t\tvideoJsPath:\"https:\/\/www.fibramar.pt\/web\/wp-content\/plugins\/revslider\/rs-plugin\/videojs\/\",\r\n\t\t\t\t\t\tfullScreenOffsetContainer: \"\"\t\r\n\t\t\t\t\t});\r\n\t\t\t\t\r\n\t\t\t\t});\t\/\/ready\r\n\t\t\t\t\r\n\t\t\t<\/script>\r\n\t\t\t\r\n\t\t\t<!-- END REVOLUTION SLIDER --><br \/>\n&nbsp;<br \/>\n&nbsp;<br \/>\nFundada en 1978 en Peniche (Portugal), Fibramar se estableci\u00f3 r\u00e1pidamente como un importante constructor de barcos dirigidos al la pesca recreativa y profesional.<\/p>\n<p>En 1990 la empresa se traslad\u00f3 a la Zona Industrial de Vale do Grou, ocupando nuevas instalaciones con 2500 metros cuadrados de superficie cubierta y aumentando su capacidad de producci\u00f3n.<\/p>\n<p>Para seguir este cambio, Fibramar se convirti\u00f3 en una marca registrada y sus modelos de certificaci\u00f3n CE, mejorando a\u00fan m\u00e1s su prestigio.<\/p>\n<p>Con la experiencia adquirida a lo largo de los a\u00f1os y con el fin de seguir la evoluci\u00f3n del exigente sector naval, la gama de modelos disponibles se increment\u00f3 y renov\u00f3. Fibramar actualmente fabrica 23 modelos de barcos que van desde los 2,30 hasta 9 metros usando s\u00f3lo mano de obra local calificada.<\/p>\n<p>La venta de esta producci\u00f3n se realiza a nivel nacional por 20 agentes que son capaces de ofrecer todo el servicio post-venta apoyados por la f\u00e1brica que ofrece una garant\u00eda de 2 a\u00f1os contra cualquier defecto de fabricaci\u00f3n.<\/p>\n<p>El \u00e9xito de Fibramar est\u00e1 creciendo especialmente en los mercados internacionales, donde Fibramar est\u00e1 presente a trav\u00e9s de distribuidores en Espa\u00f1a, Francia, Inglaterra y Suiza.<br \/>\n&nbsp;<\/p>\n","protected":false},"excerpt":{"rendered":"<p>&nbsp; &nbsp; Fundada en 1978 en Peniche (Portugal), Fibramar se estableci\u00f3 r\u00e1pidamente como un importante constructor de barcos dirigidos al la pesca recreativa y profesional. En 1990 la empresa se traslad\u00f3 a la Zona Industrial de Vale do Grou, ocupando nuevas instalaciones con 2500 metros cuadrados de superficie cubierta y aumentando su capacidad de producci\u00f3n. [&hellip;]<\/p>\n","protected":false},"author":1,"featured_media":0,"parent":0,"menu_order":0,"comment_status":"closed","ping_status":"closed","template":"","meta":{"ngg_post_thumbnail":0,"_mi_skip_tracking":false},"yoast_head":"<!-- This site is optimized with the Yoast SEO plugin v20.2.1 - https:\/\/yoast.com\/wordpress\/plugins\/seo\/ -->\n<title>empresa | FIBRAMAR<\/title>\n<meta name=\"robots\" content=\"index, follow, max-snippet:-1, max-image-preview:large, max-video-preview:-1\" \/>\n<link rel=\"canonical\" href=\"https:\/\/www.fibramar.pt\/web\/es\/empresa\/\" \/>\n<meta property=\"og:locale\" content=\"es_ES\" \/>\n<meta property=\"og:type\" content=\"article\" \/>\n<meta property=\"og:title\" content=\"empresa | FIBRAMAR\" \/>\n<meta property=\"og:description\" content=\"&nbsp; &nbsp; Fundada en 1978 en Peniche (Portugal), Fibramar se estableci\u00f3 r\u00e1pidamente como un importante constructor de barcos dirigidos al la pesca recreativa y profesional. En 1990 la empresa se traslad\u00f3 a la Zona Industrial de Vale do Grou, ocupando nuevas instalaciones con 2500 metros cuadrados de superficie cubierta y aumentando su capacidad de producci\u00f3n. [&hellip;]\" \/>\n<meta property=\"og:url\" content=\"https:\/\/www.fibramar.pt\/web\/es\/empresa\/\" \/>\n<meta property=\"og:site_name\" content=\"FIBRAMAR\" \/>\n<meta property=\"article:publisher\" content=\"https:\/\/www.facebook.com\/fibramar\" \/>\n<meta property=\"article:modified_time\" content=\"2015-09-26T18:07:36+00:00\" \/>\n<meta name=\"twitter:card\" content=\"summary_large_image\" \/>\n<meta name=\"twitter:label1\" content=\"Est. reading time\" \/>\n\t<meta name=\"twitter:data1\" content=\"1 minute\" \/>\n<script type=\"application\/ld+json\" class=\"yoast-schema-graph\">{\"@context\":\"https:\/\/schema.org\",\"@graph\":[{\"@type\":\"WebPage\",\"@id\":\"https:\/\/www.fibramar.pt\/web\/es\/empresa\/\",\"url\":\"https:\/\/www.fibramar.pt\/web\/es\/empresa\/\",\"name\":\"empresa | FIBRAMAR\",\"isPartOf\":{\"@id\":\"https:\/\/www.fibramar.pt\/web\/#website\"},\"datePublished\":\"2014-03-19T00:05:03+00:00\",\"dateModified\":\"2015-09-26T18:07:36+00:00\",\"breadcrumb\":{\"@id\":\"https:\/\/www.fibramar.pt\/web\/es\/empresa\/#breadcrumb\"},\"inLanguage\":\"es-ES\",\"potentialAction\":[{\"@type\":\"ReadAction\",\"target\":[\"https:\/\/www.fibramar.pt\/web\/es\/empresa\/\"]}]},{\"@type\":\"BreadcrumbList\",\"@id\":\"https:\/\/www.fibramar.pt\/web\/es\/empresa\/#breadcrumb\",\"itemListElement\":[{\"@type\":\"ListItem\",\"position\":1,\"name\":\"In\u00edcio\",\"item\":\"https:\/\/www.fibramar.pt\/web\/es\/\"},{\"@type\":\"ListItem\",\"position\":2,\"name\":\"empresa\"}]},{\"@type\":\"WebSite\",\"@id\":\"https:\/\/www.fibramar.pt\/web\/#website\",\"url\":\"https:\/\/www.fibramar.pt\/web\/\",\"name\":\":: FIBRAMAR\",\"description\":\"\",\"publisher\":{\"@id\":\"https:\/\/www.fibramar.pt\/web\/#organization\"},\"potentialAction\":[{\"@type\":\"SearchAction\",\"target\":{\"@type\":\"EntryPoint\",\"urlTemplate\":\"https:\/\/www.fibramar.pt\/web\/?s={search_term_string}\"},\"query-input\":\"required name=search_term_string\"}],\"inLanguage\":\"es-ES\"},{\"@type\":\"Organization\",\"@id\":\"https:\/\/www.fibramar.pt\/web\/#organization\",\"name\":\"Fibramar\",\"url\":\"https:\/\/www.fibramar.pt\/web\/\",\"logo\":{\"@type\":\"ImageObject\",\"inLanguage\":\"es-ES\",\"@id\":\"https:\/\/www.fibramar.pt\/web\/#\/schema\/logo\/image\/\",\"url\":\"https:\/\/www.fibramar.pt\/web\/wp-content\/uploads\/2014\/03\/logo_fibramar.png\",\"contentUrl\":\"https:\/\/www.fibramar.pt\/web\/wp-content\/uploads\/2014\/03\/logo_fibramar.png\",\"width\":323,\"height\":77,\"caption\":\"Fibramar\"},\"image\":{\"@id\":\"https:\/\/www.fibramar.pt\/web\/#\/schema\/logo\/image\/\"},\"sameAs\":[\"https:\/\/www.facebook.com\/fibramar\",\"https:\/\/www.instagram.com\/fibramar\",\"https:\/\/www.pinterest.pt\/fibramar\",\"https:\/\/www.youtube.com\/fibramarboats\"]}]}<\/script>\n<!-- \/ Yoast SEO plugin. -->","yoast_head_json":{"title":"empresa | FIBRAMAR","robots":{"index":"index","follow":"follow","max-snippet":"max-snippet:-1","max-image-preview":"max-image-preview:large","max-video-preview":"max-video-preview:-1"},"canonical":"https:\/\/www.fibramar.pt\/web\/es\/empresa\/","og_locale":"es_ES","og_type":"article","og_title":"empresa | FIBRAMAR","og_description":"&nbsp; &nbsp; Fundada en 1978 en Peniche (Portugal), Fibramar se estableci\u00f3 r\u00e1pidamente como un importante constructor de barcos dirigidos al la pesca recreativa y profesional. En 1990 la empresa se traslad\u00f3 a la Zona Industrial de Vale do Grou, ocupando nuevas instalaciones con 2500 metros cuadrados de superficie cubierta y aumentando su capacidad de producci\u00f3n. [&hellip;]","og_url":"https:\/\/www.fibramar.pt\/web\/es\/empresa\/","og_site_name":"FIBRAMAR","article_publisher":"https:\/\/www.facebook.com\/fibramar","article_modified_time":"2015-09-26T18:07:36+00:00","twitter_card":"summary_large_image","twitter_misc":{"Est. reading time":"1 minute"},"schema":{"@context":"https:\/\/schema.org","@graph":[{"@type":"WebPage","@id":"https:\/\/www.fibramar.pt\/web\/es\/empresa\/","url":"https:\/\/www.fibramar.pt\/web\/es\/empresa\/","name":"empresa | FIBRAMAR","isPartOf":{"@id":"https:\/\/www.fibramar.pt\/web\/#website"},"datePublished":"2014-03-19T00:05:03+00:00","dateModified":"2015-09-26T18:07:36+00:00","breadcrumb":{"@id":"https:\/\/www.fibramar.pt\/web\/es\/empresa\/#breadcrumb"},"inLanguage":"es-ES","potentialAction":[{"@type":"ReadAction","target":["https:\/\/www.fibramar.pt\/web\/es\/empresa\/"]}]},{"@type":"BreadcrumbList","@id":"https:\/\/www.fibramar.pt\/web\/es\/empresa\/#breadcrumb","itemListElement":[{"@type":"ListItem","position":1,"name":"In\u00edcio","item":"https:\/\/www.fibramar.pt\/web\/es\/"},{"@type":"ListItem","position":2,"name":"empresa"}]},{"@type":"WebSite","@id":"https:\/\/www.fibramar.pt\/web\/#website","url":"https:\/\/www.fibramar.pt\/web\/","name":":: FIBRAMAR","description":"","publisher":{"@id":"https:\/\/www.fibramar.pt\/web\/#organization"},"potentialAction":[{"@type":"SearchAction","target":{"@type":"EntryPoint","urlTemplate":"https:\/\/www.fibramar.pt\/web\/?s={search_term_string}"},"query-input":"required name=search_term_string"}],"inLanguage":"es-ES"},{"@type":"Organization","@id":"https:\/\/www.fibramar.pt\/web\/#organization","name":"Fibramar","url":"https:\/\/www.fibramar.pt\/web\/","logo":{"@type":"ImageObject","inLanguage":"es-ES","@id":"https:\/\/www.fibramar.pt\/web\/#\/schema\/logo\/image\/","url":"https:\/\/www.fibramar.pt\/web\/wp-content\/uploads\/2014\/03\/logo_fibramar.png","contentUrl":"https:\/\/www.fibramar.pt\/web\/wp-content\/uploads\/2014\/03\/logo_fibramar.png","width":323,"height":77,"caption":"Fibramar"},"image":{"@id":"https:\/\/www.fibramar.pt\/web\/#\/schema\/logo\/image\/"},"sameAs":["https:\/\/www.facebook.com\/fibramar","https:\/\/www.instagram.com\/fibramar","https:\/\/www.pinterest.pt\/fibramar","https:\/\/www.youtube.com\/fibramarboats"]}]}},"_links":{"self":[{"href":"https:\/\/www.fibramar.pt\/web\/es\/wp-json\/wp\/v2\/pages\/725"}],"collection":[{"href":"https:\/\/www.fibramar.pt\/web\/es\/wp-json\/wp\/v2\/pages"}],"about":[{"href":"https:\/\/www.fibramar.pt\/web\/es\/wp-json\/wp\/v2\/types\/page"}],"author":[{"embeddable":true,"href":"https:\/\/www.fibramar.pt\/web\/es\/wp-json\/wp\/v2\/users\/1"}],"replies":[{"embeddable":true,"href":"https:\/\/www.fibramar.pt\/web\/es\/wp-json\/wp\/v2\/comments?post=725"}],"version-history":[{"count":3,"href":"https:\/\/www.fibramar.pt\/web\/es\/wp-json\/wp\/v2\/pages\/725\/revisions"}],"predecessor-version":[{"id":1867,"href":"https:\/\/www.fibramar.pt\/web\/es\/wp-json\/wp\/v2\/pages\/725\/revisions\/1867"}],"wp:attachment":[{"href":"https:\/\/www.fibramar.pt\/web\/es\/wp-json\/wp\/v2\/media?parent=725"}],"curies":[{"name":"wp","href":"https:\/\/api.w.org\/{rel}","templated":true}]}}