{"id":735,"date":"2014-03-19T00:07:49","date_gmt":"2014-03-19T00:07:49","guid":{"rendered":"http:\/\/www.fibramar.pt\/web\/?page_id=735"},"modified":"2017-03-22T18:34:08","modified_gmt":"2017-03-22T18:34:08","slug":"qualite","status":"publish","type":"page","link":"https:\/\/www.fibramar.pt\/web\/fr\/qualite\/","title":{"rendered":"qualit\u00e9"},"content":{"rendered":"<p><!-- START REVOLUTION SLIDER 4.3.5 fullwidth mode -->\n\n<div id=\"rev_slider_2_1_wrapper\" class=\"rev_slider_wrapper fullwidthbanner-container\" style=\"margin:0px auto;background-color:#E9E9E9;padding:0px;margin-top:0px;margin-bottom:0px;max-height:450px;\">\n\t<div id=\"rev_slider_2_1\" class=\"rev_slider fullwidthabanner\" style=\"display:none;max-height:450px;height:450;\">\n<ul>\t<!-- SLIDE  -->\n\t<li data-transition=\"random\" data-slotamount=\"7\" data-masterspeed=\"300\" >\n\t\t<!-- MAIN IMAGE -->\n\t\t<img src=\"https:\/\/www.fibramar.pt\/web\/wp-content\/uploads\/2014\/11\/grid3.jpg\"  alt=\"grid3\"  data-bgposition=\"center top\" data-bgfit=\"cover\" data-bgrepeat=\"no-repeat\">\n\t\t<!-- LAYERS -->\n\t<\/li>\n\t<!-- SLIDE  -->\n\t<li data-transition=\"random\" data-slotamount=\"7\" >\n\t\t<!-- MAIN IMAGE -->\n\t\t<img src=\"https:\/\/www.fibramar.pt\/web\/wp-content\/uploads\/2014\/03\/qualidade2.jpg\"  alt=\"qualidade2\"  data-bgposition=\"center top\" data-bgfit=\"cover\" data-bgrepeat=\"no-repeat\">\n\t\t<!-- LAYERS -->\n\t<\/li>\n\t<!-- SLIDE  -->\n\t<li data-transition=\"random\" data-slotamount=\"7\" >\n\t\t<!-- MAIN IMAGE -->\n\t\t<img src=\"https:\/\/www.fibramar.pt\/web\/wp-content\/uploads\/2014\/11\/grid4.jpg\"  alt=\"grid4\"  data-bgposition=\"center top\" data-bgfit=\"cover\" data-bgrepeat=\"no-repeat\">\n\t\t<!-- LAYERS -->\n\t<\/li>\n\t<!-- SLIDE  -->\n\t<li data-transition=\"random\" data-slotamount=\"7\" >\n\t\t<!-- MAIN IMAGE -->\n\t\t<img src=\"https:\/\/www.fibramar.pt\/web\/wp-content\/uploads\/2014\/11\/grid5.jpg\"  alt=\"grid5\"  data-bgposition=\"center top\" data-bgfit=\"cover\" data-bgrepeat=\"no-repeat\">\n\t\t<!-- LAYERS -->\n\t<\/li>\n\t<!-- SLIDE  -->\n\t<li data-transition=\"random\" data-slotamount=\"7\" >\n\t\t<!-- MAIN IMAGE -->\n\t\t<img src=\"https:\/\/www.fibramar.pt\/web\/wp-content\/uploads\/2014\/11\/grid6.jpg\"  alt=\"grid6\"  data-bgposition=\"center top\" data-bgfit=\"cover\" data-bgrepeat=\"no-repeat\">\n\t\t<!-- LAYERS -->\n\t<\/li>\n<\/ul>\n<div class=\"tp-bannertimer\"><\/div>\t<\/div>\n<\/div>\t\t\t\r\n\t\t\t<script type=\"text\/javascript\">\r\n\r\n\t\t\t\tvar tpj=jQuery;\t\t\t\t\r\n\t\t\t\ttpj.noConflict();\t\t\t\t\r\n\t\t\t\tvar revapi2;\r\n\t\t\t\t\r\n\t\t\t\ttpj(document).ready(function() {\r\n\t\t\t\t\t\t\t\t\r\n\t\t\t\tif(tpj('#rev_slider_2_1').revolution == undefined)\r\n\t\t\t\t\trevslider_showDoubleJqueryError('#rev_slider_2_1');\r\n\t\t\t\telse\r\n\t\t\t\t   revapi2 = tpj('#rev_slider_2_1').show().revolution(\r\n\t\t\t\t\t{\r\n\t\t\t\t\t\tdottedOverlay:\"none\",\r\n\t\t\t\t\t\tdelay:9000,\r\n\t\t\t\t\t\tstartwidth:960,\r\n\t\t\t\t\t\tstartheight:450,\r\n\t\t\t\t\t\thideThumbs:200,\r\n\t\t\t\t\t\t\r\n\t\t\t\t\t\tthumbWidth:100,\r\n\t\t\t\t\t\tthumbHeight:50,\r\n\t\t\t\t\t\tthumbAmount:5,\r\n\t\t\t\t\t\t\r\n\t\t\t\t\t\tnavigationType:\"bullet\",\r\n\t\t\t\t\t\tnavigationArrows:\"solo\",\r\n\t\t\t\t\t\tnavigationStyle:\"round\",\r\n\t\t\t\t\t\t\r\n\t\t\t\t\t\ttouchenabled:\"on\",\r\n\t\t\t\t\t\tonHoverStop:\"on\",\r\n\t\t\t\t\t\t\r\n\t\t\t\t\t\tswipe_velocity: 0.7,\r\n\t\t\t\t\t\tswipe_min_touches: 1,\r\n\t\t\t\t\t\tswipe_max_touches: 1,\r\n\t\t\t\t\t\tdrag_block_vertical: false,\r\n\t\t\t\t\t\t\t\t\t\t\t\t\r\n\t\t\t\t\t\tkeyboardNavigation:\"off\",\r\n\t\t\t\t\t\t\r\n\t\t\t\t\t\tnavigationHAlign:\"center\",\r\n\t\t\t\t\t\tnavigationVAlign:\"bottom\",\r\n\t\t\t\t\t\tnavigationHOffset:0,\r\n\t\t\t\t\t\tnavigationVOffset:20,\r\n\r\n\t\t\t\t\t\tsoloArrowLeftHalign:\"left\",\r\n\t\t\t\t\t\tsoloArrowLeftValign:\"center\",\r\n\t\t\t\t\t\tsoloArrowLeftHOffset:20,\r\n\t\t\t\t\t\tsoloArrowLeftVOffset:0,\r\n\r\n\t\t\t\t\t\tsoloArrowRightHalign:\"right\",\r\n\t\t\t\t\t\tsoloArrowRightValign:\"center\",\r\n\t\t\t\t\t\tsoloArrowRightHOffset:20,\r\n\t\t\t\t\t\tsoloArrowRightVOffset:0,\r\n\t\t\t\t\t\t\t\t\r\n\t\t\t\t\t\tshadow:2,\r\n\t\t\t\t\t\tfullWidth:\"on\",\r\n\t\t\t\t\t\tfullScreen:\"off\",\r\n\r\n\t\t\t\t\t\tspinner:\"spinner0\",\r\n\t\t\t\t\t\t\r\n\t\t\t\t\t\tstopLoop:\"off\",\r\n\t\t\t\t\t\tstopAfterLoops:-1,\r\n\t\t\t\t\t\tstopAtSlide:-1,\r\n\r\n\t\t\t\t\t\t\r\n\t\t\t\t\t\tshuffle:\"off\",\r\n\t\t\t\t\t\t\r\n\t\t\t\t\t\tautoHeight:\"off\",\t\t\t\t\t\t\r\n\t\t\t\t\t\tforceFullWidth:\"off\",\t\t\t\t\t\t\r\n\t\t\t\t\t\t\t\t\t\t\t\t\r\n\t\t\t\t\t\t\t\t\t\t\t\t\r\n\t\t\t\t\t\t\t\t\t\t\t\t\r\n\t\t\t\t\t\thideThumbsOnMobile:\"off\",\r\n\t\t\t\t\t\thideNavDelayOnMobile:1500,\t\t\t\t\t\thideBulletsOnMobile:\"off\",\r\n\t\t\t\t\t\thideArrowsOnMobile:\"off\",\r\n\t\t\t\t\t\thideThumbsUnderResolution:0,\r\n\t\t\t\t\t\t\r\n\t\t\t\t\t\thideSliderAtLimit:0,\r\n\t\t\t\t\t\thideCaptionAtLimit:0,\r\n\t\t\t\t\t\thideAllCaptionAtLilmit:0,\r\n\t\t\t\t\t\tstartWithSlide:0,\r\n\t\t\t\t\t\tvideoJsPath:\"https:\/\/www.fibramar.pt\/web\/wp-content\/plugins\/revslider\/rs-plugin\/videojs\/\",\r\n\t\t\t\t\t\tfullScreenOffsetContainer: \"\"\t\r\n\t\t\t\t\t});\r\n\t\t\t\t\r\n\t\t\t\t});\t\/\/ready\r\n\t\t\t\t\r\n\t\t\t<\/script>\r\n\t\t\t\r\n\t\t\t<!-- END REVOLUTION SLIDER --><br \/>\n&nbsp;<br \/>\n&nbsp;<br \/>\nFibramar produit leurs bateaux en plastique \u00e0 renfort de verre. Contrairement \u00e0 la tendance de l\u2019automatisation, la construction se fait manuellement depuis le roulant jusqu\u2019\u00e0 la finition des d\u00e9tails. De cette fa\u00e7on, nous proc\u00e9dons \u00e0 la mise au point des diff\u00e9rentes phases de production avec un soin particulier. L\u2019attention qui est accord\u00e9e \u00e0 chaque \u00e9tape permet depuis le d\u00e9but de la construction, nous pouvons faire les personnalisations qui r\u00e9pondent aux besoins individuels de chaque client.<\/p>\n<p>Le efffort de l\u2019\u00e9quipe technique avec des d\u00e9cennies d\u2019exp\u00e9rience a conduit \u00e0 associer la marque Fibramar une r\u00e9putation de robustesse et de fiabilit\u00e9. Ces professionnels sont constamment \u00e0 la recherche des moyens d\u2019am\u00e9liorer les produits et am\u00e9liorer les processus de fabrication afin de maximiser les r\u00e9sultats. Tous les mat\u00e9riaux utilis\u00e9s satisfont un haut niveau de qualit\u00e9.<\/p>\n<p>Les mod\u00e8les de&nbsp;Fibramar ont le certificat CE, en respectant les exigences de la stabilit\u00e9 et de la flottabilit\u00e9 de la directive 2013\/53\/UE.<\/p>\n<p>Actuellement, il n\u2019y a pas de bois ou de contreplaqu\u00e9 dans la structure des bateaux.<\/p>\n<p>Ces facteurs sont l\u2019engagement de la plus haute qualit\u00e9 et ont garanti le succ\u00e8s croissant de Fibramar, en particulier dans les march\u00e9s internationaux.<\/p>\n<p>Les lignes classiques et \u00e9l\u00e9gantes se combinent avec une performance, une haute stabilit\u00e9 et la s\u00e9curit\u00e9 dans le but de cr\u00e9er un bateau id\u00e9al pour les loisirs, la p\u00eache et autres activit\u00e9s nautiques.<\/p>\n<p>The classic and elegant lines combine with a high performance, stability and security in order to create an ideal boat for recreation, fishing and other water activities.<br \/>\n&nbsp;<\/p>\n","protected":false},"excerpt":{"rendered":"<p>&nbsp; &nbsp; Fibramar produit leurs bateaux en plastique \u00e0 renfort de verre. Contrairement \u00e0 la tendance de l\u2019automatisation, la construction se fait manuellement depuis le roulant jusqu\u2019\u00e0 la finition des d\u00e9tails. De cette fa\u00e7on, nous proc\u00e9dons \u00e0 la mise au point des diff\u00e9rentes phases de production avec un soin particulier. L\u2019attention qui est accord\u00e9e \u00e0 [&hellip;]<\/p>\n","protected":false},"author":1,"featured_media":0,"parent":0,"menu_order":0,"comment_status":"closed","ping_status":"closed","template":"","meta":{"ngg_post_thumbnail":0,"_mi_skip_tracking":false},"yoast_head":"<!-- This site is optimized with the Yoast SEO plugin v20.2.1 - https:\/\/yoast.com\/wordpress\/plugins\/seo\/ -->\n<title>qualit\u00e9 | FIBRAMAR<\/title>\n<meta name=\"robots\" content=\"index, follow, max-snippet:-1, max-image-preview:large, max-video-preview:-1\" \/>\n<link rel=\"canonical\" href=\"https:\/\/www.fibramar.pt\/web\/fr\/qualite\/\" \/>\n<meta property=\"og:locale\" content=\"fr_FR\" \/>\n<meta property=\"og:type\" content=\"article\" \/>\n<meta property=\"og:title\" content=\"qualit\u00e9 | FIBRAMAR\" \/>\n<meta property=\"og:description\" content=\"&nbsp; &nbsp; Fibramar produit leurs bateaux en plastique \u00e0 renfort de verre. Contrairement \u00e0 la tendance de l\u2019automatisation, la construction se fait manuellement depuis le roulant jusqu\u2019\u00e0 la finition des d\u00e9tails. De cette fa\u00e7on, nous proc\u00e9dons \u00e0 la mise au point des diff\u00e9rentes phases de production avec un soin particulier. L\u2019attention qui est accord\u00e9e \u00e0 [&hellip;]\" \/>\n<meta property=\"og:url\" content=\"https:\/\/www.fibramar.pt\/web\/fr\/qualite\/\" \/>\n<meta property=\"og:site_name\" content=\"FIBRAMAR\" \/>\n<meta property=\"article:publisher\" content=\"https:\/\/www.facebook.com\/fibramar\" \/>\n<meta property=\"article:modified_time\" content=\"2017-03-22T18:34:08+00:00\" \/>\n<meta name=\"twitter:card\" content=\"summary_large_image\" \/>\n<meta name=\"twitter:label1\" content=\"Est. reading time\" \/>\n\t<meta name=\"twitter:data1\" content=\"1 minute\" \/>\n<script type=\"application\/ld+json\" class=\"yoast-schema-graph\">{\"@context\":\"https:\/\/schema.org\",\"@graph\":[{\"@type\":\"WebPage\",\"@id\":\"https:\/\/www.fibramar.pt\/web\/fr\/qualite\/\",\"url\":\"https:\/\/www.fibramar.pt\/web\/fr\/qualite\/\",\"name\":\"qualit\u00e9 | FIBRAMAR\",\"isPartOf\":{\"@id\":\"https:\/\/www.fibramar.pt\/web\/#website\"},\"datePublished\":\"2014-03-19T00:07:49+00:00\",\"dateModified\":\"2017-03-22T18:34:08+00:00\",\"breadcrumb\":{\"@id\":\"https:\/\/www.fibramar.pt\/web\/fr\/qualite\/#breadcrumb\"},\"inLanguage\":\"fr-FR\",\"potentialAction\":[{\"@type\":\"ReadAction\",\"target\":[\"https:\/\/www.fibramar.pt\/web\/fr\/qualite\/\"]}]},{\"@type\":\"BreadcrumbList\",\"@id\":\"https:\/\/www.fibramar.pt\/web\/fr\/qualite\/#breadcrumb\",\"itemListElement\":[{\"@type\":\"ListItem\",\"position\":1,\"name\":\"In\u00edcio\",\"item\":\"https:\/\/www.fibramar.pt\/web\/fr\/\"},{\"@type\":\"ListItem\",\"position\":2,\"name\":\"qualit\u00e9\"}]},{\"@type\":\"WebSite\",\"@id\":\"https:\/\/www.fibramar.pt\/web\/#website\",\"url\":\"https:\/\/www.fibramar.pt\/web\/\",\"name\":\":: FIBRAMAR\",\"description\":\"\",\"publisher\":{\"@id\":\"https:\/\/www.fibramar.pt\/web\/#organization\"},\"potentialAction\":[{\"@type\":\"SearchAction\",\"target\":{\"@type\":\"EntryPoint\",\"urlTemplate\":\"https:\/\/www.fibramar.pt\/web\/?s={search_term_string}\"},\"query-input\":\"required name=search_term_string\"}],\"inLanguage\":\"fr-FR\"},{\"@type\":\"Organization\",\"@id\":\"https:\/\/www.fibramar.pt\/web\/#organization\",\"name\":\"Fibramar\",\"url\":\"https:\/\/www.fibramar.pt\/web\/\",\"logo\":{\"@type\":\"ImageObject\",\"inLanguage\":\"fr-FR\",\"@id\":\"https:\/\/www.fibramar.pt\/web\/#\/schema\/logo\/image\/\",\"url\":\"https:\/\/www.fibramar.pt\/web\/wp-content\/uploads\/2014\/03\/logo_fibramar.png\",\"contentUrl\":\"https:\/\/www.fibramar.pt\/web\/wp-content\/uploads\/2014\/03\/logo_fibramar.png\",\"width\":323,\"height\":77,\"caption\":\"Fibramar\"},\"image\":{\"@id\":\"https:\/\/www.fibramar.pt\/web\/#\/schema\/logo\/image\/\"},\"sameAs\":[\"https:\/\/www.facebook.com\/fibramar\",\"https:\/\/www.instagram.com\/fibramar\",\"https:\/\/www.pinterest.pt\/fibramar\",\"https:\/\/www.youtube.com\/fibramarboats\"]}]}<\/script>\n<!-- \/ Yoast SEO plugin. -->","yoast_head_json":{"title":"qualit\u00e9 | FIBRAMAR","robots":{"index":"index","follow":"follow","max-snippet":"max-snippet:-1","max-image-preview":"max-image-preview:large","max-video-preview":"max-video-preview:-1"},"canonical":"https:\/\/www.fibramar.pt\/web\/fr\/qualite\/","og_locale":"fr_FR","og_type":"article","og_title":"qualit\u00e9 | FIBRAMAR","og_description":"&nbsp; &nbsp; Fibramar produit leurs bateaux en plastique \u00e0 renfort de verre. Contrairement \u00e0 la tendance de l\u2019automatisation, la construction se fait manuellement depuis le roulant jusqu\u2019\u00e0 la finition des d\u00e9tails. De cette fa\u00e7on, nous proc\u00e9dons \u00e0 la mise au point des diff\u00e9rentes phases de production avec un soin particulier. L\u2019attention qui est accord\u00e9e \u00e0 [&hellip;]","og_url":"https:\/\/www.fibramar.pt\/web\/fr\/qualite\/","og_site_name":"FIBRAMAR","article_publisher":"https:\/\/www.facebook.com\/fibramar","article_modified_time":"2017-03-22T18:34:08+00:00","twitter_card":"summary_large_image","twitter_misc":{"Est. reading time":"1 minute"},"schema":{"@context":"https:\/\/schema.org","@graph":[{"@type":"WebPage","@id":"https:\/\/www.fibramar.pt\/web\/fr\/qualite\/","url":"https:\/\/www.fibramar.pt\/web\/fr\/qualite\/","name":"qualit\u00e9 | FIBRAMAR","isPartOf":{"@id":"https:\/\/www.fibramar.pt\/web\/#website"},"datePublished":"2014-03-19T00:07:49+00:00","dateModified":"2017-03-22T18:34:08+00:00","breadcrumb":{"@id":"https:\/\/www.fibramar.pt\/web\/fr\/qualite\/#breadcrumb"},"inLanguage":"fr-FR","potentialAction":[{"@type":"ReadAction","target":["https:\/\/www.fibramar.pt\/web\/fr\/qualite\/"]}]},{"@type":"BreadcrumbList","@id":"https:\/\/www.fibramar.pt\/web\/fr\/qualite\/#breadcrumb","itemListElement":[{"@type":"ListItem","position":1,"name":"In\u00edcio","item":"https:\/\/www.fibramar.pt\/web\/fr\/"},{"@type":"ListItem","position":2,"name":"qualit\u00e9"}]},{"@type":"WebSite","@id":"https:\/\/www.fibramar.pt\/web\/#website","url":"https:\/\/www.fibramar.pt\/web\/","name":":: FIBRAMAR","description":"","publisher":{"@id":"https:\/\/www.fibramar.pt\/web\/#organization"},"potentialAction":[{"@type":"SearchAction","target":{"@type":"EntryPoint","urlTemplate":"https:\/\/www.fibramar.pt\/web\/?s={search_term_string}"},"query-input":"required name=search_term_string"}],"inLanguage":"fr-FR"},{"@type":"Organization","@id":"https:\/\/www.fibramar.pt\/web\/#organization","name":"Fibramar","url":"https:\/\/www.fibramar.pt\/web\/","logo":{"@type":"ImageObject","inLanguage":"fr-FR","@id":"https:\/\/www.fibramar.pt\/web\/#\/schema\/logo\/image\/","url":"https:\/\/www.fibramar.pt\/web\/wp-content\/uploads\/2014\/03\/logo_fibramar.png","contentUrl":"https:\/\/www.fibramar.pt\/web\/wp-content\/uploads\/2014\/03\/logo_fibramar.png","width":323,"height":77,"caption":"Fibramar"},"image":{"@id":"https:\/\/www.fibramar.pt\/web\/#\/schema\/logo\/image\/"},"sameAs":["https:\/\/www.facebook.com\/fibramar","https:\/\/www.instagram.com\/fibramar","https:\/\/www.pinterest.pt\/fibramar","https:\/\/www.youtube.com\/fibramarboats"]}]}},"_links":{"self":[{"href":"https:\/\/www.fibramar.pt\/web\/fr\/wp-json\/wp\/v2\/pages\/735"}],"collection":[{"href":"https:\/\/www.fibramar.pt\/web\/fr\/wp-json\/wp\/v2\/pages"}],"about":[{"href":"https:\/\/www.fibramar.pt\/web\/fr\/wp-json\/wp\/v2\/types\/page"}],"author":[{"embeddable":true,"href":"https:\/\/www.fibramar.pt\/web\/fr\/wp-json\/wp\/v2\/users\/1"}],"replies":[{"embeddable":true,"href":"https:\/\/www.fibramar.pt\/web\/fr\/wp-json\/wp\/v2\/comments?post=735"}],"version-history":[{"count":2,"href":"https:\/\/www.fibramar.pt\/web\/fr\/wp-json\/wp\/v2\/pages\/735\/revisions"}],"predecessor-version":[{"id":2495,"href":"https:\/\/www.fibramar.pt\/web\/fr\/wp-json\/wp\/v2\/pages\/735\/revisions\/2495"}],"wp:attachment":[{"href":"https:\/\/www.fibramar.pt\/web\/fr\/wp-json\/wp\/v2\/media?parent=735"}],"curies":[{"name":"wp","href":"https:\/\/api.w.org\/{rel}","templated":true}]}}