{"id":1322,"date":"2015-02-01T16:33:15","date_gmt":"2015-02-01T16:33:15","guid":{"rendered":"http:\/\/www.fibramar.pt\/web\/?page_id=1322"},"modified":"2023-03-09T10:44:33","modified_gmt":"2023-03-09T10:44:33","slug":"600-pescador-cabina-central","status":"publish","type":"page","link":"https:\/\/www.fibramar.pt\/web\/600-pescador-cabina-central\/","title":{"rendered":"600 Pescador (cabina central)"},"content":{"rendered":"<div\n\tclass=\"ngg-galleryoverview ngg-ajax-pagination-none\"\n\tid=\"ngg-gallery-e865ad1ae42b43c8a0a3462e12a19889-1\">\n\n    \t\t<!-- Thumbnails -->\n\t\t\t\t<div id=\"ngg-image-0\" class=\"ngg-gallery-thumbnail-box\" >\n\t\t\t\t        <div class=\"ngg-gallery-thumbnail\">\n            <a href=\"https:\/\/www.fibramar.pt\/web\/wp-content\/gallery\/600cabinacentral\/600t_1.jpg\"\n               title=\"\"\n               data-src=\"https:\/\/www.fibramar.pt\/web\/wp-content\/gallery\/600cabinacentral\/600t_1.jpg\"\n               data-thumbnail=\"https:\/\/www.fibramar.pt\/web\/wp-content\/gallery\/600cabinacentral\/thumbs\/thumbs_600t_1.jpg\"\n               data-image-id=\"303\"\n               data-title=\"600t_1\"\n               data-description=\"\"\n               data-image-slug=\"600t_1\"\n               >\n                <img\n                    title=\"600t_1\"\n                    alt=\"600t_1\"\n                    src=\"https:\/\/www.fibramar.pt\/web\/wp-content\/gallery\/600cabinacentral\/dynamic\/600t_1.jpg-nggid03303-ngg0dyn-360x240x100-00f0w010c010r110f110r010t010.jpg\"\n                    width=\"360\"\n                    height=\"240\"\n                    style=\"max-width:100%;\"\n                \/>\n            <\/a>\n        <\/div>\n\t\t\t\t\t\t\t<\/div> \n\t\t\t\n        \n\t\t\t\t<div id=\"ngg-image-1\" class=\"ngg-gallery-thumbnail-box\" >\n\t\t\t\t        <div class=\"ngg-gallery-thumbnail\">\n            <a href=\"https:\/\/www.fibramar.pt\/web\/wp-content\/gallery\/600cabinacentral\/600t_2.jpg\"\n               title=\"\"\n               data-src=\"https:\/\/www.fibramar.pt\/web\/wp-content\/gallery\/600cabinacentral\/600t_2.jpg\"\n               data-thumbnail=\"https:\/\/www.fibramar.pt\/web\/wp-content\/gallery\/600cabinacentral\/thumbs\/thumbs_600t_2.jpg\"\n               data-image-id=\"304\"\n               data-title=\"600t_2\"\n               data-description=\"\"\n               data-image-slug=\"600t_2\"\n               >\n                <img\n                    title=\"600t_2\"\n                    alt=\"600t_2\"\n                    src=\"https:\/\/www.fibramar.pt\/web\/wp-content\/gallery\/600cabinacentral\/dynamic\/600t_2.jpg-nggid03304-ngg0dyn-360x240x100-00f0w010c010r110f110r010t010.jpg\"\n                    width=\"360\"\n                    height=\"240\"\n                    style=\"max-width:100%;\"\n                \/>\n            <\/a>\n        <\/div>\n\t\t\t\t\t\t\t<\/div> \n\t\t\t\n        \n\t\t\t\t<div id=\"ngg-image-2\" class=\"ngg-gallery-thumbnail-box\" >\n\t\t\t\t        <div class=\"ngg-gallery-thumbnail\">\n            <a href=\"https:\/\/www.fibramar.pt\/web\/wp-content\/gallery\/600cabinacentral\/600t_3.jpg\"\n               title=\"\"\n               data-src=\"https:\/\/www.fibramar.pt\/web\/wp-content\/gallery\/600cabinacentral\/600t_3.jpg\"\n               data-thumbnail=\"https:\/\/www.fibramar.pt\/web\/wp-content\/gallery\/600cabinacentral\/thumbs\/thumbs_600t_3.jpg\"\n               data-image-id=\"305\"\n               data-title=\"600t_3\"\n               data-description=\"\"\n               data-image-slug=\"600t_3\"\n               >\n                <img\n                    title=\"600t_3\"\n                    alt=\"600t_3\"\n                    src=\"https:\/\/www.fibramar.pt\/web\/wp-content\/gallery\/600cabinacentral\/dynamic\/600t_3.jpg-nggid03305-ngg0dyn-360x240x100-00f0w010c010r110f110r010t010.jpg\"\n                    width=\"360\"\n                    height=\"240\"\n                    style=\"max-width:100%;\"\n                \/>\n            <\/a>\n        <\/div>\n\t\t\t\t\t\t\t<\/div> \n\t\t\t\n        \n\t\t\t\t<div id=\"ngg-image-3\" class=\"ngg-gallery-thumbnail-box\" >\n\t\t\t\t        <div class=\"ngg-gallery-thumbnail\">\n            <a href=\"https:\/\/www.fibramar.pt\/web\/wp-content\/gallery\/600cabinacentral\/600t_4.jpg\"\n               title=\"\"\n               data-src=\"https:\/\/www.fibramar.pt\/web\/wp-content\/gallery\/600cabinacentral\/600t_4.jpg\"\n               data-thumbnail=\"https:\/\/www.fibramar.pt\/web\/wp-content\/gallery\/600cabinacentral\/thumbs\/thumbs_600t_4.jpg\"\n               data-image-id=\"306\"\n               data-title=\"600t_4\"\n               data-description=\"\"\n               data-image-slug=\"600t_4\"\n               >\n                <img\n                    title=\"600t_4\"\n                    alt=\"600t_4\"\n                    src=\"https:\/\/www.fibramar.pt\/web\/wp-content\/gallery\/600cabinacentral\/dynamic\/600t_4.jpg-nggid03306-ngg0dyn-360x240x100-00f0w010c010r110f110r010t010.jpg\"\n                    width=\"360\"\n                    height=\"240\"\n                    style=\"max-width:100%;\"\n                \/>\n            <\/a>\n        <\/div>\n\t\t\t\t\t\t\t<\/div> \n\t\t\t\n        \n\t\t\t\t<div id=\"ngg-image-4\" class=\"ngg-gallery-thumbnail-box\" >\n\t\t\t\t        <div class=\"ngg-gallery-thumbnail\">\n            <a href=\"https:\/\/www.fibramar.pt\/web\/wp-content\/gallery\/600cabinacentral\/600t_5.jpg\"\n               title=\"\"\n               data-src=\"https:\/\/www.fibramar.pt\/web\/wp-content\/gallery\/600cabinacentral\/600t_5.jpg\"\n               data-thumbnail=\"https:\/\/www.fibramar.pt\/web\/wp-content\/gallery\/600cabinacentral\/thumbs\/thumbs_600t_5.jpg\"\n               data-image-id=\"307\"\n               data-title=\"600t_5\"\n               data-description=\"\"\n               data-image-slug=\"600t_5\"\n               >\n                <img\n                    title=\"600t_5\"\n                    alt=\"600t_5\"\n                    src=\"https:\/\/www.fibramar.pt\/web\/wp-content\/gallery\/600cabinacentral\/dynamic\/600t_5.jpg-nggid03307-ngg0dyn-360x240x100-00f0w010c010r110f110r010t010.jpg\"\n                    width=\"360\"\n                    height=\"240\"\n                    style=\"max-width:100%;\"\n                \/>\n            <\/a>\n        <\/div>\n\t\t\t\t\t\t\t<\/div> \n\t\t\t\n        \n\t\t\t\t<div id=\"ngg-image-5\" class=\"ngg-gallery-thumbnail-box\" >\n\t\t\t\t        <div class=\"ngg-gallery-thumbnail\">\n            <a href=\"https:\/\/www.fibramar.pt\/web\/wp-content\/gallery\/600cabinacentral\/600t_6.jpg\"\n               title=\"\"\n               data-src=\"https:\/\/www.fibramar.pt\/web\/wp-content\/gallery\/600cabinacentral\/600t_6.jpg\"\n               data-thumbnail=\"https:\/\/www.fibramar.pt\/web\/wp-content\/gallery\/600cabinacentral\/thumbs\/thumbs_600t_6.jpg\"\n               data-image-id=\"308\"\n               data-title=\"600t_6\"\n               data-description=\"\"\n               data-image-slug=\"600t_6\"\n               >\n                <img\n                    title=\"600t_6\"\n                    alt=\"600t_6\"\n                    src=\"https:\/\/www.fibramar.pt\/web\/wp-content\/gallery\/600cabinacentral\/dynamic\/600t_6.jpg-nggid03308-ngg0dyn-360x240x100-00f0w010c010r110f110r010t010.jpg\"\n                    width=\"360\"\n                    height=\"240\"\n                    style=\"max-width:100%;\"\n                \/>\n            <\/a>\n        <\/div>\n\t\t\t\t\t\t\t<\/div> \n\t\t\t\n        \n\t\t\t\t<div id=\"ngg-image-6\" class=\"ngg-gallery-thumbnail-box\" >\n\t\t\t\t        <div class=\"ngg-gallery-thumbnail\">\n            <a href=\"https:\/\/www.fibramar.pt\/web\/wp-content\/gallery\/600cabinacentral\/600t_7.jpg\"\n               title=\"\"\n               data-src=\"https:\/\/www.fibramar.pt\/web\/wp-content\/gallery\/600cabinacentral\/600t_7.jpg\"\n               data-thumbnail=\"https:\/\/www.fibramar.pt\/web\/wp-content\/gallery\/600cabinacentral\/thumbs\/thumbs_600t_7.jpg\"\n               data-image-id=\"309\"\n               data-title=\"600t_7\"\n               data-description=\"\"\n               data-image-slug=\"600t_7\"\n               >\n                <img\n                    title=\"600t_7\"\n                    alt=\"600t_7\"\n                    src=\"https:\/\/www.fibramar.pt\/web\/wp-content\/gallery\/600cabinacentral\/dynamic\/600t_7.jpg-nggid03309-ngg0dyn-360x240x100-00f0w010c010r110f110r010t010.jpg\"\n                    width=\"360\"\n                    height=\"240\"\n                    style=\"max-width:100%;\"\n                \/>\n            <\/a>\n        <\/div>\n\t\t\t\t\t\t\t<\/div> \n\t\t\t\n        \n\t\t\t\t<div id=\"ngg-image-7\" class=\"ngg-gallery-thumbnail-box\" >\n\t\t\t\t        <div class=\"ngg-gallery-thumbnail\">\n            <a href=\"https:\/\/www.fibramar.pt\/web\/wp-content\/gallery\/600cabinacentral\/600t_8.jpg\"\n               title=\"\"\n               data-src=\"https:\/\/www.fibramar.pt\/web\/wp-content\/gallery\/600cabinacentral\/600t_8.jpg\"\n               data-thumbnail=\"https:\/\/www.fibramar.pt\/web\/wp-content\/gallery\/600cabinacentral\/thumbs\/thumbs_600t_8.jpg\"\n               data-image-id=\"310\"\n               data-title=\"600t_8\"\n               data-description=\"\"\n               data-image-slug=\"600t_8\"\n               >\n                <img\n                    title=\"600t_8\"\n                    alt=\"600t_8\"\n                    src=\"https:\/\/www.fibramar.pt\/web\/wp-content\/gallery\/600cabinacentral\/dynamic\/600t_8.jpg-nggid03310-ngg0dyn-360x240x100-00f0w010c010r110f110r010t010.jpg\"\n                    width=\"360\"\n                    height=\"240\"\n                    style=\"max-width:100%;\"\n                \/>\n            <\/a>\n        <\/div>\n\t\t\t\t\t\t\t<\/div> \n\t\t\t\n        \n\t\t\n\t\t<!-- Pagination -->\n\t<div class='ngg-clear'><\/div>\t<\/div>\n\n<h4 class=\"lined-section color2\">Especifica\u00e7\u00f5es do&nbsp;<strong>FIBRAMAR 600 PESCADOR (CABINA CENTRAL)<\/strong><span><\/span><\/h4>\n<p><img decoding=\"async\" loading=\"lazy\" class=\"aligncenter size-full wp-image-1064\" src=\"http:\/\/www.fibramar.pt\/web\/wp-content\/uploads\/2014\/03\/600Ncabinafrente.jpg\" alt=\"600Ncabinafrente\" width=\"1000\" height=\"107\"><\/p>\n<h4 class=\"lined-section color2\">Resumo do produto<span><\/span><\/h4>\n<p style=\"text-align: justify;\">Vers\u00e3o do&nbsp;6<em>00 Pescador<\/em>&nbsp;com cabina central. Mais uma op\u00e7\u00e3o para a pesca, pensada para a vertente de recreio dada a posi\u00e7\u00e3o da cabina. De qualquer forma a posi\u00e7\u00e3o da cabina \u00e9 personaliz\u00e1vel de acordo com as necessidades do cliente.<\/p>\n<div class=\"row\">\n<div class=\"grid6\">\n<h4 class=\"lined-section color2\">Equipamento standard<span><\/span><\/h4>\n<p style=\"text-align: justify;\"><strong>\u2013 Constru\u00e7\u00e3o:<br \/>\n<\/strong>&nbsp; &nbsp;Conv\u00e9s em sandu\u00edche com n\u00facleo de PVC<br \/>\n&nbsp; &nbsp;Estrutura de flutuabilidade compartimentada obtida por molde (uma s\u00f3 pe\u00e7a)<br \/>\n&nbsp; &nbsp;Gel coat branco<br \/>\n&nbsp; &nbsp;Acabamento interior com top coat cinzento<br \/>\n&nbsp; &nbsp;Tubo passa-cabos da popa at\u00e9 ao posto de comando<\/p>\n<p><strong>\u2013 Casco:<br \/>\n<\/strong>&nbsp; &nbsp;Verdugo PVC cinzento<br \/>\n&nbsp; &nbsp;Autocolantes cinzentos<\/p>\n<p><strong>\u2013 Amarra\u00e7\u00e3o e fundeio:<br \/>\n<\/strong>&nbsp; &nbsp;Argola de reboque<br \/>\n&nbsp; &nbsp;Roldana de proa<br \/>\n&nbsp; &nbsp;2 guias passa-cabos<br \/>\n&nbsp; &nbsp;1 cunho de amarra\u00e7\u00e3o \u00e0 proa<br \/>\n&nbsp; &nbsp;2 cunhos de amarra\u00e7\u00e3o \u00e0 popa<br \/>\n&nbsp; &nbsp;2 olhais de eleva\u00e7\u00e3o integrados na estrutura do po\u00e7o do motor<\/p>\n<p><strong>\u2013 Seguran\u00e7a:<br \/>\n<\/strong>&nbsp; &nbsp;Conv\u00e9s auto-esvaziante<br \/>\n&nbsp; &nbsp;Conv\u00e9s anti-derrapante<br \/>\n&nbsp; &nbsp;Varandins de proa<br \/>\n&nbsp; &nbsp;2 pegas horizontais no exterior da cabina<br \/>\n&nbsp; &nbsp;Escada de banho articulada<\/p>\n<p><strong>\u2013 Arrumos:<br \/>\n<\/strong>&nbsp; &nbsp;Compartimentos para arrumos com fecho (\u00e0 proa e \u00e0 popa)<br \/>\n&nbsp; &nbsp;Compartimentos para arrumos no interior da cabina<\/p>\n<p><strong>\u2013 Conforto:<\/strong><br \/>\n&nbsp; &nbsp;Banco integrado \u00e0 popa<\/p>\n<p><strong>\u2013 Cabina central:<\/strong><br \/>\n&nbsp; &nbsp;Janelas em acr\u00edlico incolor<br \/>\n&nbsp; &nbsp;Porta em PRFV com fechadura<\/p>\n<\/div>\n<div class=\"grid6\">\n<h4 class=\"lined-section color2\">Equipamento opcional<span><\/span><\/h4>\n<p><strong>\u2013 Constru\u00e7\u00e3o:<br \/>\n<\/strong>&nbsp; &nbsp;Cor do casco<br \/>\n&nbsp; &nbsp;Cor do acabamento interior (top coat)<br \/>\n&nbsp; &nbsp;Cor do tejadilho da cabina<br \/>\n&nbsp; &nbsp;Refor\u00e7os para instala\u00e7\u00e3o de equipamentos<br \/>\n&nbsp; &nbsp;Cavernas de refor\u00e7o<br \/>\n&nbsp; &nbsp;Anteparas transversais \/ longitudinais fixas<br \/>\n&nbsp; &nbsp;Anteparas transversais \/ longitudinais amov\u00edveis<br \/>\n&nbsp; &nbsp;Tubo passa-cabos da cabina at\u00e9 \u00e0 proa<\/p>\n<p><strong>\u2013 Casco:<br \/>\n<\/strong>&nbsp; &nbsp;Cor do verdugo PVC<br \/>\n&nbsp; &nbsp;Cor dos autocolantes<br \/>\n&nbsp; &nbsp;Robaletes<br \/>\n&nbsp; &nbsp;Barra inox na quilha \/ quilha e robaletes<\/p>\n<p><strong>\u2013 Amarra\u00e7\u00e3o e fundeio:<br \/>\n<\/strong>&nbsp; &nbsp;Argolas de eleva\u00e7\u00e3o<br \/>\n&nbsp; &nbsp;Paiol de \u00e2ncora auto-esvaziante com tampa<br \/>\n&nbsp; &nbsp;Cunhos de amarra\u00e7\u00e3o extra<\/p>\n<p><strong>\u2013 Seguran\u00e7a:<br \/>\n<\/strong>&nbsp; &nbsp;Varandins laterais<br \/>\n&nbsp; &nbsp;Varandim de popa<br \/>\n&nbsp; &nbsp;Pegas<br \/>\n&nbsp; &nbsp;Estribo(s) para acesso \u00e0 proa<\/p>\n<p><strong>\u2013 Arrumos:<br \/>\n<\/strong>&nbsp; &nbsp;Por\u00e3o com tampa em PRFV (acesso com 100x60cm)<\/p>\n<p><strong>\u2013 Conforto:<\/strong><br \/>\n&nbsp; &nbsp;Estofo do banco integrado \u00e0 popa<br \/>\n&nbsp; &nbsp;Cores dos estofos<br \/>\n&nbsp; &nbsp;Grelhas de ventila\u00e7\u00e3o<br \/>\n&nbsp; &nbsp;Tanque de isca viva integrado<br \/>\n&nbsp; &nbsp;Suportes para canas<br \/>\n&nbsp; &nbsp;Arco de luzes<\/p>\n<p><strong>\u2013 Cabina central simples (T1):<\/strong><br \/>\n&nbsp; &nbsp;Janelas em acr\u00edlico escuro<br \/>\n&nbsp; &nbsp;Janelas em vidro temperado com moldura em alum\u00ednio<br \/>\n&nbsp; &nbsp;Cadeira de piloto com altura regul\u00e1vel<br \/>\n&nbsp; &nbsp;Banco de piloto articulado<br \/>\n&nbsp; &nbsp;Apoio de p\u00e9s integrado<\/p>\n<\/div>\n<\/div>\n<p>&nbsp;<\/p>\n","protected":false},"excerpt":{"rendered":"<p>Vers\u00e3o do&nbsp;600 Pescador&nbsp;com cabina central. Mais uma op\u00e7\u00e3o para a pesca, pensada para a vertente de recreio dada a posi\u00e7\u00e3o da cabina. De qualquer forma a posi\u00e7\u00e3o da cabina \u00e9 personaliz\u00e1vel de acordo com as necessidades do cliente. &nbsp;<\/p>\n","protected":false},"author":1,"featured_media":0,"parent":0,"menu_order":0,"comment_status":"closed","ping_status":"closed","template":"","meta":{"ngg_post_thumbnail":0,"_mi_skip_tracking":false},"yoast_head":"<!-- This site is optimized with the Yoast SEO plugin v20.2.1 - https:\/\/yoast.com\/wordpress\/plugins\/seo\/ -->\n<title>600 Pescador (cabina central) | FIBRAMAR<\/title>\n<meta name=\"robots\" content=\"index, follow, max-snippet:-1, max-image-preview:large, max-video-preview:-1\" \/>\n<link rel=\"canonical\" href=\"https:\/\/www.fibramar.pt\/web\/600-pescador-cabina-central\/\" \/>\n<meta property=\"og:locale\" content=\"pt_PT\" \/>\n<meta property=\"og:type\" content=\"article\" \/>\n<meta property=\"og:title\" content=\"600 Pescador (cabina central) | FIBRAMAR\" \/>\n<meta property=\"og:description\" content=\"Vers\u00e3o do&nbsp;600 Pescador&nbsp;com cabina central. Mais uma op\u00e7\u00e3o para a pesca, pensada para a vertente de recreio dada a posi\u00e7\u00e3o da cabina. De qualquer forma a posi\u00e7\u00e3o da cabina \u00e9 personaliz\u00e1vel de acordo com as necessidades do cliente. &nbsp;\" \/>\n<meta property=\"og:url\" content=\"https:\/\/www.fibramar.pt\/web\/600-pescador-cabina-central\/\" \/>\n<meta property=\"og:site_name\" content=\"FIBRAMAR\" \/>\n<meta property=\"article:publisher\" content=\"https:\/\/www.facebook.com\/fibramar\" \/>\n<meta property=\"article:modified_time\" content=\"2023-03-09T10:44:33+00:00\" \/>\n<meta property=\"og:image\" content=\"http:\/\/www.fibramar.pt\/web\/wp-content\/uploads\/2014\/03\/600Ncabinafrente.jpg\" \/>\n<meta name=\"twitter:card\" content=\"summary_large_image\" \/>\n<meta name=\"twitter:label1\" content=\"Tempo estimado de leitura\" \/>\n\t<meta name=\"twitter:data1\" content=\"3 minutos\" \/>\n<script type=\"application\/ld+json\" class=\"yoast-schema-graph\">{\"@context\":\"https:\/\/schema.org\",\"@graph\":[{\"@type\":\"WebPage\",\"@id\":\"https:\/\/www.fibramar.pt\/web\/600-pescador-cabina-central\/\",\"url\":\"https:\/\/www.fibramar.pt\/web\/600-pescador-cabina-central\/\",\"name\":\"600 Pescador (cabina central) | FIBRAMAR\",\"isPartOf\":{\"@id\":\"https:\/\/www.fibramar.pt\/web\/#website\"},\"datePublished\":\"2015-02-01T16:33:15+00:00\",\"dateModified\":\"2023-03-09T10:44:33+00:00\",\"breadcrumb\":{\"@id\":\"https:\/\/www.fibramar.pt\/web\/600-pescador-cabina-central\/#breadcrumb\"},\"inLanguage\":\"pt-PT\",\"potentialAction\":[{\"@type\":\"ReadAction\",\"target\":[\"https:\/\/www.fibramar.pt\/web\/600-pescador-cabina-central\/\"]}]},{\"@type\":\"BreadcrumbList\",\"@id\":\"https:\/\/www.fibramar.pt\/web\/600-pescador-cabina-central\/#breadcrumb\",\"itemListElement\":[{\"@type\":\"ListItem\",\"position\":1,\"name\":\"In\u00edcio\",\"item\":\"https:\/\/www.fibramar.pt\/web\/\"},{\"@type\":\"ListItem\",\"position\":2,\"name\":\"600 Pescador (cabina central)\"}]},{\"@type\":\"WebSite\",\"@id\":\"https:\/\/www.fibramar.pt\/web\/#website\",\"url\":\"https:\/\/www.fibramar.pt\/web\/\",\"name\":\":: FIBRAMAR\",\"description\":\"\",\"publisher\":{\"@id\":\"https:\/\/www.fibramar.pt\/web\/#organization\"},\"potentialAction\":[{\"@type\":\"SearchAction\",\"target\":{\"@type\":\"EntryPoint\",\"urlTemplate\":\"https:\/\/www.fibramar.pt\/web\/?s={search_term_string}\"},\"query-input\":\"required name=search_term_string\"}],\"inLanguage\":\"pt-PT\"},{\"@type\":\"Organization\",\"@id\":\"https:\/\/www.fibramar.pt\/web\/#organization\",\"name\":\"Fibramar\",\"url\":\"https:\/\/www.fibramar.pt\/web\/\",\"logo\":{\"@type\":\"ImageObject\",\"inLanguage\":\"pt-PT\",\"@id\":\"https:\/\/www.fibramar.pt\/web\/#\/schema\/logo\/image\/\",\"url\":\"https:\/\/www.fibramar.pt\/web\/wp-content\/uploads\/2014\/03\/logo_fibramar.png\",\"contentUrl\":\"https:\/\/www.fibramar.pt\/web\/wp-content\/uploads\/2014\/03\/logo_fibramar.png\",\"width\":323,\"height\":77,\"caption\":\"Fibramar\"},\"image\":{\"@id\":\"https:\/\/www.fibramar.pt\/web\/#\/schema\/logo\/image\/\"},\"sameAs\":[\"https:\/\/www.facebook.com\/fibramar\",\"https:\/\/www.instagram.com\/fibramar\",\"https:\/\/www.pinterest.pt\/fibramar\",\"https:\/\/www.youtube.com\/fibramarboats\"]}]}<\/script>\n<!-- \/ Yoast SEO plugin. -->","yoast_head_json":{"title":"600 Pescador (cabina central) | FIBRAMAR","robots":{"index":"index","follow":"follow","max-snippet":"max-snippet:-1","max-image-preview":"max-image-preview:large","max-video-preview":"max-video-preview:-1"},"canonical":"https:\/\/www.fibramar.pt\/web\/600-pescador-cabina-central\/","og_locale":"pt_PT","og_type":"article","og_title":"600 Pescador (cabina central) | FIBRAMAR","og_description":"Vers\u00e3o do&nbsp;600 Pescador&nbsp;com cabina central. Mais uma op\u00e7\u00e3o para a pesca, pensada para a vertente de recreio dada a posi\u00e7\u00e3o da cabina. De qualquer forma a posi\u00e7\u00e3o da cabina \u00e9 personaliz\u00e1vel de acordo com as necessidades do cliente. &nbsp;","og_url":"https:\/\/www.fibramar.pt\/web\/600-pescador-cabina-central\/","og_site_name":"FIBRAMAR","article_publisher":"https:\/\/www.facebook.com\/fibramar","article_modified_time":"2023-03-09T10:44:33+00:00","og_image":[{"url":"http:\/\/www.fibramar.pt\/web\/wp-content\/uploads\/2014\/03\/600Ncabinafrente.jpg"}],"twitter_card":"summary_large_image","twitter_misc":{"Tempo estimado de leitura":"3 minutos"},"schema":{"@context":"https:\/\/schema.org","@graph":[{"@type":"WebPage","@id":"https:\/\/www.fibramar.pt\/web\/600-pescador-cabina-central\/","url":"https:\/\/www.fibramar.pt\/web\/600-pescador-cabina-central\/","name":"600 Pescador (cabina central) | FIBRAMAR","isPartOf":{"@id":"https:\/\/www.fibramar.pt\/web\/#website"},"datePublished":"2015-02-01T16:33:15+00:00","dateModified":"2023-03-09T10:44:33+00:00","breadcrumb":{"@id":"https:\/\/www.fibramar.pt\/web\/600-pescador-cabina-central\/#breadcrumb"},"inLanguage":"pt-PT","potentialAction":[{"@type":"ReadAction","target":["https:\/\/www.fibramar.pt\/web\/600-pescador-cabina-central\/"]}]},{"@type":"BreadcrumbList","@id":"https:\/\/www.fibramar.pt\/web\/600-pescador-cabina-central\/#breadcrumb","itemListElement":[{"@type":"ListItem","position":1,"name":"In\u00edcio","item":"https:\/\/www.fibramar.pt\/web\/"},{"@type":"ListItem","position":2,"name":"600 Pescador (cabina central)"}]},{"@type":"WebSite","@id":"https:\/\/www.fibramar.pt\/web\/#website","url":"https:\/\/www.fibramar.pt\/web\/","name":":: FIBRAMAR","description":"","publisher":{"@id":"https:\/\/www.fibramar.pt\/web\/#organization"},"potentialAction":[{"@type":"SearchAction","target":{"@type":"EntryPoint","urlTemplate":"https:\/\/www.fibramar.pt\/web\/?s={search_term_string}"},"query-input":"required name=search_term_string"}],"inLanguage":"pt-PT"},{"@type":"Organization","@id":"https:\/\/www.fibramar.pt\/web\/#organization","name":"Fibramar","url":"https:\/\/www.fibramar.pt\/web\/","logo":{"@type":"ImageObject","inLanguage":"pt-PT","@id":"https:\/\/www.fibramar.pt\/web\/#\/schema\/logo\/image\/","url":"https:\/\/www.fibramar.pt\/web\/wp-content\/uploads\/2014\/03\/logo_fibramar.png","contentUrl":"https:\/\/www.fibramar.pt\/web\/wp-content\/uploads\/2014\/03\/logo_fibramar.png","width":323,"height":77,"caption":"Fibramar"},"image":{"@id":"https:\/\/www.fibramar.pt\/web\/#\/schema\/logo\/image\/"},"sameAs":["https:\/\/www.facebook.com\/fibramar","https:\/\/www.instagram.com\/fibramar","https:\/\/www.pinterest.pt\/fibramar","https:\/\/www.youtube.com\/fibramarboats"]}]}},"_links":{"self":[{"href":"https:\/\/www.fibramar.pt\/web\/wp-json\/wp\/v2\/pages\/1322"}],"collection":[{"href":"https:\/\/www.fibramar.pt\/web\/wp-json\/wp\/v2\/pages"}],"about":[{"href":"https:\/\/www.fibramar.pt\/web\/wp-json\/wp\/v2\/types\/page"}],"author":[{"embeddable":true,"href":"https:\/\/www.fibramar.pt\/web\/wp-json\/wp\/v2\/users\/1"}],"replies":[{"embeddable":true,"href":"https:\/\/www.fibramar.pt\/web\/wp-json\/wp\/v2\/comments?post=1322"}],"version-history":[{"count":15,"href":"https:\/\/www.fibramar.pt\/web\/wp-json\/wp\/v2\/pages\/1322\/revisions"}],"predecessor-version":[{"id":3646,"href":"https:\/\/www.fibramar.pt\/web\/wp-json\/wp\/v2\/pages\/1322\/revisions\/3646"}],"wp:attachment":[{"href":"https:\/\/www.fibramar.pt\/web\/wp-json\/wp\/v2\/media?parent=1322"}],"curies":[{"name":"wp","href":"https:\/\/api.w.org\/{rel}","templated":true}]}}