{"id":1558,"date":"2015-03-02T20:22:27","date_gmt":"2015-03-02T20:22:27","guid":{"rendered":"http:\/\/www.fibramar.pt\/web\/?page_id=1558"},"modified":"2023-11-16T17:48:19","modified_gmt":"2023-11-16T17:48:19","slug":"consola-c0","status":"publish","type":"page","link":"https:\/\/www.fibramar.pt\/web\/consola-c0\/","title":{"rendered":"consola C0"},"content":{"rendered":"<div\n\tclass=\"ngg-galleryoverview ngg-ajax-pagination-none\"\n\tid=\"ngg-gallery-b73d2e971b4e1e9dbe7a509d6d9d233d-1\">\n\n    \t\t<!-- Thumbnails -->\n\t\t\t\t<div id=\"ngg-image-0\" class=\"ngg-gallery-thumbnail-box\" >\n\t\t\t\t        <div class=\"ngg-gallery-thumbnail\">\n            <a href=\"https:\/\/www.fibramar.pt\/web\/wp-content\/gallery\/consolalaterall\/consolalaterall1.jpg\"\n               title=\"\"\n               data-src=\"https:\/\/www.fibramar.pt\/web\/wp-content\/gallery\/consolalaterall\/consolalaterall1.jpg\"\n               data-thumbnail=\"https:\/\/www.fibramar.pt\/web\/wp-content\/gallery\/consolalaterall\/thumbs\/thumbs_consolalaterall1.jpg\"\n               data-image-id=\"327\"\n               data-title=\"consolalaterall1\"\n               data-description=\"\"\n               data-image-slug=\"consolalaterall1\"\n               >\n                <img\n                    title=\"consolalaterall1\"\n                    alt=\"consolalaterall1\"\n                    src=\"https:\/\/www.fibramar.pt\/web\/wp-content\/gallery\/consolalaterall\/dynamic\/consolalaterall1.jpg-nggid03327-ngg0dyn-360x240x100-00f0w010c010r110f110r010t010.jpg\"\n                    width=\"360\"\n                    height=\"240\"\n                    style=\"max-width:100%;\"\n                \/>\n            <\/a>\n        <\/div>\n\t\t\t\t\t\t\t<\/div> \n\t\t\t\n        \n\t\t\t\t<div id=\"ngg-image-1\" class=\"ngg-gallery-thumbnail-box\" >\n\t\t\t\t        <div class=\"ngg-gallery-thumbnail\">\n            <a href=\"https:\/\/www.fibramar.pt\/web\/wp-content\/gallery\/consolalaterall\/consolalaterall2.jpg\"\n               title=\"\"\n               data-src=\"https:\/\/www.fibramar.pt\/web\/wp-content\/gallery\/consolalaterall\/consolalaterall2.jpg\"\n               data-thumbnail=\"https:\/\/www.fibramar.pt\/web\/wp-content\/gallery\/consolalaterall\/thumbs\/thumbs_consolalaterall2.jpg\"\n               data-image-id=\"328\"\n               data-title=\"consolalaterall2\"\n               data-description=\"\"\n               data-image-slug=\"consolalaterall2\"\n               >\n                <img\n                    title=\"consolalaterall2\"\n                    alt=\"consolalaterall2\"\n                    src=\"https:\/\/www.fibramar.pt\/web\/wp-content\/gallery\/consolalaterall\/dynamic\/consolalaterall2.jpg-nggid03328-ngg0dyn-360x240x100-00f0w010c010r110f110r010t010.jpg\"\n                    width=\"160\"\n                    height=\"240\"\n                    style=\"max-width:100%;\"\n                \/>\n            <\/a>\n        <\/div>\n\t\t\t\t\t\t\t<\/div> \n\t\t\t\n        \n\t\t\t\t<div id=\"ngg-image-2\" class=\"ngg-gallery-thumbnail-box\" >\n\t\t\t\t        <div class=\"ngg-gallery-thumbnail\">\n            <a href=\"https:\/\/www.fibramar.pt\/web\/wp-content\/gallery\/consolalaterall\/consolalaterall3.jpg\"\n               title=\"\"\n               data-src=\"https:\/\/www.fibramar.pt\/web\/wp-content\/gallery\/consolalaterall\/consolalaterall3.jpg\"\n               data-thumbnail=\"https:\/\/www.fibramar.pt\/web\/wp-content\/gallery\/consolalaterall\/thumbs\/thumbs_consolalaterall3.jpg\"\n               data-image-id=\"329\"\n               data-title=\"consolalaterall3\"\n               data-description=\"\"\n               data-image-slug=\"consolalaterall3\"\n               >\n                <img\n                    title=\"consolalaterall3\"\n                    alt=\"consolalaterall3\"\n                    src=\"https:\/\/www.fibramar.pt\/web\/wp-content\/gallery\/consolalaterall\/dynamic\/consolalaterall3.jpg-nggid03329-ngg0dyn-360x240x100-00f0w010c010r110f110r010t010.jpg\"\n                    width=\"360\"\n                    height=\"240\"\n                    style=\"max-width:100%;\"\n                \/>\n            <\/a>\n        <\/div>\n\t\t\t\t\t\t\t<\/div> \n\t\t\t\n        \n\t\t\n\t\t<!-- Pagination -->\n\t<div class='ngg-clear'><\/div>\t<\/div>\n\n<h4 class=\"lined-section color2\">Resumo do produto<span><\/span><\/h4>\n<p style=\"text-align: justify;\">Pequena consola auxiliar aberta que maximiza a \u00e1rea de trabalho a bordo. Concebida para instalar a estibordo junto \u00e0 borda. Adequada para os modelos <em>360<\/em>, <em>430<\/em>, <em>485<\/em>, <em>550<\/em>,<em> 600<\/em>,<em> 700<\/em>,<em> 780<\/em> e <em>900 Pescador<\/em>.<\/p>\n<p style=\"text-align: justify;\">Dimens\u00f5es: 35x62x70cm (PxLxA)<\/p>\n<div class=\"row\">\n<div class=\"grid6\">\n<h4 class=\"lined-section color2\">Equipamento standard<span><\/span><\/h4>\n<p style=\"text-align: justify;\"><strong>\u2013 Constru\u00e7\u00e3o:<\/strong><br \/>\n&nbsp; &nbsp;Gel coat branco<br \/>\n&nbsp; &nbsp;Acabamento interior com top coat cinzento<\/p>\n<p><strong>\u2013 Conforto:<br \/>\n<\/strong>&nbsp; &nbsp;Painel de instrumentos acabado com pel\u00edcula de fibra de carbono<\/div>\n<div class=\"grid6\">\n<h4 class=\"lined-section color2\">Equipamento opcional<span><\/span><\/h4>\n<p><strong>\u2013 Constru\u00e7\u00e3o:<br \/>\n<\/strong>&nbsp; &nbsp;Cor do gel coat<br \/>\n&nbsp; &nbsp;Cor do acabamento interior (top coat)<br \/>\n&nbsp; &nbsp;Refor\u00e7os para instala\u00e7\u00e3o de equipamentos<\/p>\n<p><strong>\u2013 Seguran\u00e7a:<\/strong><br \/>\n&nbsp; &nbsp;Pega<\/p>\n<\/div>\n<\/div>\n<p>&nbsp;<\/p>\n","protected":false},"excerpt":{"rendered":"<p>Pequena consola auxiliar aberta que maximiza a \u00e1rea de trabalho a bordo. Concebida para instalar a estibordo junto \u00e0 borda. Adequada para os modelos 360, 430, 485, 550, 600, 700, 780 e 900 Pescador. Dimens\u00f5es: 35x62x70cm (PxLxA) &nbsp;<\/p>\n","protected":false},"author":1,"featured_media":0,"parent":0,"menu_order":0,"comment_status":"closed","ping_status":"closed","template":"","meta":{"ngg_post_thumbnail":0,"_mi_skip_tracking":false},"yoast_head":"<!-- This site is optimized with the Yoast SEO plugin v20.2.1 - https:\/\/yoast.com\/wordpress\/plugins\/seo\/ -->\n<title>consola C0 | FIBRAMAR<\/title>\n<meta name=\"robots\" content=\"index, follow, max-snippet:-1, max-image-preview:large, max-video-preview:-1\" \/>\n<link rel=\"canonical\" href=\"https:\/\/www.fibramar.pt\/web\/consola-c0\/\" \/>\n<meta property=\"og:locale\" content=\"pt_PT\" \/>\n<meta property=\"og:type\" content=\"article\" \/>\n<meta property=\"og:title\" content=\"consola C0 | FIBRAMAR\" \/>\n<meta property=\"og:description\" content=\"Pequena consola auxiliar aberta que maximiza a \u00e1rea de trabalho a bordo. Concebida para instalar a estibordo junto \u00e0 borda. Adequada para os modelos 360, 430, 485, 550, 600, 700, 780 e 900 Pescador. Dimens\u00f5es: 35x62x70cm (PxLxA) &nbsp;\" \/>\n<meta property=\"og:url\" content=\"https:\/\/www.fibramar.pt\/web\/consola-c0\/\" \/>\n<meta property=\"og:site_name\" content=\"FIBRAMAR\" \/>\n<meta property=\"article:publisher\" content=\"https:\/\/www.facebook.com\/fibramar\" \/>\n<meta property=\"article:modified_time\" content=\"2023-11-16T17:48:19+00:00\" \/>\n<meta name=\"twitter:card\" content=\"summary_large_image\" \/>\n<meta name=\"twitter:label1\" content=\"Tempo estimado de leitura\" \/>\n\t<meta name=\"twitter:data1\" content=\"1 minuto\" \/>\n<script type=\"application\/ld+json\" class=\"yoast-schema-graph\">{\"@context\":\"https:\/\/schema.org\",\"@graph\":[{\"@type\":\"WebPage\",\"@id\":\"https:\/\/www.fibramar.pt\/web\/consola-c0\/\",\"url\":\"https:\/\/www.fibramar.pt\/web\/consola-c0\/\",\"name\":\"consola C0 | FIBRAMAR\",\"isPartOf\":{\"@id\":\"https:\/\/www.fibramar.pt\/web\/#website\"},\"datePublished\":\"2015-03-02T20:22:27+00:00\",\"dateModified\":\"2023-11-16T17:48:19+00:00\",\"breadcrumb\":{\"@id\":\"https:\/\/www.fibramar.pt\/web\/consola-c0\/#breadcrumb\"},\"inLanguage\":\"pt-PT\",\"potentialAction\":[{\"@type\":\"ReadAction\",\"target\":[\"https:\/\/www.fibramar.pt\/web\/consola-c0\/\"]}]},{\"@type\":\"BreadcrumbList\",\"@id\":\"https:\/\/www.fibramar.pt\/web\/consola-c0\/#breadcrumb\",\"itemListElement\":[{\"@type\":\"ListItem\",\"position\":1,\"name\":\"In\u00edcio\",\"item\":\"https:\/\/www.fibramar.pt\/web\/\"},{\"@type\":\"ListItem\",\"position\":2,\"name\":\"consola C0\"}]},{\"@type\":\"WebSite\",\"@id\":\"https:\/\/www.fibramar.pt\/web\/#website\",\"url\":\"https:\/\/www.fibramar.pt\/web\/\",\"name\":\":: FIBRAMAR\",\"description\":\"\",\"publisher\":{\"@id\":\"https:\/\/www.fibramar.pt\/web\/#organization\"},\"potentialAction\":[{\"@type\":\"SearchAction\",\"target\":{\"@type\":\"EntryPoint\",\"urlTemplate\":\"https:\/\/www.fibramar.pt\/web\/?s={search_term_string}\"},\"query-input\":\"required name=search_term_string\"}],\"inLanguage\":\"pt-PT\"},{\"@type\":\"Organization\",\"@id\":\"https:\/\/www.fibramar.pt\/web\/#organization\",\"name\":\"Fibramar\",\"url\":\"https:\/\/www.fibramar.pt\/web\/\",\"logo\":{\"@type\":\"ImageObject\",\"inLanguage\":\"pt-PT\",\"@id\":\"https:\/\/www.fibramar.pt\/web\/#\/schema\/logo\/image\/\",\"url\":\"https:\/\/www.fibramar.pt\/web\/wp-content\/uploads\/2014\/03\/logo_fibramar.png\",\"contentUrl\":\"https:\/\/www.fibramar.pt\/web\/wp-content\/uploads\/2014\/03\/logo_fibramar.png\",\"width\":323,\"height\":77,\"caption\":\"Fibramar\"},\"image\":{\"@id\":\"https:\/\/www.fibramar.pt\/web\/#\/schema\/logo\/image\/\"},\"sameAs\":[\"https:\/\/www.facebook.com\/fibramar\",\"https:\/\/www.instagram.com\/fibramar\",\"https:\/\/www.pinterest.pt\/fibramar\",\"https:\/\/www.youtube.com\/fibramarboats\"]}]}<\/script>\n<!-- \/ Yoast SEO plugin. -->","yoast_head_json":{"title":"consola C0 | FIBRAMAR","robots":{"index":"index","follow":"follow","max-snippet":"max-snippet:-1","max-image-preview":"max-image-preview:large","max-video-preview":"max-video-preview:-1"},"canonical":"https:\/\/www.fibramar.pt\/web\/consola-c0\/","og_locale":"pt_PT","og_type":"article","og_title":"consola C0 | FIBRAMAR","og_description":"Pequena consola auxiliar aberta que maximiza a \u00e1rea de trabalho a bordo. Concebida para instalar a estibordo junto \u00e0 borda. Adequada para os modelos 360, 430, 485, 550, 600, 700, 780 e 900 Pescador. Dimens\u00f5es: 35x62x70cm (PxLxA) &nbsp;","og_url":"https:\/\/www.fibramar.pt\/web\/consola-c0\/","og_site_name":"FIBRAMAR","article_publisher":"https:\/\/www.facebook.com\/fibramar","article_modified_time":"2023-11-16T17:48:19+00:00","twitter_card":"summary_large_image","twitter_misc":{"Tempo estimado de leitura":"1 minuto"},"schema":{"@context":"https:\/\/schema.org","@graph":[{"@type":"WebPage","@id":"https:\/\/www.fibramar.pt\/web\/consola-c0\/","url":"https:\/\/www.fibramar.pt\/web\/consola-c0\/","name":"consola C0 | FIBRAMAR","isPartOf":{"@id":"https:\/\/www.fibramar.pt\/web\/#website"},"datePublished":"2015-03-02T20:22:27+00:00","dateModified":"2023-11-16T17:48:19+00:00","breadcrumb":{"@id":"https:\/\/www.fibramar.pt\/web\/consola-c0\/#breadcrumb"},"inLanguage":"pt-PT","potentialAction":[{"@type":"ReadAction","target":["https:\/\/www.fibramar.pt\/web\/consola-c0\/"]}]},{"@type":"BreadcrumbList","@id":"https:\/\/www.fibramar.pt\/web\/consola-c0\/#breadcrumb","itemListElement":[{"@type":"ListItem","position":1,"name":"In\u00edcio","item":"https:\/\/www.fibramar.pt\/web\/"},{"@type":"ListItem","position":2,"name":"consola C0"}]},{"@type":"WebSite","@id":"https:\/\/www.fibramar.pt\/web\/#website","url":"https:\/\/www.fibramar.pt\/web\/","name":":: FIBRAMAR","description":"","publisher":{"@id":"https:\/\/www.fibramar.pt\/web\/#organization"},"potentialAction":[{"@type":"SearchAction","target":{"@type":"EntryPoint","urlTemplate":"https:\/\/www.fibramar.pt\/web\/?s={search_term_string}"},"query-input":"required name=search_term_string"}],"inLanguage":"pt-PT"},{"@type":"Organization","@id":"https:\/\/www.fibramar.pt\/web\/#organization","name":"Fibramar","url":"https:\/\/www.fibramar.pt\/web\/","logo":{"@type":"ImageObject","inLanguage":"pt-PT","@id":"https:\/\/www.fibramar.pt\/web\/#\/schema\/logo\/image\/","url":"https:\/\/www.fibramar.pt\/web\/wp-content\/uploads\/2014\/03\/logo_fibramar.png","contentUrl":"https:\/\/www.fibramar.pt\/web\/wp-content\/uploads\/2014\/03\/logo_fibramar.png","width":323,"height":77,"caption":"Fibramar"},"image":{"@id":"https:\/\/www.fibramar.pt\/web\/#\/schema\/logo\/image\/"},"sameAs":["https:\/\/www.facebook.com\/fibramar","https:\/\/www.instagram.com\/fibramar","https:\/\/www.pinterest.pt\/fibramar","https:\/\/www.youtube.com\/fibramarboats"]}]}},"_links":{"self":[{"href":"https:\/\/www.fibramar.pt\/web\/wp-json\/wp\/v2\/pages\/1558"}],"collection":[{"href":"https:\/\/www.fibramar.pt\/web\/wp-json\/wp\/v2\/pages"}],"about":[{"href":"https:\/\/www.fibramar.pt\/web\/wp-json\/wp\/v2\/types\/page"}],"author":[{"embeddable":true,"href":"https:\/\/www.fibramar.pt\/web\/wp-json\/wp\/v2\/users\/1"}],"replies":[{"embeddable":true,"href":"https:\/\/www.fibramar.pt\/web\/wp-json\/wp\/v2\/comments?post=1558"}],"version-history":[{"count":18,"href":"https:\/\/www.fibramar.pt\/web\/wp-json\/wp\/v2\/pages\/1558\/revisions"}],"predecessor-version":[{"id":3760,"href":"https:\/\/www.fibramar.pt\/web\/wp-json\/wp\/v2\/pages\/1558\/revisions\/3760"}],"wp:attachment":[{"href":"https:\/\/www.fibramar.pt\/web\/wp-json\/wp\/v2\/media?parent=1558"}],"curies":[{"name":"wp","href":"https:\/\/api.w.org\/{rel}","templated":true}]}}