{"id":181,"date":"2014-03-18T19:58:50","date_gmt":"2014-03-18T19:58:50","guid":{"rendered":"http:\/\/www.fibramar.pt\/web\/?page_id=181"},"modified":"2023-03-09T09:04:26","modified_gmt":"2023-03-09T09:04:26","slug":"260-pescador","status":"publish","type":"page","link":"https:\/\/www.fibramar.pt\/web\/260-pescador\/","title":{"rendered":"260 Pescador"},"content":{"rendered":"<p style=\"text-align: justify;\"><div\n\tclass=\"ngg-galleryoverview ngg-ajax-pagination-none\"\n\tid=\"ngg-gallery-4ce7dbc4405d78abd22ea2d6e674d8f2-1\">\n\n    \t\t<!-- Thumbnails -->\n\t\t\t\t<div id=\"ngg-image-0\" class=\"ngg-gallery-thumbnail-box\" >\n\t\t\t\t        <div class=\"ngg-gallery-thumbnail\">\n            <a href=\"https:\/\/www.fibramar.pt\/web\/wp-content\/gallery\/260\/260_0.jpg\"\n               title=\"\"\n               data-src=\"https:\/\/www.fibramar.pt\/web\/wp-content\/gallery\/260\/260_0.jpg\"\n               data-thumbnail=\"https:\/\/www.fibramar.pt\/web\/wp-content\/gallery\/260\/thumbs\/thumbs_260_0.jpg\"\n               data-image-id=\"2\"\n               data-title=\"260 Pescador\"\n               data-description=\"\"\n               data-image-slug=\"260_0\"\n               >\n                <img\n                    title=\"260 Pescador\"\n                    alt=\"260 Pescador\"\n                    src=\"https:\/\/www.fibramar.pt\/web\/wp-content\/gallery\/260\/dynamic\/260_0.jpg-nggid012-ngg0dyn-360x240x100-00f0w010c010r110f110r010t010.jpg\"\n                    width=\"360\"\n                    height=\"240\"\n                    style=\"max-width:100%;\"\n                \/>\n            <\/a>\n        <\/div>\n\t\t\t\t\t\t\t<\/div> \n\t\t\t\n        \n\t\t\t\t<div id=\"ngg-image-1\" class=\"ngg-gallery-thumbnail-box\" >\n\t\t\t\t        <div class=\"ngg-gallery-thumbnail\">\n            <a href=\"https:\/\/www.fibramar.pt\/web\/wp-content\/gallery\/260\/260_1.jpg\"\n               title=\"\"\n               data-src=\"https:\/\/www.fibramar.pt\/web\/wp-content\/gallery\/260\/260_1.jpg\"\n               data-thumbnail=\"https:\/\/www.fibramar.pt\/web\/wp-content\/gallery\/260\/thumbs\/thumbs_260_1.jpg\"\n               data-image-id=\"3\"\n               data-title=\"260 Pescador\"\n               data-description=\"\"\n               data-image-slug=\"260_1\"\n               >\n                <img\n                    title=\"260 Pescador\"\n                    alt=\"260 Pescador\"\n                    src=\"https:\/\/www.fibramar.pt\/web\/wp-content\/gallery\/260\/dynamic\/260_1.jpg-nggid013-ngg0dyn-360x240x100-00f0w010c010r110f110r010t010.jpg\"\n                    width=\"360\"\n                    height=\"240\"\n                    style=\"max-width:100%;\"\n                \/>\n            <\/a>\n        <\/div>\n\t\t\t\t\t\t\t<\/div> \n\t\t\t\n        \n\t\t\t\t<div id=\"ngg-image-2\" class=\"ngg-gallery-thumbnail-box\" >\n\t\t\t\t        <div class=\"ngg-gallery-thumbnail\">\n            <a href=\"https:\/\/www.fibramar.pt\/web\/wp-content\/gallery\/260\/260_2_0.jpg\"\n               title=\"\"\n               data-src=\"https:\/\/www.fibramar.pt\/web\/wp-content\/gallery\/260\/260_2_0.jpg\"\n               data-thumbnail=\"https:\/\/www.fibramar.pt\/web\/wp-content\/gallery\/260\/thumbs\/thumbs_260_2_0.jpg\"\n               data-image-id=\"4\"\n               data-title=\"260 Pescador\"\n               data-description=\"\"\n               data-image-slug=\"260_2_0\"\n               >\n                <img\n                    title=\"260 Pescador\"\n                    alt=\"260 Pescador\"\n                    src=\"https:\/\/www.fibramar.pt\/web\/wp-content\/gallery\/260\/dynamic\/260_2_0.jpg-nggid014-ngg0dyn-360x240x100-00f0w010c010r110f110r010t010.jpg\"\n                    width=\"360\"\n                    height=\"240\"\n                    style=\"max-width:100%;\"\n                \/>\n            <\/a>\n        <\/div>\n\t\t\t\t\t\t\t<\/div> \n\t\t\t\n        \n\t\t\t\t<div id=\"ngg-image-3\" class=\"ngg-gallery-thumbnail-box\" >\n\t\t\t\t        <div class=\"ngg-gallery-thumbnail\">\n            <a href=\"https:\/\/www.fibramar.pt\/web\/wp-content\/gallery\/260\/260_3_0.jpg\"\n               title=\"\"\n               data-src=\"https:\/\/www.fibramar.pt\/web\/wp-content\/gallery\/260\/260_3_0.jpg\"\n               data-thumbnail=\"https:\/\/www.fibramar.pt\/web\/wp-content\/gallery\/260\/thumbs\/thumbs_260_3_0.jpg\"\n               data-image-id=\"5\"\n               data-title=\"260 Pescador\"\n               data-description=\"\"\n               data-image-slug=\"260_3_0\"\n               >\n                <img\n                    title=\"260 Pescador\"\n                    alt=\"260 Pescador\"\n                    src=\"https:\/\/www.fibramar.pt\/web\/wp-content\/gallery\/260\/dynamic\/260_3_0.jpg-nggid015-ngg0dyn-360x240x100-00f0w010c010r110f110r010t010.jpg\"\n                    width=\"360\"\n                    height=\"240\"\n                    style=\"max-width:100%;\"\n                \/>\n            <\/a>\n        <\/div>\n\t\t\t\t\t\t\t<\/div> \n\t\t\t\n        \n\t\t\t\t<div id=\"ngg-image-4\" class=\"ngg-gallery-thumbnail-box\" >\n\t\t\t\t        <div class=\"ngg-gallery-thumbnail\">\n            <a href=\"https:\/\/www.fibramar.pt\/web\/wp-content\/gallery\/260\/260_4.jpg\"\n               title=\"\"\n               data-src=\"https:\/\/www.fibramar.pt\/web\/wp-content\/gallery\/260\/260_4.jpg\"\n               data-thumbnail=\"https:\/\/www.fibramar.pt\/web\/wp-content\/gallery\/260\/thumbs\/thumbs_260_4.jpg\"\n               data-image-id=\"6\"\n               data-title=\"260 Pescador\"\n               data-description=\"\"\n               data-image-slug=\"260_4\"\n               >\n                <img\n                    title=\"260 Pescador\"\n                    alt=\"260 Pescador\"\n                    src=\"https:\/\/www.fibramar.pt\/web\/wp-content\/gallery\/260\/dynamic\/260_4.jpg-nggid016-ngg0dyn-360x240x100-00f0w010c010r110f110r010t010.jpg\"\n                    width=\"360\"\n                    height=\"240\"\n                    style=\"max-width:100%;\"\n                \/>\n            <\/a>\n        <\/div>\n\t\t\t\t\t\t\t<\/div> \n\t\t\t\n        \n\t\t\t\t<div id=\"ngg-image-5\" class=\"ngg-gallery-thumbnail-box\" >\n\t\t\t\t        <div class=\"ngg-gallery-thumbnail\">\n            <a href=\"https:\/\/www.fibramar.pt\/web\/wp-content\/gallery\/260\/260cad.jpg\"\n               title=\"\"\n               data-src=\"https:\/\/www.fibramar.pt\/web\/wp-content\/gallery\/260\/260cad.jpg\"\n               data-thumbnail=\"https:\/\/www.fibramar.pt\/web\/wp-content\/gallery\/260\/thumbs\/thumbs_260cad.jpg\"\n               data-image-id=\"409\"\n               data-title=\"260 Pescador\"\n               data-description=\"\"\n               data-image-slug=\"260cad\"\n               >\n                <img\n                    title=\"260 Pescador\"\n                    alt=\"260 Pescador\"\n                    src=\"https:\/\/www.fibramar.pt\/web\/wp-content\/gallery\/260\/dynamic\/260cad.jpg-nggid03409-ngg0dyn-360x240x100-00f0w010c010r110f110r010t010.jpg\"\n                    width=\"360\"\n                    height=\"240\"\n                    style=\"max-width:100%;\"\n                \/>\n            <\/a>\n        <\/div>\n\t\t\t\t\t\t\t<\/div> \n\t\t\t\n        \n\t\t\n\t\t<!-- Pagination -->\n\t<div class='ngg-clear'><\/div>\t<\/div>\n<\/p>\n<p style=\"text-align: justify;\">\n<h4 class=\"lined-section color2\">Especifica\u00e7\u00f5es do&nbsp;<strong>FIBRAMAR 260 PESCADOR<\/strong><span><\/span><\/h4>\n<\/p>\n<p style=\"text-align: justify;\"><img decoding=\"async\" loading=\"lazy\" class=\"aligncenter size-full wp-image-955\" src=\"http:\/\/www.fibramar.pt\/web\/wp-content\/uploads\/2014\/03\/260pescador.jpg\" alt=\"260pescador\" width=\"1000\" height=\"107\"><\/p>\n<p style=\"text-align: justify;\">\n<h4 class=\"lined-section color2\">Resumo do produto<span><\/span><\/h4>\n<\/p>\n<p style=\"text-align: justify;\">O <em>260 Pescador<\/em> \u00e9 um bote ligeiro e f\u00e1cil de manejar. \u00c9 uma op\u00e7\u00e3o acess\u00edvel a qualquer pessoa que pretenda adquirir uma embarca\u00e7\u00e3o sem necessidade de tirar a carta de marinheiro. Pela sua concep\u00e7\u00e3o est\u00e1 destinado a navegar em \u00e1guas abrigadas. Pode tamb\u00e9m ser utilizado como embarca\u00e7\u00e3o auxiliar.<\/p>\n<p lang=\"en-US\" style=\"text-align: justify;\">\n<div class=\"row\">\n<p lang=\"en-US\" style=\"text-align: justify;\">\n<div class=\"grid6\">\n<h4 class=\"lined-section color2\">Equipamento standard<span><\/span><\/h4>\n<\/p>\n<p style=\"text-align: justify;\"><strong>\u2013 Constru\u00e7\u00e3o:<br \/>\n<\/strong>&nbsp; &nbsp;Casco duplo<br \/>\n&nbsp; &nbsp;Gel coat branco<\/p>\n<p><strong>\u2013 Casco:<br \/>\n<\/strong>&nbsp; &nbsp;Verdugo PVC cinzento<br \/>\n&nbsp; &nbsp;Autocolantes cinzentos<\/p>\n<p><strong>\u2013 Amarra\u00e7\u00e3o e fundeio:<br \/>\n<\/strong>&nbsp; &nbsp;Argola de reboque<br \/>\n&nbsp; &nbsp;2 argolas de eleva\u00e7\u00e3o \u00e0 popa<\/p>\n<p><strong>\u2013 Seguran\u00e7a:<br \/>\n<\/strong>&nbsp; &nbsp;Conv\u00e9s anti-derrapante<br \/>\n&nbsp; &nbsp;Forquetas<\/p>\n<p><strong>\u2013 Conforto:<br \/>\n<\/strong>&nbsp; &nbsp;Banco transversal fixo<br \/>\n&nbsp; &nbsp;Bancos integrados \u00e0 proa e \u00e0 popa<\/p>\n<p style=\"text-align: justify;\"><\/div>\n<\/p>\n<div class=\"grid6\">\n<h4 class=\"lined-section color2\">Equipamento opcional<span><\/span><\/h4>\n<p><strong>\u2013 Constru\u00e7\u00e3o:<br \/>\n<\/strong>&nbsp; &nbsp;Cor do casco<\/p>\n<p><strong>\u2013 Casco:<br \/>\n<\/strong>&nbsp; &nbsp;Cor do verdugo PVC<br \/>\n&nbsp; &nbsp;Cor dos autocolantes<\/p>\n<p><strong>\u2013 Seguran\u00e7a:<br \/>\n<\/strong>&nbsp; &nbsp;Pegas<\/p>\n<p><strong>\u2013 Conforto:<br \/>\n<\/strong>&nbsp; &nbsp;Banco transversal amov\u00edvel<br \/>\n&nbsp; &nbsp;Capa \/ cobertura em lona\n<\/div>\n<\/div>\n<p>&nbsp;<\/p>\n","protected":false},"excerpt":{"rendered":"<p>O 260 Pescador \u00e9 um bote ligeiro e f\u00e1cil de manejar. \u00c9 uma op\u00e7\u00e3o acess\u00edvel a qualquer pessoa que pretenda adquirir uma embarca\u00e7\u00e3o sem necessidade de tirar a carta de marinheiro. Pela sua concep\u00e7\u00e3o est\u00e1 destinado a navegar em \u00e1guas abrigadas. Pode tamb\u00e9m ser utilizado como embarca\u00e7\u00e3o auxiliar. &nbsp;<\/p>\n","protected":false},"author":1,"featured_media":0,"parent":0,"menu_order":0,"comment_status":"closed","ping_status":"closed","template":"","meta":{"ngg_post_thumbnail":0,"_mi_skip_tracking":false},"yoast_head":"<!-- This site is optimized with the Yoast SEO plugin v20.2.1 - https:\/\/yoast.com\/wordpress\/plugins\/seo\/ -->\n<title>260 Pescador | FIBRAMAR<\/title>\n<meta name=\"robots\" content=\"index, follow, max-snippet:-1, max-image-preview:large, max-video-preview:-1\" \/>\n<link rel=\"canonical\" href=\"https:\/\/www.fibramar.pt\/web\/260-pescador\/\" \/>\n<meta property=\"og:locale\" content=\"pt_PT\" \/>\n<meta property=\"og:type\" content=\"article\" \/>\n<meta property=\"og:title\" content=\"260 Pescador | FIBRAMAR\" \/>\n<meta property=\"og:description\" content=\"O 260 Pescador \u00e9 um bote ligeiro e f\u00e1cil de manejar. \u00c9 uma op\u00e7\u00e3o acess\u00edvel a qualquer pessoa que pretenda adquirir uma embarca\u00e7\u00e3o sem necessidade de tirar a carta de marinheiro. Pela sua concep\u00e7\u00e3o est\u00e1 destinado a navegar em \u00e1guas abrigadas. Pode tamb\u00e9m ser utilizado como embarca\u00e7\u00e3o auxiliar. &nbsp;\" \/>\n<meta property=\"og:url\" content=\"https:\/\/www.fibramar.pt\/web\/260-pescador\/\" \/>\n<meta property=\"og:site_name\" content=\"FIBRAMAR\" \/>\n<meta property=\"article:publisher\" content=\"https:\/\/www.facebook.com\/fibramar\" \/>\n<meta property=\"article:modified_time\" content=\"2023-03-09T09:04:26+00:00\" \/>\n<meta property=\"og:image\" content=\"http:\/\/www.fibramar.pt\/web\/wp-content\/uploads\/2014\/03\/260pescador.jpg\" \/>\n<meta name=\"twitter:card\" content=\"summary_large_image\" \/>\n<meta name=\"twitter:label1\" content=\"Tempo estimado de leitura\" \/>\n\t<meta name=\"twitter:data1\" content=\"1 minuto\" \/>\n<script type=\"application\/ld+json\" class=\"yoast-schema-graph\">{\"@context\":\"https:\/\/schema.org\",\"@graph\":[{\"@type\":\"WebPage\",\"@id\":\"https:\/\/www.fibramar.pt\/web\/260-pescador\/\",\"url\":\"https:\/\/www.fibramar.pt\/web\/260-pescador\/\",\"name\":\"260 Pescador | FIBRAMAR\",\"isPartOf\":{\"@id\":\"https:\/\/www.fibramar.pt\/web\/#website\"},\"datePublished\":\"2014-03-18T19:58:50+00:00\",\"dateModified\":\"2023-03-09T09:04:26+00:00\",\"breadcrumb\":{\"@id\":\"https:\/\/www.fibramar.pt\/web\/260-pescador\/#breadcrumb\"},\"inLanguage\":\"pt-PT\",\"potentialAction\":[{\"@type\":\"ReadAction\",\"target\":[\"https:\/\/www.fibramar.pt\/web\/260-pescador\/\"]}]},{\"@type\":\"BreadcrumbList\",\"@id\":\"https:\/\/www.fibramar.pt\/web\/260-pescador\/#breadcrumb\",\"itemListElement\":[{\"@type\":\"ListItem\",\"position\":1,\"name\":\"In\u00edcio\",\"item\":\"https:\/\/www.fibramar.pt\/web\/\"},{\"@type\":\"ListItem\",\"position\":2,\"name\":\"260 Pescador\"}]},{\"@type\":\"WebSite\",\"@id\":\"https:\/\/www.fibramar.pt\/web\/#website\",\"url\":\"https:\/\/www.fibramar.pt\/web\/\",\"name\":\":: FIBRAMAR\",\"description\":\"\",\"publisher\":{\"@id\":\"https:\/\/www.fibramar.pt\/web\/#organization\"},\"potentialAction\":[{\"@type\":\"SearchAction\",\"target\":{\"@type\":\"EntryPoint\",\"urlTemplate\":\"https:\/\/www.fibramar.pt\/web\/?s={search_term_string}\"},\"query-input\":\"required name=search_term_string\"}],\"inLanguage\":\"pt-PT\"},{\"@type\":\"Organization\",\"@id\":\"https:\/\/www.fibramar.pt\/web\/#organization\",\"name\":\"Fibramar\",\"url\":\"https:\/\/www.fibramar.pt\/web\/\",\"logo\":{\"@type\":\"ImageObject\",\"inLanguage\":\"pt-PT\",\"@id\":\"https:\/\/www.fibramar.pt\/web\/#\/schema\/logo\/image\/\",\"url\":\"https:\/\/www.fibramar.pt\/web\/wp-content\/uploads\/2014\/03\/logo_fibramar.png\",\"contentUrl\":\"https:\/\/www.fibramar.pt\/web\/wp-content\/uploads\/2014\/03\/logo_fibramar.png\",\"width\":323,\"height\":77,\"caption\":\"Fibramar\"},\"image\":{\"@id\":\"https:\/\/www.fibramar.pt\/web\/#\/schema\/logo\/image\/\"},\"sameAs\":[\"https:\/\/www.facebook.com\/fibramar\",\"https:\/\/www.instagram.com\/fibramar\",\"https:\/\/www.pinterest.pt\/fibramar\",\"https:\/\/www.youtube.com\/fibramarboats\"]}]}<\/script>\n<!-- \/ Yoast SEO plugin. -->","yoast_head_json":{"title":"260 Pescador | FIBRAMAR","robots":{"index":"index","follow":"follow","max-snippet":"max-snippet:-1","max-image-preview":"max-image-preview:large","max-video-preview":"max-video-preview:-1"},"canonical":"https:\/\/www.fibramar.pt\/web\/260-pescador\/","og_locale":"pt_PT","og_type":"article","og_title":"260 Pescador | FIBRAMAR","og_description":"O 260 Pescador \u00e9 um bote ligeiro e f\u00e1cil de manejar. \u00c9 uma op\u00e7\u00e3o acess\u00edvel a qualquer pessoa que pretenda adquirir uma embarca\u00e7\u00e3o sem necessidade de tirar a carta de marinheiro. Pela sua concep\u00e7\u00e3o est\u00e1 destinado a navegar em \u00e1guas abrigadas. Pode tamb\u00e9m ser utilizado como embarca\u00e7\u00e3o auxiliar. &nbsp;","og_url":"https:\/\/www.fibramar.pt\/web\/260-pescador\/","og_site_name":"FIBRAMAR","article_publisher":"https:\/\/www.facebook.com\/fibramar","article_modified_time":"2023-03-09T09:04:26+00:00","og_image":[{"url":"http:\/\/www.fibramar.pt\/web\/wp-content\/uploads\/2014\/03\/260pescador.jpg"}],"twitter_card":"summary_large_image","twitter_misc":{"Tempo estimado de leitura":"1 minuto"},"schema":{"@context":"https:\/\/schema.org","@graph":[{"@type":"WebPage","@id":"https:\/\/www.fibramar.pt\/web\/260-pescador\/","url":"https:\/\/www.fibramar.pt\/web\/260-pescador\/","name":"260 Pescador | FIBRAMAR","isPartOf":{"@id":"https:\/\/www.fibramar.pt\/web\/#website"},"datePublished":"2014-03-18T19:58:50+00:00","dateModified":"2023-03-09T09:04:26+00:00","breadcrumb":{"@id":"https:\/\/www.fibramar.pt\/web\/260-pescador\/#breadcrumb"},"inLanguage":"pt-PT","potentialAction":[{"@type":"ReadAction","target":["https:\/\/www.fibramar.pt\/web\/260-pescador\/"]}]},{"@type":"BreadcrumbList","@id":"https:\/\/www.fibramar.pt\/web\/260-pescador\/#breadcrumb","itemListElement":[{"@type":"ListItem","position":1,"name":"In\u00edcio","item":"https:\/\/www.fibramar.pt\/web\/"},{"@type":"ListItem","position":2,"name":"260 Pescador"}]},{"@type":"WebSite","@id":"https:\/\/www.fibramar.pt\/web\/#website","url":"https:\/\/www.fibramar.pt\/web\/","name":":: FIBRAMAR","description":"","publisher":{"@id":"https:\/\/www.fibramar.pt\/web\/#organization"},"potentialAction":[{"@type":"SearchAction","target":{"@type":"EntryPoint","urlTemplate":"https:\/\/www.fibramar.pt\/web\/?s={search_term_string}"},"query-input":"required name=search_term_string"}],"inLanguage":"pt-PT"},{"@type":"Organization","@id":"https:\/\/www.fibramar.pt\/web\/#organization","name":"Fibramar","url":"https:\/\/www.fibramar.pt\/web\/","logo":{"@type":"ImageObject","inLanguage":"pt-PT","@id":"https:\/\/www.fibramar.pt\/web\/#\/schema\/logo\/image\/","url":"https:\/\/www.fibramar.pt\/web\/wp-content\/uploads\/2014\/03\/logo_fibramar.png","contentUrl":"https:\/\/www.fibramar.pt\/web\/wp-content\/uploads\/2014\/03\/logo_fibramar.png","width":323,"height":77,"caption":"Fibramar"},"image":{"@id":"https:\/\/www.fibramar.pt\/web\/#\/schema\/logo\/image\/"},"sameAs":["https:\/\/www.facebook.com\/fibramar","https:\/\/www.instagram.com\/fibramar","https:\/\/www.pinterest.pt\/fibramar","https:\/\/www.youtube.com\/fibramarboats"]}]}},"_links":{"self":[{"href":"https:\/\/www.fibramar.pt\/web\/wp-json\/wp\/v2\/pages\/181"}],"collection":[{"href":"https:\/\/www.fibramar.pt\/web\/wp-json\/wp\/v2\/pages"}],"about":[{"href":"https:\/\/www.fibramar.pt\/web\/wp-json\/wp\/v2\/types\/page"}],"author":[{"embeddable":true,"href":"https:\/\/www.fibramar.pt\/web\/wp-json\/wp\/v2\/users\/1"}],"replies":[{"embeddable":true,"href":"https:\/\/www.fibramar.pt\/web\/wp-json\/wp\/v2\/comments?post=181"}],"version-history":[{"count":14,"href":"https:\/\/www.fibramar.pt\/web\/wp-json\/wp\/v2\/pages\/181\/revisions"}],"predecessor-version":[{"id":3633,"href":"https:\/\/www.fibramar.pt\/web\/wp-json\/wp\/v2\/pages\/181\/revisions\/3633"}],"wp:attachment":[{"href":"https:\/\/www.fibramar.pt\/web\/wp-json\/wp\/v2\/media?parent=181"}],"curies":[{"name":"wp","href":"https:\/\/api.w.org\/{rel}","templated":true}]}}