{"id":1941,"date":"2016-05-27T13:57:24","date_gmt":"2016-05-27T13:57:24","guid":{"rendered":"http:\/\/www.fibramar.pt\/web\/?page_id=1941"},"modified":"2023-11-16T17:48:00","modified_gmt":"2023-11-16T17:48:00","slug":"consola-c2","status":"publish","type":"page","link":"https:\/\/www.fibramar.pt\/web\/consola-c2\/","title":{"rendered":"consola C2"},"content":{"rendered":"<div\n\tclass=\"ngg-galleryoverview ngg-ajax-pagination-none\"\n\tid=\"ngg-gallery-4b4387e86cf4d1aeaa625130fcf4a352-1\">\n\n    \t\t<!-- Thumbnails -->\n\t\t\t\t<div id=\"ngg-image-0\" class=\"ngg-gallery-thumbnail-box\" >\n\t\t\t\t        <div class=\"ngg-gallery-thumbnail\">\n            <a href=\"https:\/\/www.fibramar.pt\/web\/wp-content\/gallery\/c2\/C2-1.jpg\"\n               title=\"\"\n               data-src=\"https:\/\/www.fibramar.pt\/web\/wp-content\/gallery\/c2\/C2-1.jpg\"\n               data-thumbnail=\"https:\/\/www.fibramar.pt\/web\/wp-content\/gallery\/c2\/thumbs\/thumbs_C2-1.jpg\"\n               data-image-id=\"525\"\n               data-title=\"C2-1\"\n               data-description=\"\"\n               data-image-slug=\"c2-1\"\n               >\n                <img\n                    title=\"C2-1\"\n                    alt=\"C2-1\"\n                    src=\"https:\/\/www.fibramar.pt\/web\/wp-content\/gallery\/c2\/dynamic\/C2-1.jpg-nggid03525-ngg0dyn-360x240x100-00f0w010c010r110f110r010t010.jpg\"\n                    width=\"160\"\n                    height=\"240\"\n                    style=\"max-width:100%;\"\n                \/>\n            <\/a>\n        <\/div>\n\t\t\t\t\t\t\t<\/div> \n\t\t\t\n        \n\t\t\t\t<div id=\"ngg-image-1\" class=\"ngg-gallery-thumbnail-box\" >\n\t\t\t\t        <div class=\"ngg-gallery-thumbnail\">\n            <a href=\"https:\/\/www.fibramar.pt\/web\/wp-content\/gallery\/c2\/C2-2.jpg\"\n               title=\"\"\n               data-src=\"https:\/\/www.fibramar.pt\/web\/wp-content\/gallery\/c2\/C2-2.jpg\"\n               data-thumbnail=\"https:\/\/www.fibramar.pt\/web\/wp-content\/gallery\/c2\/thumbs\/thumbs_C2-2.jpg\"\n               data-image-id=\"526\"\n               data-title=\"C2-2\"\n               data-description=\"\"\n               data-image-slug=\"c2-2\"\n               >\n                <img\n                    title=\"C2-2\"\n                    alt=\"C2-2\"\n                    src=\"https:\/\/www.fibramar.pt\/web\/wp-content\/gallery\/c2\/dynamic\/C2-2.jpg-nggid03526-ngg0dyn-360x240x100-00f0w010c010r110f110r010t010.jpg\"\n                    width=\"160\"\n                    height=\"240\"\n                    style=\"max-width:100%;\"\n                \/>\n            <\/a>\n        <\/div>\n\t\t\t\t\t\t\t<\/div> \n\t\t\t\n        \n\t\t\t\t<div id=\"ngg-image-2\" class=\"ngg-gallery-thumbnail-box\" >\n\t\t\t\t        <div class=\"ngg-gallery-thumbnail\">\n            <a href=\"https:\/\/www.fibramar.pt\/web\/wp-content\/gallery\/c2\/C2-3.jpg\"\n               title=\"\"\n               data-src=\"https:\/\/www.fibramar.pt\/web\/wp-content\/gallery\/c2\/C2-3.jpg\"\n               data-thumbnail=\"https:\/\/www.fibramar.pt\/web\/wp-content\/gallery\/c2\/thumbs\/thumbs_C2-3.jpg\"\n               data-image-id=\"527\"\n               data-title=\"C2-3\"\n               data-description=\"\"\n               data-image-slug=\"c2-3\"\n               >\n                <img\n                    title=\"C2-3\"\n                    alt=\"C2-3\"\n                    src=\"https:\/\/www.fibramar.pt\/web\/wp-content\/gallery\/c2\/dynamic\/C2-3.jpg-nggid03527-ngg0dyn-360x240x100-00f0w010c010r110f110r010t010.jpg\"\n                    width=\"160\"\n                    height=\"240\"\n                    style=\"max-width:100%;\"\n                \/>\n            <\/a>\n        <\/div>\n\t\t\t\t\t\t\t<\/div> \n\t\t\t\n        \n\t\t\t\t<div id=\"ngg-image-3\" class=\"ngg-gallery-thumbnail-box\" >\n\t\t\t\t        <div class=\"ngg-gallery-thumbnail\">\n            <a href=\"https:\/\/www.fibramar.pt\/web\/wp-content\/gallery\/c2\/C2-4.jpg\"\n               title=\"\"\n               data-src=\"https:\/\/www.fibramar.pt\/web\/wp-content\/gallery\/c2\/C2-4.jpg\"\n               data-thumbnail=\"https:\/\/www.fibramar.pt\/web\/wp-content\/gallery\/c2\/thumbs\/thumbs_C2-4.jpg\"\n               data-image-id=\"528\"\n               data-title=\"C2-4\"\n               data-description=\"\"\n               data-image-slug=\"c2-4\"\n               >\n                <img\n                    title=\"C2-4\"\n                    alt=\"C2-4\"\n                    src=\"https:\/\/www.fibramar.pt\/web\/wp-content\/gallery\/c2\/dynamic\/C2-4.jpg-nggid03528-ngg0dyn-360x240x100-00f0w010c010r110f110r010t010.jpg\"\n                    width=\"160\"\n                    height=\"240\"\n                    style=\"max-width:100%;\"\n                \/>\n            <\/a>\n        <\/div>\n\t\t\t\t\t\t\t<\/div> \n\t\t\t\n        \n\t\t\t\t<div id=\"ngg-image-4\" class=\"ngg-gallery-thumbnail-box\" >\n\t\t\t\t        <div class=\"ngg-gallery-thumbnail\">\n            <a href=\"https:\/\/www.fibramar.pt\/web\/wp-content\/gallery\/c2\/C2-5.jpg\"\n               title=\"\"\n               data-src=\"https:\/\/www.fibramar.pt\/web\/wp-content\/gallery\/c2\/C2-5.jpg\"\n               data-thumbnail=\"https:\/\/www.fibramar.pt\/web\/wp-content\/gallery\/c2\/thumbs\/thumbs_C2-5.jpg\"\n               data-image-id=\"529\"\n               data-title=\"C2-5\"\n               data-description=\"\"\n               data-image-slug=\"c2-5\"\n               >\n                <img\n                    title=\"C2-5\"\n                    alt=\"C2-5\"\n                    src=\"https:\/\/www.fibramar.pt\/web\/wp-content\/gallery\/c2\/dynamic\/C2-5.jpg-nggid03529-ngg0dyn-360x240x100-00f0w010c010r110f110r010t010.jpg\"\n                    width=\"160\"\n                    height=\"240\"\n                    style=\"max-width:100%;\"\n                \/>\n            <\/a>\n        <\/div>\n\t\t\t\t\t\t\t<\/div> \n\t\t\t\n        \n\t\t\n\t\t<!-- Pagination -->\n\t<div class='ngg-clear'><\/div>\t<\/div>\n\n<h4 class=\"lined-section color2\">Resumo do produto<span><\/span><\/h4>\n<p style=\"text-align: justify;\">Consola de pequenas dimens\u00f5es para pilotagem em p\u00e9 com prateleira aberta para arrumos. Adequada aos modelos <em>430<\/em>, <em>485<\/em>, <em>550<\/em> e <em>600 Pescador<\/em>.<br \/>\nDimens\u00f5es com vidro e varandim: 43x58x135cm (PxLxA)<br \/>\nDimens\u00f5es sem vidro e varandim: 43x51x109cm (PxLxA)<\/p>\n<div class=\"row\">\n<div class=\"grid6\">\n<h4 class=\"lined-section color2\">Equipamento standard<span><\/span><\/h4>\n<p style=\"text-align: justify;\"><strong>\u2013 Constru\u00e7\u00e3o:<\/strong><br \/>\n&nbsp; &nbsp;Gel coat branco<br \/>\n&nbsp; &nbsp;Acabamento interior com top coat cinzento<\/p>\n<p><strong>\u2013 Seguran\u00e7a:<br \/>\n<\/strong>&nbsp; &nbsp;Varandim<br \/>\n&nbsp; &nbsp;Porta em PRFV com fechadura<\/p>\n<p><strong>\u2013 Arrumos:<br \/>\n<\/strong>&nbsp; &nbsp;Compartimento superior independente para pequenos arrumos<\/p>\n<p><strong>\u2013 Conforto:<br \/>\n<\/strong>&nbsp; &nbsp;P\u00e1ra-brisas em acr\u00edlico escuro<br \/>\n&nbsp; &nbsp;Painel de instrumentos acabado com pel\u00edcula de fibra de carbono<\/p>\n<\/div>\n<div class=\"grid6\">\n<h4 class=\"lined-section color2\">Equipamento opcional<span><\/span><\/h4>\n<p><strong>\u2013 Constru\u00e7\u00e3o:<br \/>\n<\/strong>&nbsp; &nbsp;Cor do gel coat<br \/>\n&nbsp; &nbsp;Cor do acabamento interior (top coat)<br \/>\n&nbsp; &nbsp;Refor\u00e7os para instala\u00e7\u00e3o de equipamentos<\/p>\n<p><strong>\u2013 Seguran\u00e7a:<\/strong><br \/>\n&nbsp; &nbsp;Pegas<\/p>\n<p><strong>\u2013 Conforto:<br \/>\n<\/strong>&nbsp; &nbsp;Cor do p\u00e1ra-brisas<br \/>\n&nbsp; &nbsp;Grelhas de ventila\u00e7\u00e3o<br \/>\n&nbsp; &nbsp;Suportes para canas<br \/>\n&nbsp; &nbsp;Suporte para bocal de combust\u00edvel<br \/>\n&nbsp; &nbsp;Porta estanque em pl\u00e1stico<br \/>\n&nbsp; &nbsp;Capa \/ cobertura em lona<\/p>\n<\/div>\n<\/div>\n<p>&nbsp;<\/p>\n","protected":false},"excerpt":{"rendered":"<p>Consola de pequenas dimens\u00f5es para pilotagem em p\u00e9 com prateleira aberta para arrumos. Adequada aos modelos 430, 485, 550 e 600 Pescador. Dimens\u00f5es com vidro e varandim: 43x58x135cm (PxLxA) Dimens\u00f5es sem vidro e varandim: 43x51x109cm (PxLxA) &nbsp;<\/p>\n","protected":false},"author":1,"featured_media":0,"parent":0,"menu_order":0,"comment_status":"closed","ping_status":"closed","template":"","meta":{"ngg_post_thumbnail":0,"_mi_skip_tracking":false},"yoast_head":"<!-- This site is optimized with the Yoast SEO plugin v20.2.1 - https:\/\/yoast.com\/wordpress\/plugins\/seo\/ -->\n<title>consola C2 | FIBRAMAR<\/title>\n<meta name=\"robots\" content=\"index, follow, max-snippet:-1, max-image-preview:large, max-video-preview:-1\" \/>\n<link rel=\"canonical\" href=\"https:\/\/www.fibramar.pt\/web\/consola-c2\/\" \/>\n<meta property=\"og:locale\" content=\"pt_PT\" \/>\n<meta property=\"og:type\" content=\"article\" \/>\n<meta property=\"og:title\" content=\"consola C2 | FIBRAMAR\" \/>\n<meta property=\"og:description\" content=\"Consola de pequenas dimens\u00f5es para pilotagem em p\u00e9 com prateleira aberta para arrumos. Adequada aos modelos 430, 485, 550 e 600 Pescador. Dimens\u00f5es com vidro e varandim: 43x58x135cm (PxLxA) Dimens\u00f5es sem vidro e varandim: 43x51x109cm (PxLxA) &nbsp;\" \/>\n<meta property=\"og:url\" content=\"https:\/\/www.fibramar.pt\/web\/consola-c2\/\" \/>\n<meta property=\"og:site_name\" content=\"FIBRAMAR\" \/>\n<meta property=\"article:publisher\" content=\"https:\/\/www.facebook.com\/fibramar\" \/>\n<meta property=\"article:modified_time\" content=\"2023-11-16T17:48:00+00:00\" \/>\n<meta name=\"twitter:card\" content=\"summary_large_image\" \/>\n<meta name=\"twitter:label1\" content=\"Tempo estimado de leitura\" \/>\n\t<meta name=\"twitter:data1\" content=\"1 minuto\" \/>\n<script type=\"application\/ld+json\" class=\"yoast-schema-graph\">{\"@context\":\"https:\/\/schema.org\",\"@graph\":[{\"@type\":\"WebPage\",\"@id\":\"https:\/\/www.fibramar.pt\/web\/consola-c2\/\",\"url\":\"https:\/\/www.fibramar.pt\/web\/consola-c2\/\",\"name\":\"consola C2 | FIBRAMAR\",\"isPartOf\":{\"@id\":\"https:\/\/www.fibramar.pt\/web\/#website\"},\"datePublished\":\"2016-05-27T13:57:24+00:00\",\"dateModified\":\"2023-11-16T17:48:00+00:00\",\"breadcrumb\":{\"@id\":\"https:\/\/www.fibramar.pt\/web\/consola-c2\/#breadcrumb\"},\"inLanguage\":\"pt-PT\",\"potentialAction\":[{\"@type\":\"ReadAction\",\"target\":[\"https:\/\/www.fibramar.pt\/web\/consola-c2\/\"]}]},{\"@type\":\"BreadcrumbList\",\"@id\":\"https:\/\/www.fibramar.pt\/web\/consola-c2\/#breadcrumb\",\"itemListElement\":[{\"@type\":\"ListItem\",\"position\":1,\"name\":\"In\u00edcio\",\"item\":\"https:\/\/www.fibramar.pt\/web\/\"},{\"@type\":\"ListItem\",\"position\":2,\"name\":\"consola C2\"}]},{\"@type\":\"WebSite\",\"@id\":\"https:\/\/www.fibramar.pt\/web\/#website\",\"url\":\"https:\/\/www.fibramar.pt\/web\/\",\"name\":\":: FIBRAMAR\",\"description\":\"\",\"publisher\":{\"@id\":\"https:\/\/www.fibramar.pt\/web\/#organization\"},\"potentialAction\":[{\"@type\":\"SearchAction\",\"target\":{\"@type\":\"EntryPoint\",\"urlTemplate\":\"https:\/\/www.fibramar.pt\/web\/?s={search_term_string}\"},\"query-input\":\"required name=search_term_string\"}],\"inLanguage\":\"pt-PT\"},{\"@type\":\"Organization\",\"@id\":\"https:\/\/www.fibramar.pt\/web\/#organization\",\"name\":\"Fibramar\",\"url\":\"https:\/\/www.fibramar.pt\/web\/\",\"logo\":{\"@type\":\"ImageObject\",\"inLanguage\":\"pt-PT\",\"@id\":\"https:\/\/www.fibramar.pt\/web\/#\/schema\/logo\/image\/\",\"url\":\"https:\/\/www.fibramar.pt\/web\/wp-content\/uploads\/2014\/03\/logo_fibramar.png\",\"contentUrl\":\"https:\/\/www.fibramar.pt\/web\/wp-content\/uploads\/2014\/03\/logo_fibramar.png\",\"width\":323,\"height\":77,\"caption\":\"Fibramar\"},\"image\":{\"@id\":\"https:\/\/www.fibramar.pt\/web\/#\/schema\/logo\/image\/\"},\"sameAs\":[\"https:\/\/www.facebook.com\/fibramar\",\"https:\/\/www.instagram.com\/fibramar\",\"https:\/\/www.pinterest.pt\/fibramar\",\"https:\/\/www.youtube.com\/fibramarboats\"]}]}<\/script>\n<!-- \/ Yoast SEO plugin. -->","yoast_head_json":{"title":"consola C2 | FIBRAMAR","robots":{"index":"index","follow":"follow","max-snippet":"max-snippet:-1","max-image-preview":"max-image-preview:large","max-video-preview":"max-video-preview:-1"},"canonical":"https:\/\/www.fibramar.pt\/web\/consola-c2\/","og_locale":"pt_PT","og_type":"article","og_title":"consola C2 | FIBRAMAR","og_description":"Consola de pequenas dimens\u00f5es para pilotagem em p\u00e9 com prateleira aberta para arrumos. Adequada aos modelos 430, 485, 550 e 600 Pescador. Dimens\u00f5es com vidro e varandim: 43x58x135cm (PxLxA) Dimens\u00f5es sem vidro e varandim: 43x51x109cm (PxLxA) &nbsp;","og_url":"https:\/\/www.fibramar.pt\/web\/consola-c2\/","og_site_name":"FIBRAMAR","article_publisher":"https:\/\/www.facebook.com\/fibramar","article_modified_time":"2023-11-16T17:48:00+00:00","twitter_card":"summary_large_image","twitter_misc":{"Tempo estimado de leitura":"1 minuto"},"schema":{"@context":"https:\/\/schema.org","@graph":[{"@type":"WebPage","@id":"https:\/\/www.fibramar.pt\/web\/consola-c2\/","url":"https:\/\/www.fibramar.pt\/web\/consola-c2\/","name":"consola C2 | FIBRAMAR","isPartOf":{"@id":"https:\/\/www.fibramar.pt\/web\/#website"},"datePublished":"2016-05-27T13:57:24+00:00","dateModified":"2023-11-16T17:48:00+00:00","breadcrumb":{"@id":"https:\/\/www.fibramar.pt\/web\/consola-c2\/#breadcrumb"},"inLanguage":"pt-PT","potentialAction":[{"@type":"ReadAction","target":["https:\/\/www.fibramar.pt\/web\/consola-c2\/"]}]},{"@type":"BreadcrumbList","@id":"https:\/\/www.fibramar.pt\/web\/consola-c2\/#breadcrumb","itemListElement":[{"@type":"ListItem","position":1,"name":"In\u00edcio","item":"https:\/\/www.fibramar.pt\/web\/"},{"@type":"ListItem","position":2,"name":"consola C2"}]},{"@type":"WebSite","@id":"https:\/\/www.fibramar.pt\/web\/#website","url":"https:\/\/www.fibramar.pt\/web\/","name":":: FIBRAMAR","description":"","publisher":{"@id":"https:\/\/www.fibramar.pt\/web\/#organization"},"potentialAction":[{"@type":"SearchAction","target":{"@type":"EntryPoint","urlTemplate":"https:\/\/www.fibramar.pt\/web\/?s={search_term_string}"},"query-input":"required name=search_term_string"}],"inLanguage":"pt-PT"},{"@type":"Organization","@id":"https:\/\/www.fibramar.pt\/web\/#organization","name":"Fibramar","url":"https:\/\/www.fibramar.pt\/web\/","logo":{"@type":"ImageObject","inLanguage":"pt-PT","@id":"https:\/\/www.fibramar.pt\/web\/#\/schema\/logo\/image\/","url":"https:\/\/www.fibramar.pt\/web\/wp-content\/uploads\/2014\/03\/logo_fibramar.png","contentUrl":"https:\/\/www.fibramar.pt\/web\/wp-content\/uploads\/2014\/03\/logo_fibramar.png","width":323,"height":77,"caption":"Fibramar"},"image":{"@id":"https:\/\/www.fibramar.pt\/web\/#\/schema\/logo\/image\/"},"sameAs":["https:\/\/www.facebook.com\/fibramar","https:\/\/www.instagram.com\/fibramar","https:\/\/www.pinterest.pt\/fibramar","https:\/\/www.youtube.com\/fibramarboats"]}]}},"_links":{"self":[{"href":"https:\/\/www.fibramar.pt\/web\/wp-json\/wp\/v2\/pages\/1941"}],"collection":[{"href":"https:\/\/www.fibramar.pt\/web\/wp-json\/wp\/v2\/pages"}],"about":[{"href":"https:\/\/www.fibramar.pt\/web\/wp-json\/wp\/v2\/types\/page"}],"author":[{"embeddable":true,"href":"https:\/\/www.fibramar.pt\/web\/wp-json\/wp\/v2\/users\/1"}],"replies":[{"embeddable":true,"href":"https:\/\/www.fibramar.pt\/web\/wp-json\/wp\/v2\/comments?post=1941"}],"version-history":[{"count":17,"href":"https:\/\/www.fibramar.pt\/web\/wp-json\/wp\/v2\/pages\/1941\/revisions"}],"predecessor-version":[{"id":3763,"href":"https:\/\/www.fibramar.pt\/web\/wp-json\/wp\/v2\/pages\/1941\/revisions\/3763"}],"wp:attachment":[{"href":"https:\/\/www.fibramar.pt\/web\/wp-json\/wp\/v2\/media?parent=1941"}],"curies":[{"name":"wp","href":"https:\/\/api.w.org\/{rel}","templated":true}]}}