{"id":1943,"date":"2016-05-27T14:02:56","date_gmt":"2016-05-27T14:02:56","guid":{"rendered":"http:\/\/www.fibramar.pt\/web\/?page_id=1943"},"modified":"2023-11-16T17:52:33","modified_gmt":"2023-11-16T17:52:33","slug":"consola-c5","status":"publish","type":"page","link":"https:\/\/www.fibramar.pt\/web\/consola-c5\/","title":{"rendered":"consola C5"},"content":{"rendered":"<div\n\tclass=\"ngg-galleryoverview ngg-ajax-pagination-none\"\n\tid=\"ngg-gallery-3cb5c51d3d7e2ea19a63bb8418832a23-1\">\n\n    \t\t<!-- Thumbnails -->\n\t\t\t\t<div id=\"ngg-image-0\" class=\"ngg-gallery-thumbnail-box\" >\n\t\t\t\t        <div class=\"ngg-gallery-thumbnail\">\n            <a href=\"https:\/\/www.fibramar.pt\/web\/wp-content\/gallery\/consolamedianova\/c5-1.jpg\"\n               title=\"\"\n               data-src=\"https:\/\/www.fibramar.pt\/web\/wp-content\/gallery\/consolamedianova\/c5-1.jpg\"\n               data-thumbnail=\"https:\/\/www.fibramar.pt\/web\/wp-content\/gallery\/consolamedianova\/thumbs\/thumbs_c5-1.jpg\"\n               data-image-id=\"414\"\n               data-title=\"C5\"\n               data-description=\"\"\n               data-image-slug=\"c5-1\"\n               >\n                <img\n                    title=\"C5\"\n                    alt=\"C5\"\n                    src=\"https:\/\/www.fibramar.pt\/web\/wp-content\/gallery\/consolamedianova\/dynamic\/c5-1.jpg-nggid03414-ngg0dyn-360x240x100-00f0w010c010r110f110r010t010.jpg\"\n                    width=\"160\"\n                    height=\"240\"\n                    style=\"max-width:100%;\"\n                \/>\n            <\/a>\n        <\/div>\n\t\t\t\t\t\t\t<\/div> \n\t\t\t\n        \n\t\t\t\t<div id=\"ngg-image-1\" class=\"ngg-gallery-thumbnail-box\" >\n\t\t\t\t        <div class=\"ngg-gallery-thumbnail\">\n            <a href=\"https:\/\/www.fibramar.pt\/web\/wp-content\/gallery\/consolamedianova\/c5-2.jpg\"\n               title=\"\"\n               data-src=\"https:\/\/www.fibramar.pt\/web\/wp-content\/gallery\/consolamedianova\/c5-2.jpg\"\n               data-thumbnail=\"https:\/\/www.fibramar.pt\/web\/wp-content\/gallery\/consolamedianova\/thumbs\/thumbs_c5-2.jpg\"\n               data-image-id=\"415\"\n               data-title=\"C5\"\n               data-description=\"\"\n               data-image-slug=\"c5-2\"\n               >\n                <img\n                    title=\"C5\"\n                    alt=\"C5\"\n                    src=\"https:\/\/www.fibramar.pt\/web\/wp-content\/gallery\/consolamedianova\/dynamic\/c5-2.jpg-nggid03415-ngg0dyn-360x240x100-00f0w010c010r110f110r010t010.jpg\"\n                    width=\"160\"\n                    height=\"240\"\n                    style=\"max-width:100%;\"\n                \/>\n            <\/a>\n        <\/div>\n\t\t\t\t\t\t\t<\/div> \n\t\t\t\n        \n\t\t\t\t<div id=\"ngg-image-2\" class=\"ngg-gallery-thumbnail-box\" >\n\t\t\t\t        <div class=\"ngg-gallery-thumbnail\">\n            <a href=\"https:\/\/www.fibramar.pt\/web\/wp-content\/gallery\/consolamedianova\/c5-3.jpg\"\n               title=\"\"\n               data-src=\"https:\/\/www.fibramar.pt\/web\/wp-content\/gallery\/consolamedianova\/c5-3.jpg\"\n               data-thumbnail=\"https:\/\/www.fibramar.pt\/web\/wp-content\/gallery\/consolamedianova\/thumbs\/thumbs_c5-3.jpg\"\n               data-image-id=\"416\"\n               data-title=\"C5\"\n               data-description=\"\"\n               data-image-slug=\"c5-3\"\n               >\n                <img\n                    title=\"C5\"\n                    alt=\"C5\"\n                    src=\"https:\/\/www.fibramar.pt\/web\/wp-content\/gallery\/consolamedianova\/dynamic\/c5-3.jpg-nggid03416-ngg0dyn-360x240x100-00f0w010c010r110f110r010t010.jpg\"\n                    width=\"160\"\n                    height=\"240\"\n                    style=\"max-width:100%;\"\n                \/>\n            <\/a>\n        <\/div>\n\t\t\t\t\t\t\t<\/div> \n\t\t\t\n        \n\t\t\t\t<div id=\"ngg-image-3\" class=\"ngg-gallery-thumbnail-box\" >\n\t\t\t\t        <div class=\"ngg-gallery-thumbnail\">\n            <a href=\"https:\/\/www.fibramar.pt\/web\/wp-content\/gallery\/consolamedianova\/c5-4.jpg\"\n               title=\"\"\n               data-src=\"https:\/\/www.fibramar.pt\/web\/wp-content\/gallery\/consolamedianova\/c5-4.jpg\"\n               data-thumbnail=\"https:\/\/www.fibramar.pt\/web\/wp-content\/gallery\/consolamedianova\/thumbs\/thumbs_c5-4.jpg\"\n               data-image-id=\"417\"\n               data-title=\"C5\"\n               data-description=\"\"\n               data-image-slug=\"c5-4\"\n               >\n                <img\n                    title=\"C5\"\n                    alt=\"C5\"\n                    src=\"https:\/\/www.fibramar.pt\/web\/wp-content\/gallery\/consolamedianova\/dynamic\/c5-4.jpg-nggid03417-ngg0dyn-360x240x100-00f0w010c010r110f110r010t010.jpg\"\n                    width=\"160\"\n                    height=\"240\"\n                    style=\"max-width:100%;\"\n                \/>\n            <\/a>\n        <\/div>\n\t\t\t\t\t\t\t<\/div> \n\t\t\t\n        \n\t\t\t\t<div id=\"ngg-image-4\" class=\"ngg-gallery-thumbnail-box\" >\n\t\t\t\t        <div class=\"ngg-gallery-thumbnail\">\n            <a href=\"https:\/\/www.fibramar.pt\/web\/wp-content\/gallery\/consolamedianova\/c5-5.jpg\"\n               title=\"\"\n               data-src=\"https:\/\/www.fibramar.pt\/web\/wp-content\/gallery\/consolamedianova\/c5-5.jpg\"\n               data-thumbnail=\"https:\/\/www.fibramar.pt\/web\/wp-content\/gallery\/consolamedianova\/thumbs\/thumbs_c5-5.jpg\"\n               data-image-id=\"418\"\n               data-title=\"C5\"\n               data-description=\"\"\n               data-image-slug=\"c5-5\"\n               >\n                <img\n                    title=\"C5\"\n                    alt=\"C5\"\n                    src=\"https:\/\/www.fibramar.pt\/web\/wp-content\/gallery\/consolamedianova\/dynamic\/c5-5.jpg-nggid03418-ngg0dyn-360x240x100-00f0w010c010r110f110r010t010.jpg\"\n                    width=\"160\"\n                    height=\"240\"\n                    style=\"max-width:100%;\"\n                \/>\n            <\/a>\n        <\/div>\n\t\t\t\t\t\t\t<\/div> \n\t\t\t\n        \n\t\t\t\t<div id=\"ngg-image-5\" class=\"ngg-gallery-thumbnail-box\" >\n\t\t\t\t        <div class=\"ngg-gallery-thumbnail\">\n            <a href=\"https:\/\/www.fibramar.pt\/web\/wp-content\/gallery\/consolamedianova\/c5-6.jpg\"\n               title=\"\"\n               data-src=\"https:\/\/www.fibramar.pt\/web\/wp-content\/gallery\/consolamedianova\/c5-6.jpg\"\n               data-thumbnail=\"https:\/\/www.fibramar.pt\/web\/wp-content\/gallery\/consolamedianova\/thumbs\/thumbs_c5-6.jpg\"\n               data-image-id=\"419\"\n               data-title=\"C5\"\n               data-description=\"\"\n               data-image-slug=\"c5-6\"\n               >\n                <img\n                    title=\"C5\"\n                    alt=\"C5\"\n                    src=\"https:\/\/www.fibramar.pt\/web\/wp-content\/gallery\/consolamedianova\/dynamic\/c5-6.jpg-nggid03419-ngg0dyn-360x240x100-00f0w010c010r110f110r010t010.jpg\"\n                    width=\"160\"\n                    height=\"240\"\n                    style=\"max-width:100%;\"\n                \/>\n            <\/a>\n        <\/div>\n\t\t\t\t\t\t\t<\/div> \n\t\t\t\n        \n\t\t\t\t<div id=\"ngg-image-6\" class=\"ngg-gallery-thumbnail-box\" >\n\t\t\t\t        <div class=\"ngg-gallery-thumbnail\">\n            <a href=\"https:\/\/www.fibramar.pt\/web\/wp-content\/gallery\/consolamedianova\/c5-7.jpg\"\n               title=\"\"\n               data-src=\"https:\/\/www.fibramar.pt\/web\/wp-content\/gallery\/consolamedianova\/c5-7.jpg\"\n               data-thumbnail=\"https:\/\/www.fibramar.pt\/web\/wp-content\/gallery\/consolamedianova\/thumbs\/thumbs_c5-7.jpg\"\n               data-image-id=\"622\"\n               data-title=\"C5\"\n               data-description=\"\"\n               data-image-slug=\"c5-7\"\n               >\n                <img\n                    title=\"C5\"\n                    alt=\"C5\"\n                    src=\"https:\/\/www.fibramar.pt\/web\/wp-content\/gallery\/consolamedianova\/dynamic\/c5-7.jpg-nggid03622-ngg0dyn-360x240x100-00f0w010c010r110f110r010t010.jpg\"\n                    width=\"160\"\n                    height=\"240\"\n                    style=\"max-width:100%;\"\n                \/>\n            <\/a>\n        <\/div>\n\t\t\t\t\t\t\t<\/div> \n\t\t\t\n        \n\t\t\n\t\t<!-- Pagination -->\n\t<div class='ngg-clear'><\/div>\t<\/div>\n\n<h4 class=\"lined-section color2\">Resumo do produto<span><\/span><\/h4>\n<p style=\"text-align: justify;\">Consola com assento a vante para duas pessoas. Disp\u00f5e de 3 \u00e1reas de arrumos independentes: compartimento sob a tampa do assento, prateleira sob a zona do painel de instrumentos e compartimento com porta. Inclui apoio de costas almofadado.<br \/>\nAdequada para os modelos <em>485<\/em>, <em>550<\/em>, <em>600<\/em>, <em>700<\/em>,&nbsp;<em>780<\/em>&nbsp;e <em>900 Pescador <\/em>e para os modelos&nbsp;<em>550<\/em>&nbsp;e <em>600 Open<\/em>.<\/p>\n<p style=\"text-align: justify;\">Dimens\u00f5es com vidro e varandim: 95x83x140cm (PxLxA)<br \/>\nDimens\u00f5es sem vidro e varandim: 95x83x98cm (PxLxA)<br \/>\nAltura do assento sem almofada: 50cm<br \/>\nAltura do assento com almofada: 56cm<\/p>\n<div class=\"row\">\n<div class=\"grid6\">\n<h4 class=\"lined-section color2\">Equipamento standard<span><\/span><\/h4>\n<p style=\"text-align: justify;\"><strong>\u2013 Constru\u00e7\u00e3o:<\/strong><br \/>\n&nbsp; &nbsp;Gel coat branco<br \/>\n&nbsp; &nbsp;Acabamento interior com top coat cinzento<\/p>\n<p><strong>\u2013 Seguran\u00e7a:<br \/>\n<\/strong>&nbsp; &nbsp;Varandim<br \/>\n&nbsp; &nbsp;Porta em PRFV com fechadura<\/p>\n<p><strong>\u2013 Arrumos:<br \/>\n<\/strong>&nbsp; &nbsp;Compartimento superior independente para pequenos arrumos<br \/>\n&nbsp; &nbsp;Compartimento independente sob o banco integrado com porta em PRFV<\/p>\n<p><strong>\u2013 Conforto:<br \/>\n<\/strong>&nbsp; &nbsp;P\u00e1ra-brisas em acr\u00edlico escuro<br \/>\n&nbsp; &nbsp;Painel de instrumentos acabado com pel\u00edcula de fibra de carbono<br \/>\n&nbsp; &nbsp;Banco integrado a vante<br \/>\n&nbsp; &nbsp;Almofada de assento branca com detalhes em cinzento<br \/>\n&nbsp; &nbsp;Almofada de encosto de costas branca com detalhes em cinzento<\/p>\n<\/div>\n<div class=\"grid6\">\n<h4 class=\"lined-section color2\">Equipamento opcional<span><\/span><\/h4>\n<p><strong>\u2013 Constru\u00e7\u00e3o:<br \/>\n<\/strong>&nbsp; &nbsp;Cor do gel coat<br \/>\n&nbsp; &nbsp;Cor do acabamento interior (top coat)<br \/>\n&nbsp; &nbsp;Refor\u00e7os para instala\u00e7\u00e3o de equipamentos<\/p>\n<p><strong>\u2013 Seguran\u00e7a:<\/strong><br \/>\n&nbsp; &nbsp;Pegas<br \/>\n&nbsp; &nbsp;Porta-extintor<\/p>\n<p><strong>\u2013 Conforto:<br \/>\n<\/strong>&nbsp; &nbsp;Cor do p\u00e1ra-brisas<br \/>\n&nbsp; &nbsp;Cor das almofadas<br \/>\n&nbsp; &nbsp;Grelhas de ventila\u00e7\u00e3o<br \/>\n&nbsp; &nbsp;Suportes para canas<br \/>\n&nbsp; &nbsp;Suporte para bocal de combust\u00edvel<br \/>\n&nbsp; &nbsp;Porta estanque em pl\u00e1stico<br \/>\n&nbsp; &nbsp;Capa \/ cobertura em lona<\/p>\n<\/div>\n<\/div>\n<p>&nbsp;<\/p>\n","protected":false},"excerpt":{"rendered":"<p>Consola com assento a vante para duas pessoas. Disp\u00f5e de 3 \u00e1reas de arrumos independentes: compartimento sob a tampa do assento, prateleira sob a zona do painel de instrumentos e compartimento com porta. Inclui apoio de costas almofadado. Adequada para os modelos 485, 550, 600, 700,&nbsp;780&nbsp;e 900 Pescador e para os modelos&nbsp;550&nbsp;e 600 Open. Dimens\u00f5es [&hellip;]<\/p>\n","protected":false},"author":1,"featured_media":0,"parent":0,"menu_order":0,"comment_status":"closed","ping_status":"closed","template":"","meta":{"ngg_post_thumbnail":0,"_mi_skip_tracking":false},"yoast_head":"<!-- This site is optimized with the Yoast SEO plugin v20.2.1 - https:\/\/yoast.com\/wordpress\/plugins\/seo\/ -->\n<title>consola C5 | FIBRAMAR<\/title>\n<meta name=\"robots\" content=\"index, follow, max-snippet:-1, max-image-preview:large, max-video-preview:-1\" \/>\n<link rel=\"canonical\" href=\"https:\/\/www.fibramar.pt\/web\/consola-c5\/\" \/>\n<meta property=\"og:locale\" content=\"pt_PT\" \/>\n<meta property=\"og:type\" content=\"article\" \/>\n<meta property=\"og:title\" content=\"consola C5 | FIBRAMAR\" \/>\n<meta property=\"og:description\" content=\"Consola com assento a vante para duas pessoas. Disp\u00f5e de 3 \u00e1reas de arrumos independentes: compartimento sob a tampa do assento, prateleira sob a zona do painel de instrumentos e compartimento com porta. Inclui apoio de costas almofadado. Adequada para os modelos 485, 550, 600, 700,&nbsp;780&nbsp;e 900 Pescador e para os modelos&nbsp;550&nbsp;e 600 Open. Dimens\u00f5es [&hellip;]\" \/>\n<meta property=\"og:url\" content=\"https:\/\/www.fibramar.pt\/web\/consola-c5\/\" \/>\n<meta property=\"og:site_name\" content=\"FIBRAMAR\" \/>\n<meta property=\"article:publisher\" content=\"https:\/\/www.facebook.com\/fibramar\" \/>\n<meta property=\"article:modified_time\" content=\"2023-11-16T17:52:33+00:00\" \/>\n<meta name=\"twitter:card\" content=\"summary_large_image\" \/>\n<meta name=\"twitter:label1\" content=\"Tempo estimado de leitura\" \/>\n\t<meta name=\"twitter:data1\" content=\"2 minutos\" \/>\n<script type=\"application\/ld+json\" class=\"yoast-schema-graph\">{\"@context\":\"https:\/\/schema.org\",\"@graph\":[{\"@type\":\"WebPage\",\"@id\":\"https:\/\/www.fibramar.pt\/web\/consola-c5\/\",\"url\":\"https:\/\/www.fibramar.pt\/web\/consola-c5\/\",\"name\":\"consola C5 | FIBRAMAR\",\"isPartOf\":{\"@id\":\"https:\/\/www.fibramar.pt\/web\/#website\"},\"datePublished\":\"2016-05-27T14:02:56+00:00\",\"dateModified\":\"2023-11-16T17:52:33+00:00\",\"breadcrumb\":{\"@id\":\"https:\/\/www.fibramar.pt\/web\/consola-c5\/#breadcrumb\"},\"inLanguage\":\"pt-PT\",\"potentialAction\":[{\"@type\":\"ReadAction\",\"target\":[\"https:\/\/www.fibramar.pt\/web\/consola-c5\/\"]}]},{\"@type\":\"BreadcrumbList\",\"@id\":\"https:\/\/www.fibramar.pt\/web\/consola-c5\/#breadcrumb\",\"itemListElement\":[{\"@type\":\"ListItem\",\"position\":1,\"name\":\"In\u00edcio\",\"item\":\"https:\/\/www.fibramar.pt\/web\/\"},{\"@type\":\"ListItem\",\"position\":2,\"name\":\"consola C5\"}]},{\"@type\":\"WebSite\",\"@id\":\"https:\/\/www.fibramar.pt\/web\/#website\",\"url\":\"https:\/\/www.fibramar.pt\/web\/\",\"name\":\":: FIBRAMAR\",\"description\":\"\",\"publisher\":{\"@id\":\"https:\/\/www.fibramar.pt\/web\/#organization\"},\"potentialAction\":[{\"@type\":\"SearchAction\",\"target\":{\"@type\":\"EntryPoint\",\"urlTemplate\":\"https:\/\/www.fibramar.pt\/web\/?s={search_term_string}\"},\"query-input\":\"required name=search_term_string\"}],\"inLanguage\":\"pt-PT\"},{\"@type\":\"Organization\",\"@id\":\"https:\/\/www.fibramar.pt\/web\/#organization\",\"name\":\"Fibramar\",\"url\":\"https:\/\/www.fibramar.pt\/web\/\",\"logo\":{\"@type\":\"ImageObject\",\"inLanguage\":\"pt-PT\",\"@id\":\"https:\/\/www.fibramar.pt\/web\/#\/schema\/logo\/image\/\",\"url\":\"https:\/\/www.fibramar.pt\/web\/wp-content\/uploads\/2014\/03\/logo_fibramar.png\",\"contentUrl\":\"https:\/\/www.fibramar.pt\/web\/wp-content\/uploads\/2014\/03\/logo_fibramar.png\",\"width\":323,\"height\":77,\"caption\":\"Fibramar\"},\"image\":{\"@id\":\"https:\/\/www.fibramar.pt\/web\/#\/schema\/logo\/image\/\"},\"sameAs\":[\"https:\/\/www.facebook.com\/fibramar\",\"https:\/\/www.instagram.com\/fibramar\",\"https:\/\/www.pinterest.pt\/fibramar\",\"https:\/\/www.youtube.com\/fibramarboats\"]}]}<\/script>\n<!-- \/ Yoast SEO plugin. -->","yoast_head_json":{"title":"consola C5 | FIBRAMAR","robots":{"index":"index","follow":"follow","max-snippet":"max-snippet:-1","max-image-preview":"max-image-preview:large","max-video-preview":"max-video-preview:-1"},"canonical":"https:\/\/www.fibramar.pt\/web\/consola-c5\/","og_locale":"pt_PT","og_type":"article","og_title":"consola C5 | FIBRAMAR","og_description":"Consola com assento a vante para duas pessoas. Disp\u00f5e de 3 \u00e1reas de arrumos independentes: compartimento sob a tampa do assento, prateleira sob a zona do painel de instrumentos e compartimento com porta. Inclui apoio de costas almofadado. Adequada para os modelos 485, 550, 600, 700,&nbsp;780&nbsp;e 900 Pescador e para os modelos&nbsp;550&nbsp;e 600 Open. Dimens\u00f5es [&hellip;]","og_url":"https:\/\/www.fibramar.pt\/web\/consola-c5\/","og_site_name":"FIBRAMAR","article_publisher":"https:\/\/www.facebook.com\/fibramar","article_modified_time":"2023-11-16T17:52:33+00:00","twitter_card":"summary_large_image","twitter_misc":{"Tempo estimado de leitura":"2 minutos"},"schema":{"@context":"https:\/\/schema.org","@graph":[{"@type":"WebPage","@id":"https:\/\/www.fibramar.pt\/web\/consola-c5\/","url":"https:\/\/www.fibramar.pt\/web\/consola-c5\/","name":"consola C5 | FIBRAMAR","isPartOf":{"@id":"https:\/\/www.fibramar.pt\/web\/#website"},"datePublished":"2016-05-27T14:02:56+00:00","dateModified":"2023-11-16T17:52:33+00:00","breadcrumb":{"@id":"https:\/\/www.fibramar.pt\/web\/consola-c5\/#breadcrumb"},"inLanguage":"pt-PT","potentialAction":[{"@type":"ReadAction","target":["https:\/\/www.fibramar.pt\/web\/consola-c5\/"]}]},{"@type":"BreadcrumbList","@id":"https:\/\/www.fibramar.pt\/web\/consola-c5\/#breadcrumb","itemListElement":[{"@type":"ListItem","position":1,"name":"In\u00edcio","item":"https:\/\/www.fibramar.pt\/web\/"},{"@type":"ListItem","position":2,"name":"consola C5"}]},{"@type":"WebSite","@id":"https:\/\/www.fibramar.pt\/web\/#website","url":"https:\/\/www.fibramar.pt\/web\/","name":":: FIBRAMAR","description":"","publisher":{"@id":"https:\/\/www.fibramar.pt\/web\/#organization"},"potentialAction":[{"@type":"SearchAction","target":{"@type":"EntryPoint","urlTemplate":"https:\/\/www.fibramar.pt\/web\/?s={search_term_string}"},"query-input":"required name=search_term_string"}],"inLanguage":"pt-PT"},{"@type":"Organization","@id":"https:\/\/www.fibramar.pt\/web\/#organization","name":"Fibramar","url":"https:\/\/www.fibramar.pt\/web\/","logo":{"@type":"ImageObject","inLanguage":"pt-PT","@id":"https:\/\/www.fibramar.pt\/web\/#\/schema\/logo\/image\/","url":"https:\/\/www.fibramar.pt\/web\/wp-content\/uploads\/2014\/03\/logo_fibramar.png","contentUrl":"https:\/\/www.fibramar.pt\/web\/wp-content\/uploads\/2014\/03\/logo_fibramar.png","width":323,"height":77,"caption":"Fibramar"},"image":{"@id":"https:\/\/www.fibramar.pt\/web\/#\/schema\/logo\/image\/"},"sameAs":["https:\/\/www.facebook.com\/fibramar","https:\/\/www.instagram.com\/fibramar","https:\/\/www.pinterest.pt\/fibramar","https:\/\/www.youtube.com\/fibramarboats"]}]}},"_links":{"self":[{"href":"https:\/\/www.fibramar.pt\/web\/wp-json\/wp\/v2\/pages\/1943"}],"collection":[{"href":"https:\/\/www.fibramar.pt\/web\/wp-json\/wp\/v2\/pages"}],"about":[{"href":"https:\/\/www.fibramar.pt\/web\/wp-json\/wp\/v2\/types\/page"}],"author":[{"embeddable":true,"href":"https:\/\/www.fibramar.pt\/web\/wp-json\/wp\/v2\/users\/1"}],"replies":[{"embeddable":true,"href":"https:\/\/www.fibramar.pt\/web\/wp-json\/wp\/v2\/comments?post=1943"}],"version-history":[{"count":22,"href":"https:\/\/www.fibramar.pt\/web\/wp-json\/wp\/v2\/pages\/1943\/revisions"}],"predecessor-version":[{"id":3764,"href":"https:\/\/www.fibramar.pt\/web\/wp-json\/wp\/v2\/pages\/1943\/revisions\/3764"}],"wp:attachment":[{"href":"https:\/\/www.fibramar.pt\/web\/wp-json\/wp\/v2\/media?parent=1943"}],"curies":[{"name":"wp","href":"https:\/\/api.w.org\/{rel}","templated":true}]}}