{"id":3231,"date":"2021-11-16T12:01:47","date_gmt":"2021-11-16T12:01:47","guid":{"rendered":"https:\/\/www.fibramar.pt\/web\/?page_id=3231"},"modified":"2023-03-09T11:04:08","modified_gmt":"2023-03-09T11:04:08","slug":"900-pescador-cabina-proa-deluxe","status":"publish","type":"page","link":"https:\/\/www.fibramar.pt\/web\/900-pescador-cabina-proa-deluxe\/","title":{"rendered":"900 Pescador (cabina \u00e0 proa deluxe)"},"content":{"rendered":"<div\n\tclass=\"ngg-galleryoverview ngg-ajax-pagination-none\"\n\tid=\"ngg-gallery-209aa3e3a0e41e702c1bafe87f269c02-1\">\n\n    \t\t<!-- Thumbnails -->\n\t\t\t\t<div id=\"ngg-image-0\" class=\"ngg-gallery-thumbnail-box\" >\n\t\t\t\t        <div class=\"ngg-gallery-thumbnail\">\n            <a href=\"https:\/\/www.fibramar.pt\/web\/wp-content\/gallery\/900cabinaproadeluxe\/900Pescador_cabina_proa_deluxe_1.jpg\"\n               title=\"\"\n               data-src=\"https:\/\/www.fibramar.pt\/web\/wp-content\/gallery\/900cabinaproadeluxe\/900Pescador_cabina_proa_deluxe_1.jpg\"\n               data-thumbnail=\"https:\/\/www.fibramar.pt\/web\/wp-content\/gallery\/900cabinaproadeluxe\/thumbs\/thumbs_900Pescador_cabina_proa_deluxe_1.jpg\"\n               data-image-id=\"680\"\n               data-title=\"900 Pescador\"\n               data-description=\"\"\n               data-image-slug=\"900pescador_cabina_proa_deluxe_1\"\n               >\n                <img\n                    title=\"900 Pescador\"\n                    alt=\"900 Pescador\"\n                    src=\"https:\/\/www.fibramar.pt\/web\/wp-content\/gallery\/900cabinaproadeluxe\/dynamic\/900Pescador_cabina_proa_deluxe_1.jpg-nggid03680-ngg0dyn-360x240x100-00f0w010c010r110f110r010t010.jpg\"\n                    width=\"360\"\n                    height=\"240\"\n                    style=\"max-width:100%;\"\n                \/>\n            <\/a>\n        <\/div>\n\t\t\t\t\t\t\t<\/div> \n\t\t\t\n        \n\t\t\t\t<div id=\"ngg-image-1\" class=\"ngg-gallery-thumbnail-box\" >\n\t\t\t\t        <div class=\"ngg-gallery-thumbnail\">\n            <a href=\"https:\/\/www.fibramar.pt\/web\/wp-content\/gallery\/900cabinaproadeluxe\/900Pescador_cabina_proa_deluxe_2.jpg\"\n               title=\"\"\n               data-src=\"https:\/\/www.fibramar.pt\/web\/wp-content\/gallery\/900cabinaproadeluxe\/900Pescador_cabina_proa_deluxe_2.jpg\"\n               data-thumbnail=\"https:\/\/www.fibramar.pt\/web\/wp-content\/gallery\/900cabinaproadeluxe\/thumbs\/thumbs_900Pescador_cabina_proa_deluxe_2.jpg\"\n               data-image-id=\"681\"\n               data-title=\"900 Pescador\"\n               data-description=\"\"\n               data-image-slug=\"900pescador_cabina_proa_deluxe_2\"\n               >\n                <img\n                    title=\"900 Pescador\"\n                    alt=\"900 Pescador\"\n                    src=\"https:\/\/www.fibramar.pt\/web\/wp-content\/gallery\/900cabinaproadeluxe\/dynamic\/900Pescador_cabina_proa_deluxe_2.jpg-nggid03681-ngg0dyn-360x240x100-00f0w010c010r110f110r010t010.jpg\"\n                    width=\"360\"\n                    height=\"240\"\n                    style=\"max-width:100%;\"\n                \/>\n            <\/a>\n        <\/div>\n\t\t\t\t\t\t\t<\/div> \n\t\t\t\n        \n\t\t\t\t<div id=\"ngg-image-2\" class=\"ngg-gallery-thumbnail-box\" >\n\t\t\t\t        <div class=\"ngg-gallery-thumbnail\">\n            <a href=\"https:\/\/www.fibramar.pt\/web\/wp-content\/gallery\/900cabinaproadeluxe\/900Pescador_cabina_proa_deluxe_3.jpg\"\n               title=\"\"\n               data-src=\"https:\/\/www.fibramar.pt\/web\/wp-content\/gallery\/900cabinaproadeluxe\/900Pescador_cabina_proa_deluxe_3.jpg\"\n               data-thumbnail=\"https:\/\/www.fibramar.pt\/web\/wp-content\/gallery\/900cabinaproadeluxe\/thumbs\/thumbs_900Pescador_cabina_proa_deluxe_3.jpg\"\n               data-image-id=\"682\"\n               data-title=\"900 Pescador\"\n               data-description=\"\"\n               data-image-slug=\"900pescador_cabina_proa_deluxe_3\"\n               >\n                <img\n                    title=\"900 Pescador\"\n                    alt=\"900 Pescador\"\n                    src=\"https:\/\/www.fibramar.pt\/web\/wp-content\/gallery\/900cabinaproadeluxe\/dynamic\/900Pescador_cabina_proa_deluxe_3.jpg-nggid03682-ngg0dyn-360x240x100-00f0w010c010r110f110r010t010.jpg\"\n                    width=\"360\"\n                    height=\"240\"\n                    style=\"max-width:100%;\"\n                \/>\n            <\/a>\n        <\/div>\n\t\t\t\t\t\t\t<\/div> \n\t\t\t\n        \n\t\t\t\t<div id=\"ngg-image-3\" class=\"ngg-gallery-thumbnail-box\" >\n\t\t\t\t        <div class=\"ngg-gallery-thumbnail\">\n            <a href=\"https:\/\/www.fibramar.pt\/web\/wp-content\/gallery\/900cabinaproadeluxe\/900Pescador_cabina_proa_deluxe_4.jpg\"\n               title=\"\"\n               data-src=\"https:\/\/www.fibramar.pt\/web\/wp-content\/gallery\/900cabinaproadeluxe\/900Pescador_cabina_proa_deluxe_4.jpg\"\n               data-thumbnail=\"https:\/\/www.fibramar.pt\/web\/wp-content\/gallery\/900cabinaproadeluxe\/thumbs\/thumbs_900Pescador_cabina_proa_deluxe_4.jpg\"\n               data-image-id=\"683\"\n               data-title=\"900 Pescador\"\n               data-description=\"\"\n               data-image-slug=\"900pescador_cabina_proa_deluxe_4\"\n               >\n                <img\n                    title=\"900 Pescador\"\n                    alt=\"900 Pescador\"\n                    src=\"https:\/\/www.fibramar.pt\/web\/wp-content\/gallery\/900cabinaproadeluxe\/dynamic\/900Pescador_cabina_proa_deluxe_4.jpg-nggid03683-ngg0dyn-360x240x100-00f0w010c010r110f110r010t010.jpg\"\n                    width=\"360\"\n                    height=\"240\"\n                    style=\"max-width:100%;\"\n                \/>\n            <\/a>\n        <\/div>\n\t\t\t\t\t\t\t<\/div> \n\t\t\t\n        \n\t\t\n\t\t<!-- Pagination -->\n\t<div class='ngg-clear'><\/div>\t<\/div>\n\n<p><h4 class=\"lined-section color2\">Especifica\u00e7\u00f5es do&nbsp;<strong>FIBRAMAR 900 PESCADOR (CABINA \u00c0 PROA DELUXE)<\/strong><span><\/span><\/h4><\/p>\n<p><img decoding=\"async\" loading=\"lazy\" class=\"aligncenter wp-image-3260 size-full\" src=\"https:\/\/www.fibramar.pt\/web\/wp-content\/uploads\/2021\/11\/900Pescador_cabina_proa.jpg\" alt=\"\" width=\"1000\" height=\"107\" srcset=\"https:\/\/www.fibramar.pt\/web\/wp-content\/uploads\/2021\/11\/900Pescador_cabina_proa.jpg 1000w, https:\/\/www.fibramar.pt\/web\/wp-content\/uploads\/2021\/11\/900Pescador_cabina_proa-300x32.jpg 300w, https:\/\/www.fibramar.pt\/web\/wp-content\/uploads\/2021\/11\/900Pescador_cabina_proa-768x82.jpg 768w, https:\/\/www.fibramar.pt\/web\/wp-content\/uploads\/2021\/11\/900Pescador_cabina_proa-571x61.jpg 571w, https:\/\/www.fibramar.pt\/web\/wp-content\/uploads\/2021\/11\/900Pescador_cabina_proa-371x40.jpg 371w, https:\/\/www.fibramar.pt\/web\/wp-content\/uploads\/2021\/11\/900Pescador_cabina_proa-271x29.jpg 271w\" sizes=\"(max-width: 1000px) 100vw, 1000px\" \/><\/p>\n<p><h4 class=\"lined-section color2\">Resumo do produto<span><\/span><\/h4><\/p>\n<p style=\"text-align: justify;\">O modelo mais recente da&nbsp;<em>Fibramar<\/em>&nbsp;e o maior modelo da gama&nbsp;<em>Pescador<\/em>. <span class=\"s1\">Pretende oferecer um enorme espa\u00e7o de conv\u00e9s e constituir uma plataforma de trabalho extremamente est\u00e1vel. As grandes dimens\u00f5es do casco e a elevada lota\u00e7\u00e3o e capacidade de carga tornam este modelo muito vers\u00e1til podendo ser utilizado nas mais diversas actividades, nomeadamente na pesca profissional, apanha de algas, actividades mar\u00edtimo-tur\u00edsticas, mergulho e transporte de passageiros.<\/span><\/p>\n<p class=\"p1\" style=\"text-align: justify;\"><span class=\"s1\">Na vers\u00e3o com cabina \u00e0 proa <em>deluxe<\/em> oferece um po\u00e7o com 4,85m de comprimento. Este novo modelo de cabina apresenta um p\u00e1ra-brisas curvo de grandes dimens\u00f5es que melhora a visibilidade e o ressalto a vante cria espa\u00e7o interior que possibilita a instala\u00e7\u00e3o de um beliche (opcional).<\/span><\/p>\n<p class=\"p1\"><div class=\"row\"><div class=\"grid6\"><h4 class=\"lined-section color2\">Equipamento standard<span><\/span><\/h4><\/p>\n<p style=\"text-align: justify;\"><strong>\u2013 Constru\u00e7\u00e3o:<br><\/strong>&nbsp; &nbsp;Conv\u00e9s em sandu\u00edche com n\u00facleo de PVC<br>&nbsp; &nbsp;Estrutura de flutuabilidade compartimentada obtida por molde (uma s\u00f3 pe\u00e7a)<br>&nbsp; &nbsp;Gel coat branco<br>&nbsp; &nbsp;Acabamento interior com top coat cinzento<br>&nbsp; &nbsp;Tubo passa-cabos da popa at\u00e9 ao posto de comando<\/p>\n<p><strong>\u2013 Casco:<br><\/strong>&nbsp; &nbsp;Verdugo PVC cinzento<br>&nbsp; &nbsp;Autocolantes cinzentos<\/p>\n<p><strong>\u2013 Amarra\u00e7\u00e3o e fundeio:<br><\/strong>&nbsp; &nbsp;Argola de reboque<br>&nbsp; &nbsp;Roldana de proa<br>&nbsp; &nbsp;2 guias passa-cabos<br>&nbsp; &nbsp;1 cunho de amarra\u00e7\u00e3o \u00e0 proa<br>&nbsp; &nbsp;2 cunhos de amarra\u00e7\u00e3o \u00e0 popa<br>&nbsp; &nbsp;2 olhais de eleva\u00e7\u00e3o integrados na estrutura do po\u00e7o do motor<\/p>\n<p><strong>\u2013 Seguran\u00e7a:<br><\/strong>&nbsp; &nbsp;Conv\u00e9s auto-esvaziante<br>&nbsp; &nbsp;Conv\u00e9s anti-derrapante<br>&nbsp; &nbsp;Varandins de proa<br>&nbsp; &nbsp;2 pegas verticais no exterior da cabina<br>&nbsp; &nbsp;2 pegas exteriores no tejadilho da cabina<br>&nbsp; &nbsp;Escada de banho articulada<\/p>\n<p><strong>\u2013 Arrumos:<br><\/strong>&nbsp; &nbsp;Compartimentos para arrumos com fecho (\u00e0 proa e \u00e0 popa)<br>&nbsp; &nbsp;Compartimentos para arrumos no interior da cabina<\/p>\n<p><strong>\u2013 Conforto:<\/strong><br>&nbsp; &nbsp;Banco integrado \u00e0 popa<\/p>\n<p><strong>\u2013 Cabina \u00e0 proa:<\/strong><br>&nbsp; &nbsp;Janelas em acr\u00edlico incolor<br>&nbsp; &nbsp;Porta em PRFV com fechadura<\/p>\n<p><\/div><div class=\"grid6\"><h4 class=\"lined-section color2\">Equipamento opcional<span><\/span><\/h4><\/p>\n<p><strong>\u2013 Constru\u00e7\u00e3o:<br><\/strong>&nbsp; &nbsp;Cor do casco<br>&nbsp; &nbsp;Cor do acabamento interior (top coat)<br>&nbsp; &nbsp;Cor do tejadilho da cabina<br>&nbsp; &nbsp;Refor\u00e7os para instala\u00e7\u00e3o de equipamentos<br>&nbsp; &nbsp;Cavernas de refor\u00e7o<br>&nbsp; &nbsp;Anteparas transversais \/ longitudinais fixas<br>&nbsp; &nbsp;Anteparas transversais \/ longitudinais amov\u00edveis<\/p>\n<p><strong>\u2013 Casco:<br><\/strong>&nbsp; &nbsp;Cor do verdugo PVC<br>&nbsp; &nbsp;Cor dos autocolantes<br>&nbsp; &nbsp;Robaletes<br>&nbsp; &nbsp;Barra inox na quilha \/ quilha e robaletes<\/p>\n<p><strong>\u2013 Amarra\u00e7\u00e3o e fundeio:<br><\/strong>&nbsp; &nbsp;Argolas de eleva\u00e7\u00e3o<br>&nbsp; &nbsp;Paiol de \u00e2ncora auto-esvaziante com tampa<br>&nbsp; &nbsp;Cunhos de amarra\u00e7\u00e3o extra<\/p>\n<p><strong>\u2013 Seguran\u00e7a:<br><\/strong>&nbsp; &nbsp;Varandins laterais<br>&nbsp; &nbsp;Varandim de popa<br>&nbsp; &nbsp;Pegas<br>&nbsp; &nbsp;Estribo(s) para acesso \u00e0 proa<\/p>\n<p><strong>\u2013 Arrumos:<br><\/strong>&nbsp; &nbsp;Por\u00e3o com tampa em PRFV (acesso com 100x60cm)<\/p>\n<p><strong>\u2013 Conforto:<\/strong><br>&nbsp; &nbsp;Estofo do banco integrado \u00e0 popa<br>&nbsp; &nbsp;Cores dos estofos<br>&nbsp; &nbsp;Grelhas de ventila\u00e7\u00e3o<br>&nbsp; &nbsp;Tanque de isca viva integrado<br>&nbsp; &nbsp;Dep\u00f3sito de combust\u00edvel integrado (90 litros)<br>&nbsp; &nbsp;Dep\u00f3sito de combust\u00edvel integrado (120 litros)<br>&nbsp; &nbsp;Dep\u00f3sito de combust\u00edvel integrado (187 litros)<br>&nbsp; &nbsp;Bocal de combust\u00edvel, respiro, sensor de n\u00edvel e man\u00f3metro<br>&nbsp; &nbsp;Suportes para canas<br>&nbsp; &nbsp;Arco de luzes<br>&nbsp; &nbsp;Toldo bimini<br>&nbsp; &nbsp;Capa \/ cobertura em lona<\/p>\n<p><strong>\u2013 Cabina \u00e0 proa:<\/strong><br>&nbsp; &nbsp;Janelas em acr\u00edlico escuro<br>&nbsp; &nbsp;Janelas em vidro temperado com moldura em alum\u00ednio<br>&nbsp; &nbsp;Porta de correr em alum\u00ednio com janela em vidro temperado<br>&nbsp; &nbsp;Beliche individual<br>&nbsp; &nbsp;Cadeira de piloto com altura regul\u00e1vel<br>&nbsp; &nbsp;Cadeira de co-piloto com altura regul\u00e1vel<br>&nbsp; &nbsp;Apoio de p\u00e9s integrado<br>&nbsp; &nbsp;Banco de piloto articulado<br>&nbsp; &nbsp;Banco de co-piloto articulado<\/div><\/div><\/p>\n<p>&nbsp;<\/p>\n\n\n<p><\/p>\n","protected":false},"excerpt":{"rendered":"<p>O modelo mais recente da&nbsp;Fibramar&nbsp;e o maior modelo da gama&nbsp;Pescador. Pretende oferecer um enorme espa\u00e7o de conv\u00e9s e constituir uma plataforma de trabalho extremamente est\u00e1vel. As grandes dimens\u00f5es do casco e a elevada lota\u00e7\u00e3o e capacidade de carga tornam este modelo muito vers\u00e1til podendo ser utilizado nas mais diversas actividades, nomeadamente na pesca profissional, apanha [&hellip;]<\/p>\n","protected":false},"author":1,"featured_media":0,"parent":0,"menu_order":0,"comment_status":"closed","ping_status":"closed","template":"","meta":{"ngg_post_thumbnail":0,"_mi_skip_tracking":false},"yoast_head":"<!-- This site is optimized with the Yoast SEO plugin v20.2.1 - https:\/\/yoast.com\/wordpress\/plugins\/seo\/ -->\n<title>900 Pescador (cabina \u00e0 proa deluxe) | FIBRAMAR<\/title>\n<meta name=\"robots\" content=\"index, follow, max-snippet:-1, max-image-preview:large, max-video-preview:-1\" \/>\n<link rel=\"canonical\" href=\"https:\/\/www.fibramar.pt\/web\/900-pescador-cabina-proa-deluxe\/\" \/>\n<meta property=\"og:locale\" content=\"pt_PT\" \/>\n<meta property=\"og:type\" content=\"article\" \/>\n<meta property=\"og:title\" content=\"900 Pescador (cabina \u00e0 proa deluxe) | FIBRAMAR\" \/>\n<meta property=\"og:description\" content=\"O modelo mais recente da&nbsp;Fibramar&nbsp;e o maior modelo da gama&nbsp;Pescador. Pretende oferecer um enorme espa\u00e7o de conv\u00e9s e constituir uma plataforma de trabalho extremamente est\u00e1vel. As grandes dimens\u00f5es do casco e a elevada lota\u00e7\u00e3o e capacidade de carga tornam este modelo muito vers\u00e1til podendo ser utilizado nas mais diversas actividades, nomeadamente na pesca profissional, apanha [&hellip;]\" \/>\n<meta property=\"og:url\" content=\"https:\/\/www.fibramar.pt\/web\/900-pescador-cabina-proa-deluxe\/\" \/>\n<meta property=\"og:site_name\" content=\"FIBRAMAR\" \/>\n<meta property=\"article:publisher\" content=\"https:\/\/www.facebook.com\/fibramar\" \/>\n<meta property=\"article:modified_time\" content=\"2023-03-09T11:04:08+00:00\" \/>\n<meta property=\"og:image\" content=\"https:\/\/www.fibramar.pt\/web\/wp-content\/uploads\/2021\/11\/900Pescador_cabina_proa.jpg\" \/>\n<meta name=\"twitter:card\" content=\"summary_large_image\" \/>\n<meta name=\"twitter:label1\" content=\"Tempo estimado de leitura\" \/>\n\t<meta name=\"twitter:data1\" content=\"3 minutos\" \/>\n<script type=\"application\/ld+json\" class=\"yoast-schema-graph\">{\"@context\":\"https:\/\/schema.org\",\"@graph\":[{\"@type\":\"WebPage\",\"@id\":\"https:\/\/www.fibramar.pt\/web\/900-pescador-cabina-proa-deluxe\/\",\"url\":\"https:\/\/www.fibramar.pt\/web\/900-pescador-cabina-proa-deluxe\/\",\"name\":\"900 Pescador (cabina \u00e0 proa deluxe) | FIBRAMAR\",\"isPartOf\":{\"@id\":\"https:\/\/www.fibramar.pt\/web\/#website\"},\"datePublished\":\"2021-11-16T12:01:47+00:00\",\"dateModified\":\"2023-03-09T11:04:08+00:00\",\"breadcrumb\":{\"@id\":\"https:\/\/www.fibramar.pt\/web\/900-pescador-cabina-proa-deluxe\/#breadcrumb\"},\"inLanguage\":\"pt-PT\",\"potentialAction\":[{\"@type\":\"ReadAction\",\"target\":[\"https:\/\/www.fibramar.pt\/web\/900-pescador-cabina-proa-deluxe\/\"]}]},{\"@type\":\"BreadcrumbList\",\"@id\":\"https:\/\/www.fibramar.pt\/web\/900-pescador-cabina-proa-deluxe\/#breadcrumb\",\"itemListElement\":[{\"@type\":\"ListItem\",\"position\":1,\"name\":\"In\u00edcio\",\"item\":\"https:\/\/www.fibramar.pt\/web\/\"},{\"@type\":\"ListItem\",\"position\":2,\"name\":\"900 Pescador (cabina \u00e0 proa deluxe)\"}]},{\"@type\":\"WebSite\",\"@id\":\"https:\/\/www.fibramar.pt\/web\/#website\",\"url\":\"https:\/\/www.fibramar.pt\/web\/\",\"name\":\":: FIBRAMAR\",\"description\":\"\",\"publisher\":{\"@id\":\"https:\/\/www.fibramar.pt\/web\/#organization\"},\"potentialAction\":[{\"@type\":\"SearchAction\",\"target\":{\"@type\":\"EntryPoint\",\"urlTemplate\":\"https:\/\/www.fibramar.pt\/web\/?s={search_term_string}\"},\"query-input\":\"required name=search_term_string\"}],\"inLanguage\":\"pt-PT\"},{\"@type\":\"Organization\",\"@id\":\"https:\/\/www.fibramar.pt\/web\/#organization\",\"name\":\"Fibramar\",\"url\":\"https:\/\/www.fibramar.pt\/web\/\",\"logo\":{\"@type\":\"ImageObject\",\"inLanguage\":\"pt-PT\",\"@id\":\"https:\/\/www.fibramar.pt\/web\/#\/schema\/logo\/image\/\",\"url\":\"https:\/\/www.fibramar.pt\/web\/wp-content\/uploads\/2014\/03\/logo_fibramar.png\",\"contentUrl\":\"https:\/\/www.fibramar.pt\/web\/wp-content\/uploads\/2014\/03\/logo_fibramar.png\",\"width\":323,\"height\":77,\"caption\":\"Fibramar\"},\"image\":{\"@id\":\"https:\/\/www.fibramar.pt\/web\/#\/schema\/logo\/image\/\"},\"sameAs\":[\"https:\/\/www.facebook.com\/fibramar\",\"https:\/\/www.instagram.com\/fibramar\",\"https:\/\/www.pinterest.pt\/fibramar\",\"https:\/\/www.youtube.com\/fibramarboats\"]}]}<\/script>\n<!-- \/ Yoast SEO plugin. -->","yoast_head_json":{"title":"900 Pescador (cabina \u00e0 proa deluxe) | FIBRAMAR","robots":{"index":"index","follow":"follow","max-snippet":"max-snippet:-1","max-image-preview":"max-image-preview:large","max-video-preview":"max-video-preview:-1"},"canonical":"https:\/\/www.fibramar.pt\/web\/900-pescador-cabina-proa-deluxe\/","og_locale":"pt_PT","og_type":"article","og_title":"900 Pescador (cabina \u00e0 proa deluxe) | FIBRAMAR","og_description":"O modelo mais recente da&nbsp;Fibramar&nbsp;e o maior modelo da gama&nbsp;Pescador. Pretende oferecer um enorme espa\u00e7o de conv\u00e9s e constituir uma plataforma de trabalho extremamente est\u00e1vel. As grandes dimens\u00f5es do casco e a elevada lota\u00e7\u00e3o e capacidade de carga tornam este modelo muito vers\u00e1til podendo ser utilizado nas mais diversas actividades, nomeadamente na pesca profissional, apanha [&hellip;]","og_url":"https:\/\/www.fibramar.pt\/web\/900-pescador-cabina-proa-deluxe\/","og_site_name":"FIBRAMAR","article_publisher":"https:\/\/www.facebook.com\/fibramar","article_modified_time":"2023-03-09T11:04:08+00:00","og_image":[{"url":"https:\/\/www.fibramar.pt\/web\/wp-content\/uploads\/2021\/11\/900Pescador_cabina_proa.jpg"}],"twitter_card":"summary_large_image","twitter_misc":{"Tempo estimado de leitura":"3 minutos"},"schema":{"@context":"https:\/\/schema.org","@graph":[{"@type":"WebPage","@id":"https:\/\/www.fibramar.pt\/web\/900-pescador-cabina-proa-deluxe\/","url":"https:\/\/www.fibramar.pt\/web\/900-pescador-cabina-proa-deluxe\/","name":"900 Pescador (cabina \u00e0 proa deluxe) | FIBRAMAR","isPartOf":{"@id":"https:\/\/www.fibramar.pt\/web\/#website"},"datePublished":"2021-11-16T12:01:47+00:00","dateModified":"2023-03-09T11:04:08+00:00","breadcrumb":{"@id":"https:\/\/www.fibramar.pt\/web\/900-pescador-cabina-proa-deluxe\/#breadcrumb"},"inLanguage":"pt-PT","potentialAction":[{"@type":"ReadAction","target":["https:\/\/www.fibramar.pt\/web\/900-pescador-cabina-proa-deluxe\/"]}]},{"@type":"BreadcrumbList","@id":"https:\/\/www.fibramar.pt\/web\/900-pescador-cabina-proa-deluxe\/#breadcrumb","itemListElement":[{"@type":"ListItem","position":1,"name":"In\u00edcio","item":"https:\/\/www.fibramar.pt\/web\/"},{"@type":"ListItem","position":2,"name":"900 Pescador (cabina \u00e0 proa deluxe)"}]},{"@type":"WebSite","@id":"https:\/\/www.fibramar.pt\/web\/#website","url":"https:\/\/www.fibramar.pt\/web\/","name":":: FIBRAMAR","description":"","publisher":{"@id":"https:\/\/www.fibramar.pt\/web\/#organization"},"potentialAction":[{"@type":"SearchAction","target":{"@type":"EntryPoint","urlTemplate":"https:\/\/www.fibramar.pt\/web\/?s={search_term_string}"},"query-input":"required name=search_term_string"}],"inLanguage":"pt-PT"},{"@type":"Organization","@id":"https:\/\/www.fibramar.pt\/web\/#organization","name":"Fibramar","url":"https:\/\/www.fibramar.pt\/web\/","logo":{"@type":"ImageObject","inLanguage":"pt-PT","@id":"https:\/\/www.fibramar.pt\/web\/#\/schema\/logo\/image\/","url":"https:\/\/www.fibramar.pt\/web\/wp-content\/uploads\/2014\/03\/logo_fibramar.png","contentUrl":"https:\/\/www.fibramar.pt\/web\/wp-content\/uploads\/2014\/03\/logo_fibramar.png","width":323,"height":77,"caption":"Fibramar"},"image":{"@id":"https:\/\/www.fibramar.pt\/web\/#\/schema\/logo\/image\/"},"sameAs":["https:\/\/www.facebook.com\/fibramar","https:\/\/www.instagram.com\/fibramar","https:\/\/www.pinterest.pt\/fibramar","https:\/\/www.youtube.com\/fibramarboats"]}]}},"_links":{"self":[{"href":"https:\/\/www.fibramar.pt\/web\/wp-json\/wp\/v2\/pages\/3231"}],"collection":[{"href":"https:\/\/www.fibramar.pt\/web\/wp-json\/wp\/v2\/pages"}],"about":[{"href":"https:\/\/www.fibramar.pt\/web\/wp-json\/wp\/v2\/types\/page"}],"author":[{"embeddable":true,"href":"https:\/\/www.fibramar.pt\/web\/wp-json\/wp\/v2\/users\/1"}],"replies":[{"embeddable":true,"href":"https:\/\/www.fibramar.pt\/web\/wp-json\/wp\/v2\/comments?post=3231"}],"version-history":[{"count":16,"href":"https:\/\/www.fibramar.pt\/web\/wp-json\/wp\/v2\/pages\/3231\/revisions"}],"predecessor-version":[{"id":3660,"href":"https:\/\/www.fibramar.pt\/web\/wp-json\/wp\/v2\/pages\/3231\/revisions\/3660"}],"wp:attachment":[{"href":"https:\/\/www.fibramar.pt\/web\/wp-json\/wp\/v2\/media?parent=3231"}],"curies":[{"name":"wp","href":"https:\/\/api.w.org\/{rel}","templated":true}]}}