{"id":3780,"date":"2025-05-31T13:02:52","date_gmt":"2025-05-31T13:02:52","guid":{"rendered":"https:\/\/www.fibramar.pt\/web\/?page_id=3780"},"modified":"2025-05-31T14:19:41","modified_gmt":"2025-05-31T14:19:41","slug":"500-cabin","status":"publish","type":"page","link":"https:\/\/www.fibramar.pt\/web\/500-cabin\/","title":{"rendered":"500 Cabin"},"content":{"rendered":"<div\n\tclass=\"ngg-galleryoverview ngg-ajax-pagination-none\"\n\tid=\"ngg-gallery-23d12302b14a33f6e05aa18804799e72-1\">\n\n    \t\t<!-- Thumbnails -->\n\t\t\t\t<div id=\"ngg-image-0\" class=\"ngg-gallery-thumbnail-box\" >\n\t\t\t\t        <div class=\"ngg-gallery-thumbnail\">\n            <a href=\"https:\/\/www.fibramar.pt\/web\/wp-content\/gallery\/500cabin\/500Cabin_1.jpg\"\n               title=\"\"\n               data-src=\"https:\/\/www.fibramar.pt\/web\/wp-content\/gallery\/500cabin\/500Cabin_1.jpg\"\n               data-thumbnail=\"https:\/\/www.fibramar.pt\/web\/wp-content\/gallery\/500cabin\/thumbs\/thumbs_500Cabin_1.jpg\"\n               data-image-id=\"760\"\n               data-title=\"500 Cabin\"\n               data-description=\"\"\n               data-image-slug=\"500cabin_1\"\n               >\n                <img\n                    title=\"500 Cabin\"\n                    alt=\"500 Cabin\"\n                    src=\"https:\/\/www.fibramar.pt\/web\/wp-content\/gallery\/500cabin\/dynamic\/500Cabin_1.jpg-nggid03760-ngg0dyn-360x240x100-00f0w010c010r110f110r010t010.jpg\"\n                    width=\"360\"\n                    height=\"240\"\n                    style=\"max-width:100%;\"\n                \/>\n            <\/a>\n        <\/div>\n\t\t\t\t\t\t\t<\/div> \n\t\t\t\n        \n\t\t\t\t<div id=\"ngg-image-1\" class=\"ngg-gallery-thumbnail-box\" >\n\t\t\t\t        <div class=\"ngg-gallery-thumbnail\">\n            <a href=\"https:\/\/www.fibramar.pt\/web\/wp-content\/gallery\/500cabin\/500Cabin_2.jpg\"\n               title=\"\"\n               data-src=\"https:\/\/www.fibramar.pt\/web\/wp-content\/gallery\/500cabin\/500Cabin_2.jpg\"\n               data-thumbnail=\"https:\/\/www.fibramar.pt\/web\/wp-content\/gallery\/500cabin\/thumbs\/thumbs_500Cabin_2.jpg\"\n               data-image-id=\"761\"\n               data-title=\"500 Cabin\"\n               data-description=\"\"\n               data-image-slug=\"500cabin_2\"\n               >\n                <img\n                    title=\"500 Cabin\"\n                    alt=\"500 Cabin\"\n                    src=\"https:\/\/www.fibramar.pt\/web\/wp-content\/gallery\/500cabin\/dynamic\/500Cabin_2.jpg-nggid03761-ngg0dyn-360x240x100-00f0w010c010r110f110r010t010.jpg\"\n                    width=\"360\"\n                    height=\"240\"\n                    style=\"max-width:100%;\"\n                \/>\n            <\/a>\n        <\/div>\n\t\t\t\t\t\t\t<\/div> \n\t\t\t\n        \n\t\t\t\t<div id=\"ngg-image-2\" class=\"ngg-gallery-thumbnail-box\" >\n\t\t\t\t        <div class=\"ngg-gallery-thumbnail\">\n            <a href=\"https:\/\/www.fibramar.pt\/web\/wp-content\/gallery\/500cabin\/500Cabin_3.jpg\"\n               title=\"\"\n               data-src=\"https:\/\/www.fibramar.pt\/web\/wp-content\/gallery\/500cabin\/500Cabin_3.jpg\"\n               data-thumbnail=\"https:\/\/www.fibramar.pt\/web\/wp-content\/gallery\/500cabin\/thumbs\/thumbs_500Cabin_3.jpg\"\n               data-image-id=\"762\"\n               data-title=\"500 Cabin\"\n               data-description=\"\"\n               data-image-slug=\"500cabin_3\"\n               >\n                <img\n                    title=\"500 Cabin\"\n                    alt=\"500 Cabin\"\n                    src=\"https:\/\/www.fibramar.pt\/web\/wp-content\/gallery\/500cabin\/dynamic\/500Cabin_3.jpg-nggid03762-ngg0dyn-360x240x100-00f0w010c010r110f110r010t010.jpg\"\n                    width=\"360\"\n                    height=\"240\"\n                    style=\"max-width:100%;\"\n                \/>\n            <\/a>\n        <\/div>\n\t\t\t\t\t\t\t<\/div> \n\t\t\t\n        \n\t\t\t\t<div id=\"ngg-image-3\" class=\"ngg-gallery-thumbnail-box\" >\n\t\t\t\t        <div class=\"ngg-gallery-thumbnail\">\n            <a href=\"https:\/\/www.fibramar.pt\/web\/wp-content\/gallery\/500cabin\/500Cabin_4.jpg\"\n               title=\"\"\n               data-src=\"https:\/\/www.fibramar.pt\/web\/wp-content\/gallery\/500cabin\/500Cabin_4.jpg\"\n               data-thumbnail=\"https:\/\/www.fibramar.pt\/web\/wp-content\/gallery\/500cabin\/thumbs\/thumbs_500Cabin_4.jpg\"\n               data-image-id=\"763\"\n               data-title=\"500 Cabin\"\n               data-description=\"\"\n               data-image-slug=\"500cabin_4\"\n               >\n                <img\n                    title=\"500 Cabin\"\n                    alt=\"500 Cabin\"\n                    src=\"https:\/\/www.fibramar.pt\/web\/wp-content\/gallery\/500cabin\/dynamic\/500Cabin_4.jpg-nggid03763-ngg0dyn-360x240x100-00f0w010c010r110f110r010t010.jpg\"\n                    width=\"360\"\n                    height=\"240\"\n                    style=\"max-width:100%;\"\n                \/>\n            <\/a>\n        <\/div>\n\t\t\t\t\t\t\t<\/div> \n\t\t\t\n        \n\t\t\t\t<div id=\"ngg-image-4\" class=\"ngg-gallery-thumbnail-box\" >\n\t\t\t\t        <div class=\"ngg-gallery-thumbnail\">\n            <a href=\"https:\/\/www.fibramar.pt\/web\/wp-content\/gallery\/500cabin\/500Cabin_5.jpg\"\n               title=\"\"\n               data-src=\"https:\/\/www.fibramar.pt\/web\/wp-content\/gallery\/500cabin\/500Cabin_5.jpg\"\n               data-thumbnail=\"https:\/\/www.fibramar.pt\/web\/wp-content\/gallery\/500cabin\/thumbs\/thumbs_500Cabin_5.jpg\"\n               data-image-id=\"764\"\n               data-title=\"500 Cabin\"\n               data-description=\"\"\n               data-image-slug=\"500cabin_5\"\n               >\n                <img\n                    title=\"500 Cabin\"\n                    alt=\"500 Cabin\"\n                    src=\"https:\/\/www.fibramar.pt\/web\/wp-content\/gallery\/500cabin\/dynamic\/500Cabin_5.jpg-nggid03764-ngg0dyn-360x240x100-00f0w010c010r110f110r010t010.jpg\"\n                    width=\"360\"\n                    height=\"240\"\n                    style=\"max-width:100%;\"\n                \/>\n            <\/a>\n        <\/div>\n\t\t\t\t\t\t\t<\/div> \n\t\t\t\n        \n\t\t\t\t<div id=\"ngg-image-5\" class=\"ngg-gallery-thumbnail-box\" >\n\t\t\t\t        <div class=\"ngg-gallery-thumbnail\">\n            <a href=\"https:\/\/www.fibramar.pt\/web\/wp-content\/gallery\/500cabin\/500Cabin_6.jpg\"\n               title=\"\"\n               data-src=\"https:\/\/www.fibramar.pt\/web\/wp-content\/gallery\/500cabin\/500Cabin_6.jpg\"\n               data-thumbnail=\"https:\/\/www.fibramar.pt\/web\/wp-content\/gallery\/500cabin\/thumbs\/thumbs_500Cabin_6.jpg\"\n               data-image-id=\"765\"\n               data-title=\"500 Cabin\"\n               data-description=\"\"\n               data-image-slug=\"500cabin_6\"\n               >\n                <img\n                    title=\"500 Cabin\"\n                    alt=\"500 Cabin\"\n                    src=\"https:\/\/www.fibramar.pt\/web\/wp-content\/gallery\/500cabin\/dynamic\/500Cabin_6.jpg-nggid03765-ngg0dyn-360x240x100-00f0w010c010r110f110r010t010.jpg\"\n                    width=\"360\"\n                    height=\"240\"\n                    style=\"max-width:100%;\"\n                \/>\n            <\/a>\n        <\/div>\n\t\t\t\t\t\t\t<\/div> \n\t\t\t\n        \n\t\t\n\t\t<!-- Pagination -->\n\t<div class='ngg-clear'><\/div>\t<\/div>\n\n<h4 class=\"lined-section color2\">Especifica\u00e7\u00f5es do <strong>FIBRAMAR 500 CABIN<\/strong><span><\/span><\/h4>\n<p><img decoding=\"async\" loading=\"lazy\" class=\"aligncenter size-full wp-image-3782\" src=\"https:\/\/www.fibramar.pt\/web\/wp-content\/uploads\/2025\/05\/500cabin.jpg\" alt=\"\" width=\"1000\" height=\"107\" srcset=\"https:\/\/www.fibramar.pt\/web\/wp-content\/uploads\/2025\/05\/500cabin.jpg 1000w, https:\/\/www.fibramar.pt\/web\/wp-content\/uploads\/2025\/05\/500cabin-300x32.jpg 300w, https:\/\/www.fibramar.pt\/web\/wp-content\/uploads\/2025\/05\/500cabin-768x82.jpg 768w, https:\/\/www.fibramar.pt\/web\/wp-content\/uploads\/2025\/05\/500cabin-571x61.jpg 571w, https:\/\/www.fibramar.pt\/web\/wp-content\/uploads\/2025\/05\/500cabin-371x40.jpg 371w, https:\/\/www.fibramar.pt\/web\/wp-content\/uploads\/2025\/05\/500cabin-271x29.jpg 271w\" sizes=\"(max-width: 1000px) 100vw, 1000px\" \/><\/p>\n<h4 class=\"lined-section color2\">Resumo do produto<span><\/span><\/h4>\n<p><strong>Fibramar 500 Cabin | O equil\u00edbrio ideal entre versatilidade, conforto e seguran\u00e7a.<\/strong><\/p>\n<p>O <strong>Fibramar 500 Cabin<\/strong> \u00e9 a escolha perfeita para quem procura uma embarca\u00e7\u00e3o semi-cabinada compacta, robusta e funcional, que se adapta tanto a passeios tranquilos como a dias dedicados \u00e0 pesca. Com um design moderno e elegante, os seus 4,99 metros de comprimento e 2,24 metros de boca oferecem um espa\u00e7o surpreendente para a sua classe &#8211; destacando-se o po\u00e7o generoso com 1,75 x 1,65 metros.<\/p>\n<p><strong>Protec\u00e7\u00e3o e bem-estar em todas as condi\u00e7\u00f5es<\/strong><br \/>\nA cabina ampla e bem iluminada oferece abrigo contra o sol e vento, constituindo um espa\u00e7o para descanso, armazenamento e at\u00e9 pernoita ocasional. A configura\u00e7\u00e3o em V da \u00e1rea interior pode ser aproveitada como zona de refei\u00e7\u00f5es ou converter-se facilmente numa acolhedora cama de casal.<\/p>\n<p><strong>Pensado para o lazer e para o trabalho<\/strong><br \/>\nO conv\u00e9s foi desenhado para ser pr\u00e1tico e vers\u00e1til seja para um dia relaxado com a fam\u00edlia ou para uma sa\u00edda de pesca entre amigos. Na zona do po\u00e7o a altura entre o conv\u00e9s e a borda \u00e9 de 62 cm, oferecendo seguran\u00e7a acrescida. A proa tem um corredor largo e varandins altos, o que permite a circula\u00e7\u00e3o em redor da cabina com total confian\u00e7a.<\/p>\n<p><strong>Condu\u00e7\u00e3o segura e confort\u00e1vel<\/strong><br \/>\nO posto de comando encontra-se a estibordo, bem protegido por um p\u00e1ra-brisas alto. A cadeira do piloto \u00e9 rotativa e tem altura regul\u00e1vel, sendo complementada por um apoio para os p\u00e9s integrado na consola. A visibilidade \u00e9 excelente e a estabilidade da embarca\u00e7\u00e3o transmite uma condu\u00e7\u00e3o segura, mesmo com o mar mais agitado. O casco com fundo em V moderado reafirma o compromisso entre o conforto a bordo e uma navega\u00e7\u00e3o est\u00e1vel.<\/p>\n<div class=\"row\">\n<div class=\"grid6\">\n<h4 class=\"lined-section color2\">Equipamento standard<span><\/span><\/h4>\n<p><strong>\u2013 Constru\u00e7\u00e3o:<\/strong><br \/>\n&nbsp; &nbsp;Casco duplo<br \/>\n&nbsp; &nbsp;Estrutura de flutuabilidade compartimentada obtida por molde (uma s\u00f3 pe\u00e7a)<br \/>\n&nbsp; &nbsp;Gel coat branco<\/p>\n<p><strong>\u2013 Casco:<\/strong><br \/>\n&nbsp; &nbsp;Verdugo PVC cinzento<br \/>\n&nbsp; &nbsp;Autocolantes pretos e cinzentos<\/p>\n<p><strong>\u2013 Amarra\u00e7\u00e3o e fundeio:<\/strong><br \/>\n&nbsp; &nbsp;Argola de reboque<br \/>\n&nbsp; &nbsp;Roldana de proa<br \/>\n&nbsp; &nbsp;Paiol de \u00e2ncora auto-esvaziante com tampa<br \/>\n&nbsp; &nbsp;2 guias passa-cabos<br \/>\n&nbsp; &nbsp;1 cunho de amarra\u00e7\u00e3o \u00e0 proa<br \/>\n&nbsp; &nbsp;2 cunhos de amarra\u00e7\u00e3o \u00e0 popa<br \/>\n&nbsp; &nbsp;2 olhais de eleva\u00e7\u00e3o integrados na estrutura do po\u00e7o do motor<\/p>\n<p><strong>\u2013 Seguran\u00e7a:<\/strong><br \/>\n&nbsp; &nbsp;Conv\u00e9s auto-esvaziante<br \/>\n&nbsp; &nbsp;Conv\u00e9s anti-derrapante<br \/>\n&nbsp; &nbsp;Varandins de proa<br \/>\n&nbsp; &nbsp;Estribos integrados para acesso \u00e0 proa<br \/>\n&nbsp; &nbsp;2 pegas laterais na cabina<br \/>\n&nbsp; &nbsp;2 pegas \u00e0 popa<br \/>\n&nbsp; &nbsp;Escada de banho articulada<br \/>\n&nbsp; <em>&nbsp;Fire port<\/em><\/p>\n<p><strong>\u2013 Arrumos:<\/strong><br \/>\n&nbsp; &nbsp;Compartimentos para arrumos com fecho (\u00e0 popa)<br \/>\n&nbsp; &nbsp;Compartimentos para arrumos no interior da cabina<\/p>\n<p><strong>\u2013 Conforto:<\/strong><br \/>\n&nbsp; &nbsp;Bancos integrados \u00e0 popa<br \/>\n&nbsp; &nbsp;Estofos dos bancos integrados<br \/>\n&nbsp; &nbsp;Cadeira de piloto rotativa com altura regul\u00e1vel<br \/>\n&nbsp; &nbsp;Dep\u00f3sito de combust\u00edvel integrado (42 litros)<br \/>\n&nbsp; &nbsp;Bocal de combust\u00edvel, respiro, sensor de n\u00edvel e man\u00f3metro<\/p>\n<p><strong>\u2013 Cabina e posto de comando:<\/strong><br \/>\n&nbsp; &nbsp;P\u00e1ra-brisas em acr\u00edlico escuro<br \/>\n&nbsp; &nbsp;Porta de correr de acesso \u00e0 cabina interior em PRFV com fechadura<br \/>\n&nbsp; &nbsp;Painel de instrumentos acabado com pel\u00edcula de fibra de carbono<br \/>\n&nbsp; &nbsp;Apoio de p\u00e9s integrado<\/p>\n<p><strong>\u2013 Cabina interior:<\/strong><br \/>\n&nbsp; &nbsp;Beliche em V convert\u00edvel em cama dupla<br \/>\n&nbsp; &nbsp;Estofos<br \/>\n&nbsp; &nbsp;Compartimentos para arrumos sob o beliche<br \/>\n&nbsp; &nbsp;2 vigias laterais em acr\u00edlico escuro<\/p>\n<\/div>\n<div class=\"grid6\">\n<h4 class=\"lined-section color2\">Equipamento opcional<span><\/span><\/h4>\n<p><strong>\u2013 Constru\u00e7\u00e3o:<\/strong><br \/>\n&nbsp; &nbsp;Cor do casco<\/p>\n<p><strong>\u2013 Casco:<\/strong><br \/>\n&nbsp; &nbsp;Cor do verdugo PVC<br \/>\n&nbsp; &nbsp;Cores dos autocolantes<\/p>\n<p><strong>\u2013 Amarra\u00e7\u00e3o e fundeio:<\/strong><br \/>\n&nbsp; &nbsp;Argolas de eleva\u00e7\u00e3o<br \/>\n&nbsp; &nbsp;Cunhos de amarra\u00e7\u00e3o extra<\/p>\n<p><strong>\u2013 Seguran\u00e7a:<\/strong><br \/>\n&nbsp; &nbsp;Varandins laterais<br \/>\n&nbsp; &nbsp;Pegas<br \/>\n&nbsp; &nbsp;Plataformas de banho<\/p>\n<p><strong>\u2013 Arrumos:<\/strong><br \/>\n&nbsp; &nbsp;2 prateleiras para arrumos nas amuradas<\/p>\n<p><strong>\u2013 Conforto:<\/strong><br \/>\n&nbsp; &nbsp;Cadeira de co-piloto rotativa com altura regul\u00e1vel<br \/>\n&nbsp; &nbsp;Banco rebat\u00edvel (\u00e0 popa, ao centro)<br \/>\n&nbsp; &nbsp;Mesa amov\u00edvel<br \/>\n&nbsp; &nbsp;Cores dos estofos<br \/>\n&nbsp; &nbsp;Grelhas de ventila\u00e7\u00e3o<br \/>\n&nbsp; &nbsp;Suportes para canas<br \/>\n&nbsp; &nbsp;Toldo bimini<br \/>\n&nbsp; &nbsp;Capa \/ cobertura em lona<\/p>\n<p><strong>\u2013 Cabina interior:<\/strong><br \/>\n&nbsp; &nbsp;Janela escotilha<br \/>\n&nbsp; &nbsp;WC qu\u00edmico<\/p>\n<\/div>\n<\/div>\n<p>&nbsp;<\/p>\n","protected":false},"excerpt":{"rendered":"<p>Fibramar 500 Cabin | O equil\u00edbrio ideal entre versatilidade, conforto e seguran\u00e7a. O Fibramar 500 Cabin \u00e9 a escolha perfeita para quem procura uma embarca\u00e7\u00e3o semi-cabinada compacta, robusta e funcional, que se adapta tanto a passeios tranquilos como a dias dedicados \u00e0 pesca. Com um design moderno e elegante, os seus 4,99 metros de comprimento [&hellip;]<\/p>\n","protected":false},"author":1,"featured_media":0,"parent":0,"menu_order":0,"comment_status":"closed","ping_status":"closed","template":"","meta":{"ngg_post_thumbnail":0,"_mi_skip_tracking":false},"yoast_head":"<!-- This site is optimized with the Yoast SEO plugin v20.2.1 - https:\/\/yoast.com\/wordpress\/plugins\/seo\/ -->\n<title>500 Cabin | FIBRAMAR<\/title>\n<meta name=\"robots\" content=\"index, follow, max-snippet:-1, max-image-preview:large, max-video-preview:-1\" \/>\n<link rel=\"canonical\" href=\"https:\/\/www.fibramar.pt\/web\/500-cabin\/\" \/>\n<meta property=\"og:locale\" content=\"pt_PT\" \/>\n<meta property=\"og:type\" content=\"article\" \/>\n<meta property=\"og:title\" content=\"500 Cabin | FIBRAMAR\" \/>\n<meta property=\"og:description\" content=\"Fibramar 500 Cabin | O equil\u00edbrio ideal entre versatilidade, conforto e seguran\u00e7a. O Fibramar 500 Cabin \u00e9 a escolha perfeita para quem procura uma embarca\u00e7\u00e3o semi-cabinada compacta, robusta e funcional, que se adapta tanto a passeios tranquilos como a dias dedicados \u00e0 pesca. Com um design moderno e elegante, os seus 4,99 metros de comprimento [&hellip;]\" \/>\n<meta property=\"og:url\" content=\"https:\/\/www.fibramar.pt\/web\/500-cabin\/\" \/>\n<meta property=\"og:site_name\" content=\"FIBRAMAR\" \/>\n<meta property=\"article:publisher\" content=\"https:\/\/www.facebook.com\/fibramar\" \/>\n<meta property=\"article:modified_time\" content=\"2025-05-31T14:19:41+00:00\" \/>\n<meta property=\"og:image\" content=\"https:\/\/www.fibramar.pt\/web\/wp-content\/uploads\/2025\/05\/500cabin.jpg\" \/>\n<meta name=\"twitter:card\" content=\"summary_large_image\" \/>\n<meta name=\"twitter:label1\" content=\"Tempo estimado de leitura\" \/>\n\t<meta name=\"twitter:data1\" content=\"4 minutos\" \/>\n<script type=\"application\/ld+json\" class=\"yoast-schema-graph\">{\"@context\":\"https:\/\/schema.org\",\"@graph\":[{\"@type\":\"WebPage\",\"@id\":\"https:\/\/www.fibramar.pt\/web\/500-cabin\/\",\"url\":\"https:\/\/www.fibramar.pt\/web\/500-cabin\/\",\"name\":\"500 Cabin | FIBRAMAR\",\"isPartOf\":{\"@id\":\"https:\/\/www.fibramar.pt\/web\/#website\"},\"datePublished\":\"2025-05-31T13:02:52+00:00\",\"dateModified\":\"2025-05-31T14:19:41+00:00\",\"breadcrumb\":{\"@id\":\"https:\/\/www.fibramar.pt\/web\/500-cabin\/#breadcrumb\"},\"inLanguage\":\"pt-PT\",\"potentialAction\":[{\"@type\":\"ReadAction\",\"target\":[\"https:\/\/www.fibramar.pt\/web\/500-cabin\/\"]}]},{\"@type\":\"BreadcrumbList\",\"@id\":\"https:\/\/www.fibramar.pt\/web\/500-cabin\/#breadcrumb\",\"itemListElement\":[{\"@type\":\"ListItem\",\"position\":1,\"name\":\"In\u00edcio\",\"item\":\"https:\/\/www.fibramar.pt\/web\/\"},{\"@type\":\"ListItem\",\"position\":2,\"name\":\"500 Cabin\"}]},{\"@type\":\"WebSite\",\"@id\":\"https:\/\/www.fibramar.pt\/web\/#website\",\"url\":\"https:\/\/www.fibramar.pt\/web\/\",\"name\":\":: FIBRAMAR\",\"description\":\"\",\"publisher\":{\"@id\":\"https:\/\/www.fibramar.pt\/web\/#organization\"},\"potentialAction\":[{\"@type\":\"SearchAction\",\"target\":{\"@type\":\"EntryPoint\",\"urlTemplate\":\"https:\/\/www.fibramar.pt\/web\/?s={search_term_string}\"},\"query-input\":\"required name=search_term_string\"}],\"inLanguage\":\"pt-PT\"},{\"@type\":\"Organization\",\"@id\":\"https:\/\/www.fibramar.pt\/web\/#organization\",\"name\":\"Fibramar\",\"url\":\"https:\/\/www.fibramar.pt\/web\/\",\"logo\":{\"@type\":\"ImageObject\",\"inLanguage\":\"pt-PT\",\"@id\":\"https:\/\/www.fibramar.pt\/web\/#\/schema\/logo\/image\/\",\"url\":\"https:\/\/www.fibramar.pt\/web\/wp-content\/uploads\/2014\/03\/logo_fibramar.png\",\"contentUrl\":\"https:\/\/www.fibramar.pt\/web\/wp-content\/uploads\/2014\/03\/logo_fibramar.png\",\"width\":323,\"height\":77,\"caption\":\"Fibramar\"},\"image\":{\"@id\":\"https:\/\/www.fibramar.pt\/web\/#\/schema\/logo\/image\/\"},\"sameAs\":[\"https:\/\/www.facebook.com\/fibramar\",\"https:\/\/www.instagram.com\/fibramar\",\"https:\/\/www.pinterest.pt\/fibramar\",\"https:\/\/www.youtube.com\/fibramarboats\"]}]}<\/script>\n<!-- \/ Yoast SEO plugin. -->","yoast_head_json":{"title":"500 Cabin | FIBRAMAR","robots":{"index":"index","follow":"follow","max-snippet":"max-snippet:-1","max-image-preview":"max-image-preview:large","max-video-preview":"max-video-preview:-1"},"canonical":"https:\/\/www.fibramar.pt\/web\/500-cabin\/","og_locale":"pt_PT","og_type":"article","og_title":"500 Cabin | FIBRAMAR","og_description":"Fibramar 500 Cabin | O equil\u00edbrio ideal entre versatilidade, conforto e seguran\u00e7a. O Fibramar 500 Cabin \u00e9 a escolha perfeita para quem procura uma embarca\u00e7\u00e3o semi-cabinada compacta, robusta e funcional, que se adapta tanto a passeios tranquilos como a dias dedicados \u00e0 pesca. Com um design moderno e elegante, os seus 4,99 metros de comprimento [&hellip;]","og_url":"https:\/\/www.fibramar.pt\/web\/500-cabin\/","og_site_name":"FIBRAMAR","article_publisher":"https:\/\/www.facebook.com\/fibramar","article_modified_time":"2025-05-31T14:19:41+00:00","og_image":[{"url":"https:\/\/www.fibramar.pt\/web\/wp-content\/uploads\/2025\/05\/500cabin.jpg"}],"twitter_card":"summary_large_image","twitter_misc":{"Tempo estimado de leitura":"4 minutos"},"schema":{"@context":"https:\/\/schema.org","@graph":[{"@type":"WebPage","@id":"https:\/\/www.fibramar.pt\/web\/500-cabin\/","url":"https:\/\/www.fibramar.pt\/web\/500-cabin\/","name":"500 Cabin | FIBRAMAR","isPartOf":{"@id":"https:\/\/www.fibramar.pt\/web\/#website"},"datePublished":"2025-05-31T13:02:52+00:00","dateModified":"2025-05-31T14:19:41+00:00","breadcrumb":{"@id":"https:\/\/www.fibramar.pt\/web\/500-cabin\/#breadcrumb"},"inLanguage":"pt-PT","potentialAction":[{"@type":"ReadAction","target":["https:\/\/www.fibramar.pt\/web\/500-cabin\/"]}]},{"@type":"BreadcrumbList","@id":"https:\/\/www.fibramar.pt\/web\/500-cabin\/#breadcrumb","itemListElement":[{"@type":"ListItem","position":1,"name":"In\u00edcio","item":"https:\/\/www.fibramar.pt\/web\/"},{"@type":"ListItem","position":2,"name":"500 Cabin"}]},{"@type":"WebSite","@id":"https:\/\/www.fibramar.pt\/web\/#website","url":"https:\/\/www.fibramar.pt\/web\/","name":":: FIBRAMAR","description":"","publisher":{"@id":"https:\/\/www.fibramar.pt\/web\/#organization"},"potentialAction":[{"@type":"SearchAction","target":{"@type":"EntryPoint","urlTemplate":"https:\/\/www.fibramar.pt\/web\/?s={search_term_string}"},"query-input":"required name=search_term_string"}],"inLanguage":"pt-PT"},{"@type":"Organization","@id":"https:\/\/www.fibramar.pt\/web\/#organization","name":"Fibramar","url":"https:\/\/www.fibramar.pt\/web\/","logo":{"@type":"ImageObject","inLanguage":"pt-PT","@id":"https:\/\/www.fibramar.pt\/web\/#\/schema\/logo\/image\/","url":"https:\/\/www.fibramar.pt\/web\/wp-content\/uploads\/2014\/03\/logo_fibramar.png","contentUrl":"https:\/\/www.fibramar.pt\/web\/wp-content\/uploads\/2014\/03\/logo_fibramar.png","width":323,"height":77,"caption":"Fibramar"},"image":{"@id":"https:\/\/www.fibramar.pt\/web\/#\/schema\/logo\/image\/"},"sameAs":["https:\/\/www.facebook.com\/fibramar","https:\/\/www.instagram.com\/fibramar","https:\/\/www.pinterest.pt\/fibramar","https:\/\/www.youtube.com\/fibramarboats"]}]}},"_links":{"self":[{"href":"https:\/\/www.fibramar.pt\/web\/wp-json\/wp\/v2\/pages\/3780"}],"collection":[{"href":"https:\/\/www.fibramar.pt\/web\/wp-json\/wp\/v2\/pages"}],"about":[{"href":"https:\/\/www.fibramar.pt\/web\/wp-json\/wp\/v2\/types\/page"}],"author":[{"embeddable":true,"href":"https:\/\/www.fibramar.pt\/web\/wp-json\/wp\/v2\/users\/1"}],"replies":[{"embeddable":true,"href":"https:\/\/www.fibramar.pt\/web\/wp-json\/wp\/v2\/comments?post=3780"}],"version-history":[{"count":13,"href":"https:\/\/www.fibramar.pt\/web\/wp-json\/wp\/v2\/pages\/3780\/revisions"}],"predecessor-version":[{"id":3808,"href":"https:\/\/www.fibramar.pt\/web\/wp-json\/wp\/v2\/pages\/3780\/revisions\/3808"}],"wp:attachment":[{"href":"https:\/\/www.fibramar.pt\/web\/wp-json\/wp\/v2\/media?parent=3780"}],"curies":[{"name":"wp","href":"https:\/\/api.w.org\/{rel}","templated":true}]}}