{"id":403,"date":"2014-03-18T20:46:21","date_gmt":"2014-03-18T20:46:21","guid":{"rendered":"http:\/\/www.fibramar.pt\/web\/?page_id=403"},"modified":"2023-03-09T10:48:49","modified_gmt":"2023-03-09T10:48:49","slug":"700-pescador-cabina-a-proa","status":"publish","type":"page","link":"https:\/\/www.fibramar.pt\/web\/700-pescador-cabina-a-proa\/","title":{"rendered":"700 Pescador (cabina \u00e0 proa)"},"content":{"rendered":"<div\n\tclass=\"ngg-galleryoverview ngg-ajax-pagination-none\"\n\tid=\"ngg-gallery-dac67057e78937f77db50998f2baa729-1\">\n\n    \t\t<!-- Thumbnails -->\n\t\t\t\t<div id=\"ngg-image-0\" class=\"ngg-gallery-thumbnail-box\" >\n\t\t\t\t        <div class=\"ngg-gallery-thumbnail\">\n            <a href=\"https:\/\/www.fibramar.pt\/web\/wp-content\/gallery\/700cabinafrente\/700cf_1.jpg\"\n               title=\"\"\n               data-src=\"https:\/\/www.fibramar.pt\/web\/wp-content\/gallery\/700cabinafrente\/700cf_1.jpg\"\n               data-thumbnail=\"https:\/\/www.fibramar.pt\/web\/wp-content\/gallery\/700cabinafrente\/thumbs\/thumbs_700cf_1.jpg\"\n               data-image-id=\"291\"\n               data-title=\"700 Pescador\"\n               data-description=\"\"\n               data-image-slug=\"700cf_1\"\n               >\n                <img\n                    title=\"700 Pescador\"\n                    alt=\"700 Pescador\"\n                    src=\"https:\/\/www.fibramar.pt\/web\/wp-content\/gallery\/700cabinafrente\/dynamic\/700cf_1.jpg-nggid03291-ngg0dyn-360x240x100-00f0w010c010r110f110r010t010.jpg\"\n                    width=\"360\"\n                    height=\"240\"\n                    style=\"max-width:100%;\"\n                \/>\n            <\/a>\n        <\/div>\n\t\t\t\t\t\t\t<\/div> \n\t\t\t\n        \n\t\t\t\t<div id=\"ngg-image-1\" class=\"ngg-gallery-thumbnail-box\" >\n\t\t\t\t        <div class=\"ngg-gallery-thumbnail\">\n            <a href=\"https:\/\/www.fibramar.pt\/web\/wp-content\/gallery\/700cabinafrente\/700cf_2.jpg\"\n               title=\"\"\n               data-src=\"https:\/\/www.fibramar.pt\/web\/wp-content\/gallery\/700cabinafrente\/700cf_2.jpg\"\n               data-thumbnail=\"https:\/\/www.fibramar.pt\/web\/wp-content\/gallery\/700cabinafrente\/thumbs\/thumbs_700cf_2.jpg\"\n               data-image-id=\"292\"\n               data-title=\"700 Pescador\"\n               data-description=\"\"\n               data-image-slug=\"700cf_2\"\n               >\n                <img\n                    title=\"700 Pescador\"\n                    alt=\"700 Pescador\"\n                    src=\"https:\/\/www.fibramar.pt\/web\/wp-content\/gallery\/700cabinafrente\/dynamic\/700cf_2.jpg-nggid03292-ngg0dyn-360x240x100-00f0w010c010r110f110r010t010.jpg\"\n                    width=\"360\"\n                    height=\"240\"\n                    style=\"max-width:100%;\"\n                \/>\n            <\/a>\n        <\/div>\n\t\t\t\t\t\t\t<\/div> \n\t\t\t\n        \n\t\t\t\t<div id=\"ngg-image-2\" class=\"ngg-gallery-thumbnail-box\" >\n\t\t\t\t        <div class=\"ngg-gallery-thumbnail\">\n            <a href=\"https:\/\/www.fibramar.pt\/web\/wp-content\/gallery\/700cabinafrente\/700cf-black.jpg\"\n               title=\"\"\n               data-src=\"https:\/\/www.fibramar.pt\/web\/wp-content\/gallery\/700cabinafrente\/700cf-black.jpg\"\n               data-thumbnail=\"https:\/\/www.fibramar.pt\/web\/wp-content\/gallery\/700cabinafrente\/thumbs\/thumbs_700cf-black.jpg\"\n               data-image-id=\"471\"\n               data-title=\"700 Pescador\"\n               data-description=\"\"\n               data-image-slug=\"700cf-black\"\n               >\n                <img\n                    title=\"700 Pescador\"\n                    alt=\"700 Pescador\"\n                    src=\"https:\/\/www.fibramar.pt\/web\/wp-content\/gallery\/700cabinafrente\/dynamic\/700cf-black.jpg-nggid03471-ngg0dyn-360x240x100-00f0w010c010r110f110r010t010.jpg\"\n                    width=\"360\"\n                    height=\"240\"\n                    style=\"max-width:100%;\"\n                \/>\n            <\/a>\n        <\/div>\n\t\t\t\t\t\t\t<\/div> \n\t\t\t\n        \n\t\t\t\t<div id=\"ngg-image-3\" class=\"ngg-gallery-thumbnail-box\" >\n\t\t\t\t        <div class=\"ngg-gallery-thumbnail\">\n            <a href=\"https:\/\/www.fibramar.pt\/web\/wp-content\/gallery\/700cabinafrente\/700cf_5.jpg\"\n               title=\"\"\n               data-src=\"https:\/\/www.fibramar.pt\/web\/wp-content\/gallery\/700cabinafrente\/700cf_5.jpg\"\n               data-thumbnail=\"https:\/\/www.fibramar.pt\/web\/wp-content\/gallery\/700cabinafrente\/thumbs\/thumbs_700cf_5.jpg\"\n               data-image-id=\"295\"\n               data-title=\"700 Pescador\"\n               data-description=\"\"\n               data-image-slug=\"700cf_5\"\n               >\n                <img\n                    title=\"700 Pescador\"\n                    alt=\"700 Pescador\"\n                    src=\"https:\/\/www.fibramar.pt\/web\/wp-content\/gallery\/700cabinafrente\/dynamic\/700cf_5.jpg-nggid03295-ngg0dyn-360x240x100-00f0w010c010r110f110r010t010.jpg\"\n                    width=\"360\"\n                    height=\"240\"\n                    style=\"max-width:100%;\"\n                \/>\n            <\/a>\n        <\/div>\n\t\t\t\t\t\t\t<\/div> \n\t\t\t\n        \n\t\t\t\t<div id=\"ngg-image-4\" class=\"ngg-gallery-thumbnail-box\" >\n\t\t\t\t        <div class=\"ngg-gallery-thumbnail\">\n            <a href=\"https:\/\/www.fibramar.pt\/web\/wp-content\/gallery\/700cabinafrente\/700cf_6.jpg\"\n               title=\"\"\n               data-src=\"https:\/\/www.fibramar.pt\/web\/wp-content\/gallery\/700cabinafrente\/700cf_6.jpg\"\n               data-thumbnail=\"https:\/\/www.fibramar.pt\/web\/wp-content\/gallery\/700cabinafrente\/thumbs\/thumbs_700cf_6.jpg\"\n               data-image-id=\"296\"\n               data-title=\"700 Pescador\"\n               data-description=\"\"\n               data-image-slug=\"700cf_6\"\n               >\n                <img\n                    title=\"700 Pescador\"\n                    alt=\"700 Pescador\"\n                    src=\"https:\/\/www.fibramar.pt\/web\/wp-content\/gallery\/700cabinafrente\/dynamic\/700cf_6.jpg-nggid03296-ngg0dyn-360x240x100-00f0w010c010r110f110r010t010.jpg\"\n                    width=\"360\"\n                    height=\"240\"\n                    style=\"max-width:100%;\"\n                \/>\n            <\/a>\n        <\/div>\n\t\t\t\t\t\t\t<\/div> \n\t\t\t\n        \n\t\t\t\t<div id=\"ngg-image-5\" class=\"ngg-gallery-thumbnail-box\" >\n\t\t\t\t        <div class=\"ngg-gallery-thumbnail\">\n            <a href=\"https:\/\/www.fibramar.pt\/web\/wp-content\/gallery\/700cabinafrente\/700cf_7.jpg\"\n               title=\"\"\n               data-src=\"https:\/\/www.fibramar.pt\/web\/wp-content\/gallery\/700cabinafrente\/700cf_7.jpg\"\n               data-thumbnail=\"https:\/\/www.fibramar.pt\/web\/wp-content\/gallery\/700cabinafrente\/thumbs\/thumbs_700cf_7.jpg\"\n               data-image-id=\"297\"\n               data-title=\"700 Pescador\"\n               data-description=\"\"\n               data-image-slug=\"700cf_7\"\n               >\n                <img\n                    title=\"700 Pescador\"\n                    alt=\"700 Pescador\"\n                    src=\"https:\/\/www.fibramar.pt\/web\/wp-content\/gallery\/700cabinafrente\/dynamic\/700cf_7.jpg-nggid03297-ngg0dyn-360x240x100-00f0w010c010r110f110r010t010.jpg\"\n                    width=\"360\"\n                    height=\"240\"\n                    style=\"max-width:100%;\"\n                \/>\n            <\/a>\n        <\/div>\n\t\t\t\t\t\t\t<\/div> \n\t\t\t\n        \n\t\t\t\t<div id=\"ngg-image-6\" class=\"ngg-gallery-thumbnail-box\" >\n\t\t\t\t        <div class=\"ngg-gallery-thumbnail\">\n            <a href=\"https:\/\/www.fibramar.pt\/web\/wp-content\/gallery\/700cabinafrente\/700cf_8.jpg\"\n               title=\"\"\n               data-src=\"https:\/\/www.fibramar.pt\/web\/wp-content\/gallery\/700cabinafrente\/700cf_8.jpg\"\n               data-thumbnail=\"https:\/\/www.fibramar.pt\/web\/wp-content\/gallery\/700cabinafrente\/thumbs\/thumbs_700cf_8.jpg\"\n               data-image-id=\"298\"\n               data-title=\"700 Pescador\"\n               data-description=\"\"\n               data-image-slug=\"700cf_8\"\n               >\n                <img\n                    title=\"700 Pescador\"\n                    alt=\"700 Pescador\"\n                    src=\"https:\/\/www.fibramar.pt\/web\/wp-content\/gallery\/700cabinafrente\/dynamic\/700cf_8.jpg-nggid03298-ngg0dyn-360x240x100-00f0w010c010r110f110r010t010.jpg\"\n                    width=\"360\"\n                    height=\"240\"\n                    style=\"max-width:100%;\"\n                \/>\n            <\/a>\n        <\/div>\n\t\t\t\t\t\t\t<\/div> \n\t\t\t\n        \n\t\t\t\t<div id=\"ngg-image-7\" class=\"ngg-gallery-thumbnail-box\" >\n\t\t\t\t        <div class=\"ngg-gallery-thumbnail\">\n            <a href=\"https:\/\/www.fibramar.pt\/web\/wp-content\/gallery\/700cabinafrente\/700cf_9.jpg\"\n               title=\"\"\n               data-src=\"https:\/\/www.fibramar.pt\/web\/wp-content\/gallery\/700cabinafrente\/700cf_9.jpg\"\n               data-thumbnail=\"https:\/\/www.fibramar.pt\/web\/wp-content\/gallery\/700cabinafrente\/thumbs\/thumbs_700cf_9.jpg\"\n               data-image-id=\"299\"\n               data-title=\"700 Pescador\"\n               data-description=\"\"\n               data-image-slug=\"700cf_9\"\n               >\n                <img\n                    title=\"700 Pescador\"\n                    alt=\"700 Pescador\"\n                    src=\"https:\/\/www.fibramar.pt\/web\/wp-content\/gallery\/700cabinafrente\/dynamic\/700cf_9.jpg-nggid03299-ngg0dyn-360x240x100-00f0w010c010r110f110r010t010.jpg\"\n                    width=\"360\"\n                    height=\"240\"\n                    style=\"max-width:100%;\"\n                \/>\n            <\/a>\n        <\/div>\n\t\t\t\t\t\t\t<\/div> \n\t\t\t\n        \n\t\t\t\t<div id=\"ngg-image-8\" class=\"ngg-gallery-thumbnail-box\" >\n\t\t\t\t        <div class=\"ngg-gallery-thumbnail\">\n            <a href=\"https:\/\/www.fibramar.pt\/web\/wp-content\/gallery\/700cabinafrente\/700cf_10.jpg\"\n               title=\"\"\n               data-src=\"https:\/\/www.fibramar.pt\/web\/wp-content\/gallery\/700cabinafrente\/700cf_10.jpg\"\n               data-thumbnail=\"https:\/\/www.fibramar.pt\/web\/wp-content\/gallery\/700cabinafrente\/thumbs\/thumbs_700cf_10.jpg\"\n               data-image-id=\"300\"\n               data-title=\"700 Pescador\"\n               data-description=\"\"\n               data-image-slug=\"700cf_10\"\n               >\n                <img\n                    title=\"700 Pescador\"\n                    alt=\"700 Pescador\"\n                    src=\"https:\/\/www.fibramar.pt\/web\/wp-content\/gallery\/700cabinafrente\/dynamic\/700cf_10.jpg-nggid03300-ngg0dyn-360x240x100-00f0w010c010r110f110r010t010.jpg\"\n                    width=\"360\"\n                    height=\"240\"\n                    style=\"max-width:100%;\"\n                \/>\n            <\/a>\n        <\/div>\n\t\t\t\t\t\t\t<\/div> \n\t\t\t\n        \n\t\t\t\t<div id=\"ngg-image-9\" class=\"ngg-gallery-thumbnail-box\" >\n\t\t\t\t        <div class=\"ngg-gallery-thumbnail\">\n            <a href=\"https:\/\/www.fibramar.pt\/web\/wp-content\/gallery\/700cabinafrente\/700cf_11.jpg\"\n               title=\"\"\n               data-src=\"https:\/\/www.fibramar.pt\/web\/wp-content\/gallery\/700cabinafrente\/700cf_11.jpg\"\n               data-thumbnail=\"https:\/\/www.fibramar.pt\/web\/wp-content\/gallery\/700cabinafrente\/thumbs\/thumbs_700cf_11.jpg\"\n               data-image-id=\"301\"\n               data-title=\"700 Pescador\"\n               data-description=\"\"\n               data-image-slug=\"700cf_11\"\n               >\n                <img\n                    title=\"700 Pescador\"\n                    alt=\"700 Pescador\"\n                    src=\"https:\/\/www.fibramar.pt\/web\/wp-content\/gallery\/700cabinafrente\/dynamic\/700cf_11.jpg-nggid03301-ngg0dyn-360x240x100-00f0w010c010r110f110r010t010.jpg\"\n                    width=\"360\"\n                    height=\"240\"\n                    style=\"max-width:100%;\"\n                \/>\n            <\/a>\n        <\/div>\n\t\t\t\t\t\t\t<\/div> \n\t\t\t\n        \n\t\t\t\t<div id=\"ngg-image-10\" class=\"ngg-gallery-thumbnail-box\" >\n\t\t\t\t        <div class=\"ngg-gallery-thumbnail\">\n            <a href=\"https:\/\/www.fibramar.pt\/web\/wp-content\/gallery\/700cabinafrente\/700cf_12.jpg\"\n               title=\"\"\n               data-src=\"https:\/\/www.fibramar.pt\/web\/wp-content\/gallery\/700cabinafrente\/700cf_12.jpg\"\n               data-thumbnail=\"https:\/\/www.fibramar.pt\/web\/wp-content\/gallery\/700cabinafrente\/thumbs\/thumbs_700cf_12.jpg\"\n               data-image-id=\"302\"\n               data-title=\"700 Pescador\"\n               data-description=\"\"\n               data-image-slug=\"700cf_12\"\n               >\n                <img\n                    title=\"700 Pescador\"\n                    alt=\"700 Pescador\"\n                    src=\"https:\/\/www.fibramar.pt\/web\/wp-content\/gallery\/700cabinafrente\/dynamic\/700cf_12.jpg-nggid03302-ngg0dyn-360x240x100-00f0w010c010r110f110r010t010.jpg\"\n                    width=\"360\"\n                    height=\"240\"\n                    style=\"max-width:100%;\"\n                \/>\n            <\/a>\n        <\/div>\n\t\t\t\t\t\t\t<\/div> \n\t\t\t\n        \n\t\t\n\t\t<!-- Pagination -->\n\t<div class='ngg-clear'><\/div>\t<\/div>\n\n<h4 class=\"lined-section color2\">Especifica\u00e7\u00f5es do&nbsp;<strong>FIBRAMAR 700 PESCADOR (CABINA \u00c0 PROA)<\/strong><span><\/span><\/h4>\n<p><img decoding=\"async\" loading=\"lazy\" class=\"aligncenter size-full wp-image-1067\" src=\"http:\/\/www.fibramar.pt\/web\/wp-content\/uploads\/2014\/03\/700Ncabinafrente.jpg\" alt=\"700Ncabinafrente\" width=\"1000\" height=\"107\"><\/p>\n<h4 class=\"lined-section color2\">Resumo do produto<span><\/span><\/h4>\n<p style=\"text-align: justify;\">Vers\u00e3o com cabina \u00e0 proa do&nbsp;<em>700 Pescador.&nbsp;<\/em>Este modelo com cabina \u00e0 proa confere bastante espa\u00e7o livre no conv\u00e9s.<br \/>\n<strong><\/p>\n<div class=\"row\"><\/strong><\/p>\n<div class=\"grid6\">\n<h4 class=\"lined-section color2\">Equipamento standard<span><\/span><\/h4>\n<p style=\"text-align: justify;\"><strong>\u2013 Constru\u00e7\u00e3o:<br \/>\n<\/strong>&nbsp; &nbsp;Conv\u00e9s em sandu\u00edche com n\u00facleo de PVC<br \/>\n&nbsp; &nbsp;Estrutura de flutuabilidade compartimentada obtida por molde (uma s\u00f3 pe\u00e7a)<br \/>\n&nbsp; &nbsp;Gel coat branco<br \/>\n&nbsp; &nbsp;Acabamento interior com top coat cinzento<br \/>\n&nbsp; &nbsp;Tubo passa-cabos da popa at\u00e9 ao posto de comando<\/p>\n<p><strong>\u2013 Casco:<br \/>\n<\/strong>&nbsp; &nbsp;Verdugo PVC cinzento<br \/>\n&nbsp; &nbsp;Autocolantes cinzentos<\/p>\n<p><strong>\u2013 Amarra\u00e7\u00e3o e fundeio:<br \/>\n<\/strong>&nbsp; &nbsp;Argola de reboque<br \/>\n&nbsp; &nbsp;Roldana de proa<br \/>\n&nbsp; &nbsp;2 guias passa-cabos<br \/>\n&nbsp; &nbsp;1 cunho de amarra\u00e7\u00e3o \u00e0 proa<br \/>\n&nbsp; &nbsp;2 cunhos de amarra\u00e7\u00e3o \u00e0 popa<br \/>\n&nbsp; &nbsp;2 olhais de eleva\u00e7\u00e3o integrados na estrutura do po\u00e7o do motor<\/p>\n<p><strong>\u2013 Seguran\u00e7a:<br \/>\n<\/strong>&nbsp; &nbsp;Conv\u00e9s auto-esvaziante<br \/>\n&nbsp; &nbsp;Conv\u00e9s anti-derrapante<br \/>\n&nbsp; &nbsp;Varandins de proa<br \/>\n&nbsp; &nbsp;2 pegas verticais no exterior da cabina<br \/>\n&nbsp; &nbsp;2 pegas exteriores no tejadilho da cabina<br \/>\n&nbsp; &nbsp;Escada de banho articulada<\/p>\n<p><strong>\u2013 Arrumos:<br \/>\n<\/strong>&nbsp; &nbsp;Compartimentos para arrumos com fecho (\u00e0 proa e \u00e0 popa)<br \/>\n&nbsp; &nbsp;Compartimentos para arrumos no interior da cabina<\/p>\n<p><strong>\u2013 Conforto:<\/strong><br \/>\n&nbsp; &nbsp;Banco integrado \u00e0 popa<\/p>\n<p><strong>\u2013 Cabina \u00e0 proa:<\/strong><br \/>\n&nbsp; &nbsp;Janelas em acr\u00edlico incolor<br \/>\n&nbsp; &nbsp;Porta em PRFV com fechadura<\/p>\n<\/div>\n<div class=\"grid6\">\n<h4 class=\"lined-section color2\">Equipamento opcional<span><\/span><\/h4>\n<p><strong>\u2013 Constru\u00e7\u00e3o:<br \/>\n<\/strong>&nbsp; &nbsp;Cor do casco<br \/>\n&nbsp; &nbsp;Cor do acabamento interior (top coat)<br \/>\n&nbsp; &nbsp;Cor do tejadilho da cabina<br \/>\n&nbsp; &nbsp;Refor\u00e7os para instala\u00e7\u00e3o de equipamentos<br \/>\n&nbsp; &nbsp;Cavernas de refor\u00e7o<br \/>\n&nbsp; &nbsp;Anteparas transversais \/ longitudinais fixas<br \/>\n&nbsp; &nbsp;Anteparas transversais \/ longitudinais amov\u00edveis<\/p>\n<p><strong>\u2013 Casco:<br \/>\n<\/strong>&nbsp; &nbsp;Cor do verdugo PVC<br \/>\n&nbsp; &nbsp;Cor dos autocolantes<br \/>\n&nbsp; &nbsp;Robaletes<br \/>\n&nbsp; &nbsp;Barra inox na quilha \/ quilha e robaletes<\/p>\n<p><strong>\u2013 Amarra\u00e7\u00e3o e fundeio:<br \/>\n<\/strong>&nbsp; &nbsp;Argolas de eleva\u00e7\u00e3o<br \/>\n&nbsp; &nbsp;Paiol de \u00e2ncora auto-esvaziante com tampa<br \/>\n&nbsp; &nbsp;Cunhos de amarra\u00e7\u00e3o extra<\/p>\n<p><strong>\u2013 Seguran\u00e7a:<br \/>\n<\/strong>&nbsp; &nbsp;Varandins laterais<br \/>\n&nbsp; &nbsp;Varandim de popa<br \/>\n&nbsp; &nbsp;Pegas<br \/>\n&nbsp; &nbsp;Estribo(s) para acesso \u00e0 proa<\/p>\n<p><strong>\u2013 Arrumos:<br \/>\n<\/strong>&nbsp; &nbsp;Por\u00e3o com tampa em PRFV (acesso com 100x60cm)<\/p>\n<p><strong>\u2013 Conforto:<\/strong><br \/>\n&nbsp; &nbsp;Estofo do banco integrado \u00e0 popa<br \/>\n&nbsp; &nbsp;Cores dos estofos<br \/>\n&nbsp; &nbsp;Grelhas de ventila\u00e7\u00e3o<br \/>\n&nbsp; &nbsp;Tanque de isca viva integrado<br \/>\n&nbsp; &nbsp;Dep\u00f3sito de combust\u00edvel integrado (90 litros)<br \/>\n&nbsp; &nbsp;Dep\u00f3sito de combust\u00edvel integrado (120 litros)<br \/>\n&nbsp; &nbsp;Dep\u00f3sito de combust\u00edvel integrado (187 litros)<br \/>\n&nbsp; &nbsp;Bocal de combust\u00edvel, respiro, sensor de n\u00edvel e man\u00f3metro<br \/>\n&nbsp; &nbsp;Suportes para canas<br \/>\n&nbsp; &nbsp;Arco de luzes<br \/>\n&nbsp; &nbsp;Toldo bimini<br \/>\n&nbsp; &nbsp;Capa \/ cobertura em lona<\/p>\n<p><strong>\u2013 Cabina \u00e0 proa:<\/strong><br \/>\n&nbsp; &nbsp;Janelas em acr\u00edlico escuro<br \/>\n&nbsp; &nbsp;Janelas em vidro temperado com moldura em alum\u00ednio<br \/>\n&nbsp; &nbsp;Porta de correr em alum\u00ednio com janela em vidro temperado<br \/>\n&nbsp; &nbsp;Cadeira de piloto com altura regul\u00e1vel<br \/>\n&nbsp; &nbsp;Cadeira de co-piloto com altura regul\u00e1vel<br \/>\n&nbsp; &nbsp;Apoio de p\u00e9s integrado<br \/>\n&nbsp; &nbsp;Banco de piloto articulado<br \/>\n&nbsp; &nbsp;Banco de co-piloto articulado<\/p>\n<\/div>\n<\/div>\n<p>&nbsp;<\/p>\n","protected":false},"excerpt":{"rendered":"<p>Vers\u00e3o com cabina \u00e0 proa do&nbsp;700 Pescador.&nbsp;Este modelo com cabina \u00e0 proa confere bastante espa\u00e7o livre no conv\u00e9s. &nbsp;<\/p>\n","protected":false},"author":1,"featured_media":0,"parent":0,"menu_order":0,"comment_status":"closed","ping_status":"closed","template":"","meta":{"ngg_post_thumbnail":0,"_mi_skip_tracking":false},"yoast_head":"<!-- This site is optimized with the Yoast SEO plugin v20.2.1 - https:\/\/yoast.com\/wordpress\/plugins\/seo\/ -->\n<title>700 Pescador (cabina \u00e0 proa) | FIBRAMAR<\/title>\n<meta name=\"robots\" content=\"index, follow, max-snippet:-1, max-image-preview:large, max-video-preview:-1\" \/>\n<link rel=\"canonical\" href=\"https:\/\/www.fibramar.pt\/web\/700-pescador-cabina-a-proa\/\" \/>\n<meta property=\"og:locale\" content=\"pt_PT\" \/>\n<meta property=\"og:type\" content=\"article\" \/>\n<meta property=\"og:title\" content=\"700 Pescador (cabina \u00e0 proa) | FIBRAMAR\" \/>\n<meta property=\"og:description\" content=\"Vers\u00e3o com cabina \u00e0 proa do&nbsp;700 Pescador.&nbsp;Este modelo com cabina \u00e0 proa confere bastante espa\u00e7o livre no conv\u00e9s. &nbsp;\" \/>\n<meta property=\"og:url\" content=\"https:\/\/www.fibramar.pt\/web\/700-pescador-cabina-a-proa\/\" \/>\n<meta property=\"og:site_name\" content=\"FIBRAMAR\" \/>\n<meta property=\"article:publisher\" content=\"https:\/\/www.facebook.com\/fibramar\" \/>\n<meta property=\"article:modified_time\" content=\"2023-03-09T10:48:49+00:00\" \/>\n<meta property=\"og:image\" content=\"http:\/\/www.fibramar.pt\/web\/wp-content\/uploads\/2014\/03\/700Ncabinafrente.jpg\" \/>\n<meta name=\"twitter:card\" content=\"summary_large_image\" \/>\n<meta name=\"twitter:label1\" content=\"Tempo estimado de leitura\" \/>\n\t<meta name=\"twitter:data1\" content=\"3 minutos\" \/>\n<script type=\"application\/ld+json\" class=\"yoast-schema-graph\">{\"@context\":\"https:\/\/schema.org\",\"@graph\":[{\"@type\":\"WebPage\",\"@id\":\"https:\/\/www.fibramar.pt\/web\/700-pescador-cabina-a-proa\/\",\"url\":\"https:\/\/www.fibramar.pt\/web\/700-pescador-cabina-a-proa\/\",\"name\":\"700 Pescador (cabina \u00e0 proa) | FIBRAMAR\",\"isPartOf\":{\"@id\":\"https:\/\/www.fibramar.pt\/web\/#website\"},\"datePublished\":\"2014-03-18T20:46:21+00:00\",\"dateModified\":\"2023-03-09T10:48:49+00:00\",\"breadcrumb\":{\"@id\":\"https:\/\/www.fibramar.pt\/web\/700-pescador-cabina-a-proa\/#breadcrumb\"},\"inLanguage\":\"pt-PT\",\"potentialAction\":[{\"@type\":\"ReadAction\",\"target\":[\"https:\/\/www.fibramar.pt\/web\/700-pescador-cabina-a-proa\/\"]}]},{\"@type\":\"BreadcrumbList\",\"@id\":\"https:\/\/www.fibramar.pt\/web\/700-pescador-cabina-a-proa\/#breadcrumb\",\"itemListElement\":[{\"@type\":\"ListItem\",\"position\":1,\"name\":\"In\u00edcio\",\"item\":\"https:\/\/www.fibramar.pt\/web\/\"},{\"@type\":\"ListItem\",\"position\":2,\"name\":\"700 Pescador (cabina \u00e0 proa)\"}]},{\"@type\":\"WebSite\",\"@id\":\"https:\/\/www.fibramar.pt\/web\/#website\",\"url\":\"https:\/\/www.fibramar.pt\/web\/\",\"name\":\":: FIBRAMAR\",\"description\":\"\",\"publisher\":{\"@id\":\"https:\/\/www.fibramar.pt\/web\/#organization\"},\"potentialAction\":[{\"@type\":\"SearchAction\",\"target\":{\"@type\":\"EntryPoint\",\"urlTemplate\":\"https:\/\/www.fibramar.pt\/web\/?s={search_term_string}\"},\"query-input\":\"required name=search_term_string\"}],\"inLanguage\":\"pt-PT\"},{\"@type\":\"Organization\",\"@id\":\"https:\/\/www.fibramar.pt\/web\/#organization\",\"name\":\"Fibramar\",\"url\":\"https:\/\/www.fibramar.pt\/web\/\",\"logo\":{\"@type\":\"ImageObject\",\"inLanguage\":\"pt-PT\",\"@id\":\"https:\/\/www.fibramar.pt\/web\/#\/schema\/logo\/image\/\",\"url\":\"https:\/\/www.fibramar.pt\/web\/wp-content\/uploads\/2014\/03\/logo_fibramar.png\",\"contentUrl\":\"https:\/\/www.fibramar.pt\/web\/wp-content\/uploads\/2014\/03\/logo_fibramar.png\",\"width\":323,\"height\":77,\"caption\":\"Fibramar\"},\"image\":{\"@id\":\"https:\/\/www.fibramar.pt\/web\/#\/schema\/logo\/image\/\"},\"sameAs\":[\"https:\/\/www.facebook.com\/fibramar\",\"https:\/\/www.instagram.com\/fibramar\",\"https:\/\/www.pinterest.pt\/fibramar\",\"https:\/\/www.youtube.com\/fibramarboats\"]}]}<\/script>\n<!-- \/ Yoast SEO plugin. -->","yoast_head_json":{"title":"700 Pescador (cabina \u00e0 proa) | FIBRAMAR","robots":{"index":"index","follow":"follow","max-snippet":"max-snippet:-1","max-image-preview":"max-image-preview:large","max-video-preview":"max-video-preview:-1"},"canonical":"https:\/\/www.fibramar.pt\/web\/700-pescador-cabina-a-proa\/","og_locale":"pt_PT","og_type":"article","og_title":"700 Pescador (cabina \u00e0 proa) | FIBRAMAR","og_description":"Vers\u00e3o com cabina \u00e0 proa do&nbsp;700 Pescador.&nbsp;Este modelo com cabina \u00e0 proa confere bastante espa\u00e7o livre no conv\u00e9s. &nbsp;","og_url":"https:\/\/www.fibramar.pt\/web\/700-pescador-cabina-a-proa\/","og_site_name":"FIBRAMAR","article_publisher":"https:\/\/www.facebook.com\/fibramar","article_modified_time":"2023-03-09T10:48:49+00:00","og_image":[{"url":"http:\/\/www.fibramar.pt\/web\/wp-content\/uploads\/2014\/03\/700Ncabinafrente.jpg"}],"twitter_card":"summary_large_image","twitter_misc":{"Tempo estimado de leitura":"3 minutos"},"schema":{"@context":"https:\/\/schema.org","@graph":[{"@type":"WebPage","@id":"https:\/\/www.fibramar.pt\/web\/700-pescador-cabina-a-proa\/","url":"https:\/\/www.fibramar.pt\/web\/700-pescador-cabina-a-proa\/","name":"700 Pescador (cabina \u00e0 proa) | FIBRAMAR","isPartOf":{"@id":"https:\/\/www.fibramar.pt\/web\/#website"},"datePublished":"2014-03-18T20:46:21+00:00","dateModified":"2023-03-09T10:48:49+00:00","breadcrumb":{"@id":"https:\/\/www.fibramar.pt\/web\/700-pescador-cabina-a-proa\/#breadcrumb"},"inLanguage":"pt-PT","potentialAction":[{"@type":"ReadAction","target":["https:\/\/www.fibramar.pt\/web\/700-pescador-cabina-a-proa\/"]}]},{"@type":"BreadcrumbList","@id":"https:\/\/www.fibramar.pt\/web\/700-pescador-cabina-a-proa\/#breadcrumb","itemListElement":[{"@type":"ListItem","position":1,"name":"In\u00edcio","item":"https:\/\/www.fibramar.pt\/web\/"},{"@type":"ListItem","position":2,"name":"700 Pescador (cabina \u00e0 proa)"}]},{"@type":"WebSite","@id":"https:\/\/www.fibramar.pt\/web\/#website","url":"https:\/\/www.fibramar.pt\/web\/","name":":: FIBRAMAR","description":"","publisher":{"@id":"https:\/\/www.fibramar.pt\/web\/#organization"},"potentialAction":[{"@type":"SearchAction","target":{"@type":"EntryPoint","urlTemplate":"https:\/\/www.fibramar.pt\/web\/?s={search_term_string}"},"query-input":"required name=search_term_string"}],"inLanguage":"pt-PT"},{"@type":"Organization","@id":"https:\/\/www.fibramar.pt\/web\/#organization","name":"Fibramar","url":"https:\/\/www.fibramar.pt\/web\/","logo":{"@type":"ImageObject","inLanguage":"pt-PT","@id":"https:\/\/www.fibramar.pt\/web\/#\/schema\/logo\/image\/","url":"https:\/\/www.fibramar.pt\/web\/wp-content\/uploads\/2014\/03\/logo_fibramar.png","contentUrl":"https:\/\/www.fibramar.pt\/web\/wp-content\/uploads\/2014\/03\/logo_fibramar.png","width":323,"height":77,"caption":"Fibramar"},"image":{"@id":"https:\/\/www.fibramar.pt\/web\/#\/schema\/logo\/image\/"},"sameAs":["https:\/\/www.facebook.com\/fibramar","https:\/\/www.instagram.com\/fibramar","https:\/\/www.pinterest.pt\/fibramar","https:\/\/www.youtube.com\/fibramarboats"]}]}},"_links":{"self":[{"href":"https:\/\/www.fibramar.pt\/web\/wp-json\/wp\/v2\/pages\/403"}],"collection":[{"href":"https:\/\/www.fibramar.pt\/web\/wp-json\/wp\/v2\/pages"}],"about":[{"href":"https:\/\/www.fibramar.pt\/web\/wp-json\/wp\/v2\/types\/page"}],"author":[{"embeddable":true,"href":"https:\/\/www.fibramar.pt\/web\/wp-json\/wp\/v2\/users\/1"}],"replies":[{"embeddable":true,"href":"https:\/\/www.fibramar.pt\/web\/wp-json\/wp\/v2\/comments?post=403"}],"version-history":[{"count":16,"href":"https:\/\/www.fibramar.pt\/web\/wp-json\/wp\/v2\/pages\/403\/revisions"}],"predecessor-version":[{"id":3649,"href":"https:\/\/www.fibramar.pt\/web\/wp-json\/wp\/v2\/pages\/403\/revisions\/3649"}],"wp:attachment":[{"href":"https:\/\/www.fibramar.pt\/web\/wp-json\/wp\/v2\/media?parent=403"}],"curies":[{"name":"wp","href":"https:\/\/api.w.org\/{rel}","templated":true}]}}