{"id":41,"date":"2014-03-18T19:16:27","date_gmt":"2014-03-18T19:16:27","guid":{"rendered":"http:\/\/www.fibramar.pt\/web\/?page_id=41"},"modified":"2025-12-09T17:25:49","modified_gmt":"2025-12-09T17:25:49","slug":"distribuidores","status":"publish","type":"page","link":"https:\/\/www.fibramar.pt\/web\/distribuidores\/","title":{"rendered":"distribuidores"},"content":{"rendered":"<div class=\"row\">\n<div class=\"grid4\">\n<h4 class=\"lined-section color2\">Norte<span><\/span><\/h4>\n<p><strong>Procuramos distribuidores&#8230;<br \/>\nSe desejar ser nosso representante por favor contacte-nos.<\/strong>\n<\/div>\n<div class=\"grid4\">\n<h4 class=\"lined-section color2\">Centro<span><\/span><\/h4>\n<p><strong>Starn\u00e1utica<\/strong><br \/>\nAvenida Infante D. Henrique<br \/>\nEdif\u00edcio Beira Rio, Letra D<br \/>\n1900-408 Lisboa<br \/>\nTlf.: 218 144 249<br \/>\n<a href=\"http:\/\/www.starnautica.pt\" target=\"_blank\" rel=\"noopener noreferrer\">www.starnautica.pt<\/a><br \/>\n<a href=\"mailto:geral@starnautica.pt\">geral@starnautica.pt<\/a><\/p>\n<p><strong>Mar\u00e9 N\u00e1utica<\/strong><br \/>\nQuinta do Carrascal, n\u00ba1<br \/>\n2755-406 Alcabideche<br \/>\nTlf.: 214 862 691<br \/>\nTlm.: 913 358 029<br \/>\n<a href=\"http:\/\/www.marenautica.pt\" target=\"_blank\" rel=\"noopener noreferrer\">www.marenautica.pt<br \/>\n<\/a><a href=\"mailto:geral@marenautica.pt\">geral@marenautica.pt<\/a><\/p>\n<p><strong>Nautirecreio<\/strong><br \/>\nRua dos Cordoeiros a Pedrou\u00e7os, n\u00ba45<br \/>\n1400-071 Lisboa<br \/>\nTlf.: 214 465 976<br \/>\nTlm.: 966 001 650<br \/>\n<a href=\"http:\/\/www.nautirecreio.pt\" target=\"_blank\" rel=\"noopener noreferrer\">www.nautirecreio.pt<\/a><br \/>\n<a href=\"mailto:nautirecreio@nautirecreio.pt\">nautirecreio@nautirecreio.pt<\/a><\/p>\n<p><strong>Atelier do Barco<\/strong><br \/>\nRua dos Cani\u00e7os, n\u00ba28<br \/>\n2625-398 Forte da Casa<br \/>\nTlm.: 933 934 369<br \/>\n<a href=\"http:\/\/www.atelierdobarco.pt\">www.atelierdobarco.pt<\/a><br \/>\n<a href=\"mailto:geral@atelierdobarco.pt\">geral@atelierdobarco.pt<\/a><\/p>\n<p><strong>Motolusa<\/strong><br \/>\nRua do Proletariado<br \/>\nPortela da Ajuda<br \/>\n2790-138 Carnaxide<br \/>\nTlf.: 214 241 820<br \/>\nTlm.: 914 728 802<br \/>\n<a href=\"http:\/\/www.motolusa.pt\" target=\"_blank\" rel=\"noopener noreferrer\">www.motolusa.pt<\/a><br \/>\n<a href=\"mailto:nautica@motolusa.pt\">nautica@motolusa.pt<\/a><\/p>\n<p><strong>Nauticarinto<\/strong><br \/>\nAvenida de Espanha<br \/>\nDoca de Recreio<br \/>\n3080-016 Figueira da Foz<br \/>\nTlm.: 916 455 918<br \/>\n<a href=\"http:\/\/www.nauticarinto.com\" target=\"_blank\" rel=\"noopener noreferrer\">www.nauticarinto.com<\/a><br \/>\n<a href=\"mailto:loja@nauticarinto.com\">loja@nauticarinto.com<\/a><\/p>\n<p><strong>Aquabordo &#8211; Jos\u00e9 Luciano Lopes<\/strong><br \/>\nBairro da Esta\u00e7\u00e3o, armaz\u00e9m n\u00ba 1N<br \/>\n3080-026 Figueira da Foz<br \/>\nTlm: 917 773 604<br \/>\n<a href=\"mailto:aquabordo@sapo.pt\">aquabordo@sapo.pt<\/a><\/p>\n<\/div>\n<div class=\"grid4\">\n<h4 class=\"lined-section color2\">Sul<span><\/span><\/h4>\n<p><strong>Arrastomar<br \/>\n<\/strong>Estrada Nacional 378, KM 8<br \/>\n2865-022 Fern\u00e3o Ferro<br \/>\nTlf.: 212 128 100<br \/>\nTlm.: 962 723 894<br \/>\n<a href=\"http:\/\/www.arrastomar.pt\" target=\"_blank\" rel=\"noopener noreferrer\">www.arrastomar.pt<\/a><br \/>\n<a href=\"mailto:p.martins@arrastomar.pt\">p.martins@arrastomar.pt<\/a><\/p>\n<p><strong>Orla Costeira &#8211; J. Fraz\u00e3o<br \/>\n<\/strong>Rua Trabalhadores do Mar, n\u00ba61<br \/>\n2900-650 Set\u00fabal<br \/>\nTlf.: 265 231 347<br \/>\nTlm.: 969 481 487<br \/>\n<a href=\"http:\/\/www.nautilusmar.com.pt\" target=\"_blank\" rel=\"noopener noreferrer\">www.nautilusmar.com.pt<br \/>\n<\/a><a href=\"mailto:orla.costeira@sapo.pt\">orla.costeira@sapo.pt<\/a><\/p>\n<p><strong>Zimbromotor<\/strong><br \/>\nPorto de Abrigo, Oficina n\u00ba3<br \/>\n2970-152 Sesimbra<br \/>\nTlf.: 212 280 737<br \/>\nTlm.: 963 543 680<br \/>\n<a href=\"http:\/\/www.zimbromotor.com\" target=\"_blank\" rel=\"noopener noreferrer\">www.zimbromotor.com<\/a><br \/>\n<a href=\"mailto:geral@zimbromotor.com\">geral@zimbromotor.com<\/a><\/p>\n<p><strong>Nautizimbra<\/strong><br \/>\nPorto de Abrigo, Oficina n\u00ba1<br \/>\n2970-152 Sesimbra<br \/>\nTlf.: 212 281 551<br \/>\nTlm.: 963 384 889<br \/>\n<a href=\"http:\/\/www.nautizimbra.com\" target=\"_blank\" rel=\"noopener noreferrer\">www.nautizimbra.com<\/a><br \/>\n<a href=\"mailto:nautizimbra@gmail.com\">nautizimbra@gmail.com<\/a><\/p>\n<p><strong>Nautimascarenhas<\/strong><br \/>\nMarina de Sines, loja n\u00ba1<br \/>\n7521-901 Sines<br \/>\nTlf.: 269 633 123<br \/>\nTlm.: 969 032 497<br \/>\n<a href=\"http:\/\/nautimascarenhas.com\">www.nautimascarenhas.com<\/a><br \/>\n<a href=\"mailto:nautimascarenhas@gmail.com\">nautimascarenhas@gmail.com<\/a><\/p>\n<p><strong>NauticMar<\/strong><br \/>\nPraceta Ana Castro Os\u00f3rio, Lote 21, Loja B<br \/>\n8600-620 Lagos<br \/>\nTlm.: 913 300 200<br \/>\n<a href=\"http:\/\/www.nauticmar.pt\" target=\"_blank\" rel=\"noopener noreferrer\">http:\/\/www.nauticmar.pt<\/a><br \/>\n<a href=\"mailto:online@nauticmar.pt\">online@nauticmar.pt<\/a><\/p>\n<p><strong>Murtan\u00e1utica<\/strong><br \/>\nEstaleiros da Marina de Vilamoura<br \/>\n8125-507 Quarteira<br \/>\nTlf.: 289 323 936<br \/>\nTlm.: 915 334 611<br \/>\n<a href=\"https:\/\/www.murtanautica.pt\">www.murtanautica.pt<\/a><br \/>\n<a href=\"mailto:mmurtanautica@gmail.com\">mmurtanautica@gmail.com<\/a><\/p>\n<p><strong>Marina Formosa<\/strong><br \/>\nZona Industrial de Olh\u00e3o<br \/>\nEstaleiro Naval n\u00ba2, Apartado 410<br \/>\n8700-281 Olh\u00e3o<br \/>\nTlf.: 289 702&nbsp;162<br \/>\nTlm.: 964 125 156<br \/>\n<a href=\"http:\/\/www.nauticauto.pt\" target=\"_blank\" rel=\"noopener noreferrer\">www.marinaformosa.com<\/a><br \/>\n<a href=\"mailto:geral@marinaformosa.com\">geral@marinaformosa.com<\/a><\/p>\n<\/div>\n<\/div>\n<div class=\"row\">\n<div class=\"grid6\">\n<h4 class=\"lined-section color2\">Madeira<span><\/span><\/h4>\n<p><strong>Costa N\u00e1utica<\/strong><br \/>\nRua Ribeiro das Freiras, Armaz\u00e9m 14<br \/>\n9125-215 Cani\u00e7o<br \/>\nTlf.: 291 223 560<br \/>\nTlm.: 962 939 322<br \/>\n<a href=\"https:\/\/www.costanautica.pt\/\">www.costanautica.pt<\/a><br \/>\n<a href=\"mailto:costanautica@sapo.pt\">costanautica@sapo.pt<\/a><\/p>\n<p><strong>Fish Point<\/strong><br \/>\nAv. D. Manuel I<br \/>\n9370-135 Calheta<br \/>\nTlf.: 291 093 462<br \/>\nTlm.: 913 605 020<br \/>\n<a href=\"https:\/\/www.fishpoint.pt\">www.fishpoint.pt<\/a><br \/>\n<a href=\"mailto:fishpointmadeira@gmail.com\">fishpointmadeira@gmail.com<\/a><\/div>\n<div class=\"grid6\">\n<h4 class=\"lined-section color2\">A\u00e7ores<span><\/span><\/h4>\n<p><strong>MAP<\/strong><br \/>\n1\u00aa Rua de Santa Clara, n\u00ba186<br \/>\n9500-241 Ponta Delgada<br \/>\nIlha de S\u00e3o Miguel<br \/>\nTlf.: 296 285 635<br \/>\nTlm.: 962 825 898<br \/>\n<a href=\"http:\/\/www.mapazores.pt\">www.mapazores.pt<\/a><br \/>\n<a href=\"mailto: mapazores@gmail.com\">mapazores@gmail.com<\/a><\/p>\n<p><strong>Parreira Azor<\/strong><br \/>\nAtalaia, n\u00ba29 &#8211; Ribeirinha<br \/>\n9700-416 Angra do Hero\u00edsmo<br \/>\nIlha Terceira<br \/>\nTel.: 295 401 280<br \/>\nTlm.: 912 355 308<br \/>\n<a href=\"http:\/\/www.parreiraazor.com\">www.parreiraazor.com<\/a><br \/>\n<a href=\"mailto: pedro.parreira@parreiraazor.com\">pedro.parreira@parreiraazor.com<\/a><\/p>\n<p><strong>Jos\u00e9 Ricardo Soares &amp; Irm\u00e3o<\/strong><br \/>\nCaminho Novo<br \/>\n9800-423 Urzelina<br \/>\nIlha de S\u00e3o Jorge<br \/>\nTlf.: 295 414 263<br \/>\nTlm.: 912 259 538<br \/>\n<a href=\"http:\/\/www.jrsirmao.pt\">www.jrsirmao.pt<\/a><br \/>\n<a href=\"mailto: josericardo@jrsirmao.pt\">josericardo@jrsirmao.pt<\/a><\/p>\n<p><strong>Calypso<\/strong><br \/>\nRua Rodrigues Sampaio, n\u00ba10<br \/>\n9880-238 S\u00e3o Mateus SCG<br \/>\nIlha Graciosa<br \/>\nTlf.: 295 732 892<br \/>\nTlm.: 917 566 500<br \/>\n<a href=\"http:\/\/www.calypsoazores.com\">www.calypsoazores.com<\/a><br \/>\n<a href=\"mailto: paulomendonca@calypsoazores.com\">paulomendonca@calypsoazores.com<\/a><\/p>\n<p><strong>Latitude Azul<\/strong><br \/>\nZona Industrial da Queimada, Apartado 35<br \/>\n9930-131 Lajes do Pico<br \/>\nIlha do Pico<br \/>\nTlf.: 292 672 418<br \/>\nTlm.: 919 991 630<br \/>\n<a href=\"mailto: latitudeazul@hotmail.com\">latitudeazul@hotmail.com<\/a><\/p>\n<\/div>\n<\/div>\n<div class=\"lined-section-only\"><span><\/span><\/div>\n<h4 class=\"lined-section color2\">A sua empresa ainda n\u00e3o est\u00e1 aqui?<span><\/span><\/h4>\n<p><a href=\"mailto:fibramar@fibramar.pt\">Contacte-nos<\/a> para a adicionarmos imediatamente.<\/p>\n<p>&nbsp;<\/p>\n","protected":false},"excerpt":{"rendered":"<p>Contacte-nos para a adicionarmos imediatamente. &nbsp;<\/p>\n","protected":false},"author":1,"featured_media":0,"parent":0,"menu_order":0,"comment_status":"closed","ping_status":"closed","template":"","meta":{"ngg_post_thumbnail":0,"_mi_skip_tracking":false},"yoast_head":"<!-- This site is optimized with the Yoast SEO plugin v20.2.1 - https:\/\/yoast.com\/wordpress\/plugins\/seo\/ -->\n<title>distribuidores | FIBRAMAR<\/title>\n<meta name=\"robots\" content=\"index, follow, max-snippet:-1, max-image-preview:large, max-video-preview:-1\" \/>\n<link rel=\"canonical\" href=\"https:\/\/www.fibramar.pt\/web\/distribuidores\/\" \/>\n<meta property=\"og:locale\" content=\"pt_PT\" \/>\n<meta property=\"og:type\" content=\"article\" \/>\n<meta property=\"og:title\" content=\"distribuidores | FIBRAMAR\" \/>\n<meta property=\"og:description\" content=\"Contacte-nos para a adicionarmos imediatamente. &nbsp;\" \/>\n<meta property=\"og:url\" content=\"https:\/\/www.fibramar.pt\/web\/distribuidores\/\" \/>\n<meta property=\"og:site_name\" content=\"FIBRAMAR\" \/>\n<meta property=\"article:publisher\" content=\"https:\/\/www.facebook.com\/fibramar\" \/>\n<meta property=\"article:modified_time\" content=\"2025-12-09T17:25:49+00:00\" \/>\n<meta name=\"twitter:card\" content=\"summary_large_image\" \/>\n<meta name=\"twitter:label1\" content=\"Tempo estimado de leitura\" \/>\n\t<meta name=\"twitter:data1\" content=\"3 minutos\" \/>\n<script type=\"application\/ld+json\" class=\"yoast-schema-graph\">{\"@context\":\"https:\/\/schema.org\",\"@graph\":[{\"@type\":\"WebPage\",\"@id\":\"https:\/\/www.fibramar.pt\/web\/distribuidores\/\",\"url\":\"https:\/\/www.fibramar.pt\/web\/distribuidores\/\",\"name\":\"distribuidores | FIBRAMAR\",\"isPartOf\":{\"@id\":\"https:\/\/www.fibramar.pt\/web\/#website\"},\"datePublished\":\"2014-03-18T19:16:27+00:00\",\"dateModified\":\"2025-12-09T17:25:49+00:00\",\"breadcrumb\":{\"@id\":\"https:\/\/www.fibramar.pt\/web\/distribuidores\/#breadcrumb\"},\"inLanguage\":\"pt-PT\",\"potentialAction\":[{\"@type\":\"ReadAction\",\"target\":[\"https:\/\/www.fibramar.pt\/web\/distribuidores\/\"]}]},{\"@type\":\"BreadcrumbList\",\"@id\":\"https:\/\/www.fibramar.pt\/web\/distribuidores\/#breadcrumb\",\"itemListElement\":[{\"@type\":\"ListItem\",\"position\":1,\"name\":\"In\u00edcio\",\"item\":\"https:\/\/www.fibramar.pt\/web\/\"},{\"@type\":\"ListItem\",\"position\":2,\"name\":\"distribuidores\"}]},{\"@type\":\"WebSite\",\"@id\":\"https:\/\/www.fibramar.pt\/web\/#website\",\"url\":\"https:\/\/www.fibramar.pt\/web\/\",\"name\":\":: FIBRAMAR\",\"description\":\"\",\"publisher\":{\"@id\":\"https:\/\/www.fibramar.pt\/web\/#organization\"},\"potentialAction\":[{\"@type\":\"SearchAction\",\"target\":{\"@type\":\"EntryPoint\",\"urlTemplate\":\"https:\/\/www.fibramar.pt\/web\/?s={search_term_string}\"},\"query-input\":\"required name=search_term_string\"}],\"inLanguage\":\"pt-PT\"},{\"@type\":\"Organization\",\"@id\":\"https:\/\/www.fibramar.pt\/web\/#organization\",\"name\":\"Fibramar\",\"url\":\"https:\/\/www.fibramar.pt\/web\/\",\"logo\":{\"@type\":\"ImageObject\",\"inLanguage\":\"pt-PT\",\"@id\":\"https:\/\/www.fibramar.pt\/web\/#\/schema\/logo\/image\/\",\"url\":\"https:\/\/www.fibramar.pt\/web\/wp-content\/uploads\/2014\/03\/logo_fibramar.png\",\"contentUrl\":\"https:\/\/www.fibramar.pt\/web\/wp-content\/uploads\/2014\/03\/logo_fibramar.png\",\"width\":323,\"height\":77,\"caption\":\"Fibramar\"},\"image\":{\"@id\":\"https:\/\/www.fibramar.pt\/web\/#\/schema\/logo\/image\/\"},\"sameAs\":[\"https:\/\/www.facebook.com\/fibramar\",\"https:\/\/www.instagram.com\/fibramar\",\"https:\/\/www.pinterest.pt\/fibramar\",\"https:\/\/www.youtube.com\/fibramarboats\"]}]}<\/script>\n<!-- \/ Yoast SEO plugin. -->","yoast_head_json":{"title":"distribuidores | FIBRAMAR","robots":{"index":"index","follow":"follow","max-snippet":"max-snippet:-1","max-image-preview":"max-image-preview:large","max-video-preview":"max-video-preview:-1"},"canonical":"https:\/\/www.fibramar.pt\/web\/distribuidores\/","og_locale":"pt_PT","og_type":"article","og_title":"distribuidores | FIBRAMAR","og_description":"Contacte-nos para a adicionarmos imediatamente. &nbsp;","og_url":"https:\/\/www.fibramar.pt\/web\/distribuidores\/","og_site_name":"FIBRAMAR","article_publisher":"https:\/\/www.facebook.com\/fibramar","article_modified_time":"2025-12-09T17:25:49+00:00","twitter_card":"summary_large_image","twitter_misc":{"Tempo estimado de leitura":"3 minutos"},"schema":{"@context":"https:\/\/schema.org","@graph":[{"@type":"WebPage","@id":"https:\/\/www.fibramar.pt\/web\/distribuidores\/","url":"https:\/\/www.fibramar.pt\/web\/distribuidores\/","name":"distribuidores | FIBRAMAR","isPartOf":{"@id":"https:\/\/www.fibramar.pt\/web\/#website"},"datePublished":"2014-03-18T19:16:27+00:00","dateModified":"2025-12-09T17:25:49+00:00","breadcrumb":{"@id":"https:\/\/www.fibramar.pt\/web\/distribuidores\/#breadcrumb"},"inLanguage":"pt-PT","potentialAction":[{"@type":"ReadAction","target":["https:\/\/www.fibramar.pt\/web\/distribuidores\/"]}]},{"@type":"BreadcrumbList","@id":"https:\/\/www.fibramar.pt\/web\/distribuidores\/#breadcrumb","itemListElement":[{"@type":"ListItem","position":1,"name":"In\u00edcio","item":"https:\/\/www.fibramar.pt\/web\/"},{"@type":"ListItem","position":2,"name":"distribuidores"}]},{"@type":"WebSite","@id":"https:\/\/www.fibramar.pt\/web\/#website","url":"https:\/\/www.fibramar.pt\/web\/","name":":: FIBRAMAR","description":"","publisher":{"@id":"https:\/\/www.fibramar.pt\/web\/#organization"},"potentialAction":[{"@type":"SearchAction","target":{"@type":"EntryPoint","urlTemplate":"https:\/\/www.fibramar.pt\/web\/?s={search_term_string}"},"query-input":"required name=search_term_string"}],"inLanguage":"pt-PT"},{"@type":"Organization","@id":"https:\/\/www.fibramar.pt\/web\/#organization","name":"Fibramar","url":"https:\/\/www.fibramar.pt\/web\/","logo":{"@type":"ImageObject","inLanguage":"pt-PT","@id":"https:\/\/www.fibramar.pt\/web\/#\/schema\/logo\/image\/","url":"https:\/\/www.fibramar.pt\/web\/wp-content\/uploads\/2014\/03\/logo_fibramar.png","contentUrl":"https:\/\/www.fibramar.pt\/web\/wp-content\/uploads\/2014\/03\/logo_fibramar.png","width":323,"height":77,"caption":"Fibramar"},"image":{"@id":"https:\/\/www.fibramar.pt\/web\/#\/schema\/logo\/image\/"},"sameAs":["https:\/\/www.facebook.com\/fibramar","https:\/\/www.instagram.com\/fibramar","https:\/\/www.pinterest.pt\/fibramar","https:\/\/www.youtube.com\/fibramarboats"]}]}},"_links":{"self":[{"href":"https:\/\/www.fibramar.pt\/web\/wp-json\/wp\/v2\/pages\/41"}],"collection":[{"href":"https:\/\/www.fibramar.pt\/web\/wp-json\/wp\/v2\/pages"}],"about":[{"href":"https:\/\/www.fibramar.pt\/web\/wp-json\/wp\/v2\/types\/page"}],"author":[{"embeddable":true,"href":"https:\/\/www.fibramar.pt\/web\/wp-json\/wp\/v2\/users\/1"}],"replies":[{"embeddable":true,"href":"https:\/\/www.fibramar.pt\/web\/wp-json\/wp\/v2\/comments?post=41"}],"version-history":[{"count":49,"href":"https:\/\/www.fibramar.pt\/web\/wp-json\/wp\/v2\/pages\/41\/revisions"}],"predecessor-version":[{"id":3818,"href":"https:\/\/www.fibramar.pt\/web\/wp-json\/wp\/v2\/pages\/41\/revisions\/3818"}],"wp:attachment":[{"href":"https:\/\/www.fibramar.pt\/web\/wp-json\/wp\/v2\/media?parent=41"}],"curies":[{"name":"wp","href":"https:\/\/api.w.org\/{rel}","templated":true}]}}