{"id":503,"date":"2014-03-18T21:07:51","date_gmt":"2014-03-18T21:07:51","guid":{"rendered":"http:\/\/www.fibramar.pt\/web\/?page_id=503"},"modified":"2023-03-09T14:44:18","modified_gmt":"2023-03-09T14:44:18","slug":"cabina-aberta","status":"publish","type":"page","link":"https:\/\/www.fibramar.pt\/web\/cabina-aberta\/","title":{"rendered":"cabina aberta"},"content":{"rendered":"<div\n\tclass=\"ngg-galleryoverview ngg-ajax-pagination-none\"\n\tid=\"ngg-gallery-7313c02d02b8dd664440d273946f9a2b-1\">\n\n    \t\t<!-- Thumbnails -->\n\t\t\t\t<div id=\"ngg-image-0\" class=\"ngg-gallery-thumbnail-box\" >\n\t\t\t\t        <div class=\"ngg-gallery-thumbnail\">\n            <a href=\"https:\/\/www.fibramar.pt\/web\/wp-content\/gallery\/cabinaopcional\/550cabina_aberta_3.jpg\"\n               title=\"\"\n               data-src=\"https:\/\/www.fibramar.pt\/web\/wp-content\/gallery\/cabinaopcional\/550cabina_aberta_3.jpg\"\n               data-thumbnail=\"https:\/\/www.fibramar.pt\/web\/wp-content\/gallery\/cabinaopcional\/thumbs\/thumbs_550cabina_aberta_3.jpg\"\n               data-image-id=\"710\"\n               data-title=\"550 Pescador + cabina aberta | cabina abierta | cabine ouverte | open cabin\"\n               data-description=\"\"\n               data-image-slug=\"550cabina_aberta_3\"\n               >\n                <img\n                    title=\"550 Pescador + cabina aberta | cabina abierta | cabine ouverte | open cabin\"\n                    alt=\"550 Pescador + cabina aberta | cabina abierta | cabine ouverte | open cabin\"\n                    src=\"https:\/\/www.fibramar.pt\/web\/wp-content\/gallery\/cabinaopcional\/dynamic\/550cabina_aberta_3.jpg-nggid03710-ngg0dyn-360x240x100-00f0w010c010r110f110r010t010.jpg\"\n                    width=\"360\"\n                    height=\"240\"\n                    style=\"max-width:100%;\"\n                \/>\n            <\/a>\n        <\/div>\n\t\t\t\t\t\t\t<\/div> \n\t\t\t\n        \n\t\t\t\t<div id=\"ngg-image-1\" class=\"ngg-gallery-thumbnail-box\" >\n\t\t\t\t        <div class=\"ngg-gallery-thumbnail\">\n            <a href=\"https:\/\/www.fibramar.pt\/web\/wp-content\/gallery\/cabinaopcional\/550cabina_aberta_2.jpg\"\n               title=\"\"\n               data-src=\"https:\/\/www.fibramar.pt\/web\/wp-content\/gallery\/cabinaopcional\/550cabina_aberta_2.jpg\"\n               data-thumbnail=\"https:\/\/www.fibramar.pt\/web\/wp-content\/gallery\/cabinaopcional\/thumbs\/thumbs_550cabina_aberta_2.jpg\"\n               data-image-id=\"702\"\n               data-title=\"550 Pescador + cabina aberta | cabina abierta | cabine ouverte | open cabin\"\n               data-description=\"\"\n               data-image-slug=\"550cabina_aberta_2\"\n               >\n                <img\n                    title=\"550 Pescador + cabina aberta | cabina abierta | cabine ouverte | open cabin\"\n                    alt=\"550 Pescador + cabina aberta | cabina abierta | cabine ouverte | open cabin\"\n                    src=\"https:\/\/www.fibramar.pt\/web\/wp-content\/gallery\/cabinaopcional\/dynamic\/550cabina_aberta_2.jpg-nggid03702-ngg0dyn-360x240x100-00f0w010c010r110f110r010t010.jpg\"\n                    width=\"360\"\n                    height=\"240\"\n                    style=\"max-width:100%;\"\n                \/>\n            <\/a>\n        <\/div>\n\t\t\t\t\t\t\t<\/div> \n\t\t\t\n        \n\t\t\t\t<div id=\"ngg-image-2\" class=\"ngg-gallery-thumbnail-box\" >\n\t\t\t\t        <div class=\"ngg-gallery-thumbnail\">\n            <a href=\"https:\/\/www.fibramar.pt\/web\/wp-content\/gallery\/cabinaopcional\/550cabina_aberta_1.jpg\"\n               title=\"\"\n               data-src=\"https:\/\/www.fibramar.pt\/web\/wp-content\/gallery\/cabinaopcional\/550cabina_aberta_1.jpg\"\n               data-thumbnail=\"https:\/\/www.fibramar.pt\/web\/wp-content\/gallery\/cabinaopcional\/thumbs\/thumbs_550cabina_aberta_1.jpg\"\n               data-image-id=\"701\"\n               data-title=\"550 Pescador + cabina aberta | cabina abierta | cabine ouverte | open cabin\"\n               data-description=\"\"\n               data-image-slug=\"550cabina_aberta_1\"\n               >\n                <img\n                    title=\"550 Pescador + cabina aberta | cabina abierta | cabine ouverte | open cabin\"\n                    alt=\"550 Pescador + cabina aberta | cabina abierta | cabine ouverte | open cabin\"\n                    src=\"https:\/\/www.fibramar.pt\/web\/wp-content\/gallery\/cabinaopcional\/dynamic\/550cabina_aberta_1.jpg-nggid03701-ngg0dyn-360x240x100-00f0w010c010r110f110r010t010.jpg\"\n                    width=\"360\"\n                    height=\"240\"\n                    style=\"max-width:100%;\"\n                \/>\n            <\/a>\n        <\/div>\n\t\t\t\t\t\t\t<\/div> \n\t\t\t\n        \n\t\t\t\t<div id=\"ngg-image-3\" class=\"ngg-gallery-thumbnail-box\" >\n\t\t\t\t        <div class=\"ngg-gallery-thumbnail\">\n            <a href=\"https:\/\/www.fibramar.pt\/web\/wp-content\/gallery\/cabinaopcional\/550_cabina_aberta_4.jpg\"\n               title=\"\"\n               data-src=\"https:\/\/www.fibramar.pt\/web\/wp-content\/gallery\/cabinaopcional\/550_cabina_aberta_4.jpg\"\n               data-thumbnail=\"https:\/\/www.fibramar.pt\/web\/wp-content\/gallery\/cabinaopcional\/thumbs\/thumbs_550_cabina_aberta_4.jpg\"\n               data-image-id=\"722\"\n               data-title=\"550 Pescador + cabina aberta | cabina abierta | cabine ouverte | open cabin\"\n               data-description=\"\"\n               data-image-slug=\"550_cabina_aberta_4\"\n               >\n                <img\n                    title=\"550 Pescador + cabina aberta | cabina abierta | cabine ouverte | open cabin\"\n                    alt=\"550 Pescador + cabina aberta | cabina abierta | cabine ouverte | open cabin\"\n                    src=\"https:\/\/www.fibramar.pt\/web\/wp-content\/gallery\/cabinaopcional\/dynamic\/550_cabina_aberta_4.jpg-nggid03722-ngg0dyn-360x240x100-00f0w010c010r110f110r010t010.jpg\"\n                    width=\"360\"\n                    height=\"240\"\n                    style=\"max-width:100%;\"\n                \/>\n            <\/a>\n        <\/div>\n\t\t\t\t\t\t\t<\/div> \n\t\t\t\n        \n\t\t\t\t<div id=\"ngg-image-4\" class=\"ngg-gallery-thumbnail-box\" >\n\t\t\t\t        <div class=\"ngg-gallery-thumbnail\">\n            <a href=\"https:\/\/www.fibramar.pt\/web\/wp-content\/gallery\/cabinaopcional\/cab_opc_1.jpg\"\n               title=\"\"\n               data-src=\"https:\/\/www.fibramar.pt\/web\/wp-content\/gallery\/cabinaopcional\/cab_opc_1.jpg\"\n               data-thumbnail=\"https:\/\/www.fibramar.pt\/web\/wp-content\/gallery\/cabinaopcional\/thumbs\/thumbs_cab_opc_1.jpg\"\n               data-image-id=\"124\"\n               data-title=\"480 Pescador + cabina aberta | cabina abierta | cabine ouverte | open cabin\"\n               data-description=\"\"\n               data-image-slug=\"cab_opc_1\"\n               >\n                <img\n                    title=\"480 Pescador + cabina aberta | cabina abierta | cabine ouverte | open cabin\"\n                    alt=\"480 Pescador + cabina aberta | cabina abierta | cabine ouverte | open cabin\"\n                    src=\"https:\/\/www.fibramar.pt\/web\/wp-content\/gallery\/cabinaopcional\/dynamic\/cab_opc_1.jpg-nggid03124-ngg0dyn-360x240x100-00f0w010c010r110f110r010t010.jpg\"\n                    width=\"360\"\n                    height=\"240\"\n                    style=\"max-width:100%;\"\n                \/>\n            <\/a>\n        <\/div>\n\t\t\t\t\t\t\t<\/div> \n\t\t\t\n        \n\t\t\t\t<div id=\"ngg-image-5\" class=\"ngg-gallery-thumbnail-box\" >\n\t\t\t\t        <div class=\"ngg-gallery-thumbnail\">\n            <a href=\"https:\/\/www.fibramar.pt\/web\/wp-content\/gallery\/cabinaopcional\/cab_opc_2.jpg\"\n               title=\"\"\n               data-src=\"https:\/\/www.fibramar.pt\/web\/wp-content\/gallery\/cabinaopcional\/cab_opc_2.jpg\"\n               data-thumbnail=\"https:\/\/www.fibramar.pt\/web\/wp-content\/gallery\/cabinaopcional\/thumbs\/thumbs_cab_opc_2.jpg\"\n               data-image-id=\"125\"\n               data-title=\"480 Pescador + cabina aberta | cabina abierta | cabine ouverte | open cabin\"\n               data-description=\"\"\n               data-image-slug=\"cab_opc_2\"\n               >\n                <img\n                    title=\"480 Pescador + cabina aberta | cabina abierta | cabine ouverte | open cabin\"\n                    alt=\"480 Pescador + cabina aberta | cabina abierta | cabine ouverte | open cabin\"\n                    src=\"https:\/\/www.fibramar.pt\/web\/wp-content\/gallery\/cabinaopcional\/dynamic\/cab_opc_2.jpg-nggid03125-ngg0dyn-360x240x100-00f0w010c010r110f110r010t010.jpg\"\n                    width=\"360\"\n                    height=\"240\"\n                    style=\"max-width:100%;\"\n                \/>\n            <\/a>\n        <\/div>\n\t\t\t\t\t\t\t<\/div> \n\t\t\t\n        \n\t\t\t\t<div id=\"ngg-image-6\" class=\"ngg-gallery-thumbnail-box\" >\n\t\t\t\t        <div class=\"ngg-gallery-thumbnail\">\n            <a href=\"https:\/\/www.fibramar.pt\/web\/wp-content\/gallery\/cabinaopcional\/cab_opc_3.jpg\"\n               title=\"\"\n               data-src=\"https:\/\/www.fibramar.pt\/web\/wp-content\/gallery\/cabinaopcional\/cab_opc_3.jpg\"\n               data-thumbnail=\"https:\/\/www.fibramar.pt\/web\/wp-content\/gallery\/cabinaopcional\/thumbs\/thumbs_cab_opc_3.jpg\"\n               data-image-id=\"126\"\n               data-title=\"480 Pescador + cabina aberta | cabina abierta | cabine ouverte | open cabin\"\n               data-description=\"\"\n               data-image-slug=\"cab_opc_3\"\n               >\n                <img\n                    title=\"480 Pescador + cabina aberta | cabina abierta | cabine ouverte | open cabin\"\n                    alt=\"480 Pescador + cabina aberta | cabina abierta | cabine ouverte | open cabin\"\n                    src=\"https:\/\/www.fibramar.pt\/web\/wp-content\/gallery\/cabinaopcional\/dynamic\/cab_opc_3.jpg-nggid03126-ngg0dyn-360x240x100-00f0w010c010r110f110r010t010.jpg\"\n                    width=\"360\"\n                    height=\"240\"\n                    style=\"max-width:100%;\"\n                \/>\n            <\/a>\n        <\/div>\n\t\t\t\t\t\t\t<\/div> \n\t\t\t\n        \n\t\t\t\t<div id=\"ngg-image-7\" class=\"ngg-gallery-thumbnail-box\" >\n\t\t\t\t        <div class=\"ngg-gallery-thumbnail\">\n            <a href=\"https:\/\/www.fibramar.pt\/web\/wp-content\/gallery\/cabinaopcional\/cab_opc_4.jpg\"\n               title=\"\"\n               data-src=\"https:\/\/www.fibramar.pt\/web\/wp-content\/gallery\/cabinaopcional\/cab_opc_4.jpg\"\n               data-thumbnail=\"https:\/\/www.fibramar.pt\/web\/wp-content\/gallery\/cabinaopcional\/thumbs\/thumbs_cab_opc_4.jpg\"\n               data-image-id=\"127\"\n               data-title=\"480 Pescador + cabina aberta | cabina abierta | cabine ouverte | open cabin\"\n               data-description=\"\"\n               data-image-slug=\"cab_opc_4\"\n               >\n                <img\n                    title=\"480 Pescador + cabina aberta | cabina abierta | cabine ouverte | open cabin\"\n                    alt=\"480 Pescador + cabina aberta | cabina abierta | cabine ouverte | open cabin\"\n                    src=\"https:\/\/www.fibramar.pt\/web\/wp-content\/gallery\/cabinaopcional\/dynamic\/cab_opc_4.jpg-nggid03127-ngg0dyn-360x240x100-00f0w010c010r110f110r010t010.jpg\"\n                    width=\"360\"\n                    height=\"240\"\n                    style=\"max-width:100%;\"\n                \/>\n            <\/a>\n        <\/div>\n\t\t\t\t\t\t\t<\/div> \n\t\t\t\n        \n\t\t\t\t<div id=\"ngg-image-8\" class=\"ngg-gallery-thumbnail-box\" >\n\t\t\t\t        <div class=\"ngg-gallery-thumbnail\">\n            <a href=\"https:\/\/www.fibramar.pt\/web\/wp-content\/gallery\/cabinaopcional\/cab_opc.jpg\"\n               title=\"\"\n               data-src=\"https:\/\/www.fibramar.pt\/web\/wp-content\/gallery\/cabinaopcional\/cab_opc.jpg\"\n               data-thumbnail=\"https:\/\/www.fibramar.pt\/web\/wp-content\/gallery\/cabinaopcional\/thumbs\/thumbs_cab_opc.jpg\"\n               data-image-id=\"130\"\n               data-title=\"480 Pescador + cabina aberta | cabina abierta | cabine ouverte | open cabin\"\n               data-description=\"\"\n               data-image-slug=\"cab_opc\"\n               >\n                <img\n                    title=\"480 Pescador + cabina aberta | cabina abierta | cabine ouverte | open cabin\"\n                    alt=\"480 Pescador + cabina aberta | cabina abierta | cabine ouverte | open cabin\"\n                    src=\"https:\/\/www.fibramar.pt\/web\/wp-content\/gallery\/cabinaopcional\/dynamic\/cab_opc.jpg-nggid03130-ngg0dyn-360x240x100-00f0w010c010r110f110r010t010.jpg\"\n                    width=\"360\"\n                    height=\"240\"\n                    style=\"max-width:100%;\"\n                \/>\n            <\/a>\n        <\/div>\n\t\t\t\t\t\t\t<\/div> \n\t\t\t\n        \n\t\t\t\t<div id=\"ngg-image-9\" class=\"ngg-gallery-thumbnail-box\" >\n\t\t\t\t        <div class=\"ngg-gallery-thumbnail\">\n            <a href=\"https:\/\/www.fibramar.pt\/web\/wp-content\/gallery\/cabinaopcional\/cab_opc_6.jpg\"\n               title=\"\"\n               data-src=\"https:\/\/www.fibramar.pt\/web\/wp-content\/gallery\/cabinaopcional\/cab_opc_6.jpg\"\n               data-thumbnail=\"https:\/\/www.fibramar.pt\/web\/wp-content\/gallery\/cabinaopcional\/thumbs\/thumbs_cab_opc_6.jpg\"\n               data-image-id=\"129\"\n               data-title=\"480 Pescador + cabina aberta | cabina abierta | cabine ouverte | open cabin\"\n               data-description=\"\"\n               data-image-slug=\"cab_opc_6\"\n               >\n                <img\n                    title=\"480 Pescador + cabina aberta | cabina abierta | cabine ouverte | open cabin\"\n                    alt=\"480 Pescador + cabina aberta | cabina abierta | cabine ouverte | open cabin\"\n                    src=\"https:\/\/www.fibramar.pt\/web\/wp-content\/gallery\/cabinaopcional\/dynamic\/cab_opc_6.jpg-nggid03129-ngg0dyn-360x240x100-00f0w010c010r110f110r010t010.jpg\"\n                    width=\"160\"\n                    height=\"240\"\n                    style=\"max-width:100%;\"\n                \/>\n            <\/a>\n        <\/div>\n\t\t\t\t\t\t\t<\/div> \n\t\t\t\n        \n\t\t\n\t\t<!-- Pagination -->\n\t<div class='ngg-clear'><\/div>\t<\/div>\n\n<h4 class=\"lined-section color2\">Resumo do produto<span><\/span><\/h4>\n<p>Cabina aberta dispon\u00edvel para os modelos:<\/p>\n<ul>\n<li>430&nbsp;Pescador<\/li>\n<li>485&nbsp;Pescador<\/li>\n<li>550 Pescador<\/li>\n<li>600 Pescador<\/li>\n<li>700 Pescador<\/li>\n<li>780 Pescador<\/li>\n<\/ul>\n<p>&nbsp;<br \/>\nDimens\u00f5es para 430, 485 e 550 Pescador &#8211; 155x210x83cm (PxLxA)<br \/>\nDimens\u00f5es para 600, 700 e 780 Pescador &#8211; 155x220x70cm (PxLxA)<br \/>\n<span class=\"s1\"><\/p>\n<div class=\"row\">\n<div class=\"grid6\">\n<h4 class=\"lined-section color2\">Equipamento standard<span><\/span><\/h4>\n<p><\/span><\/p>\n<p style=\"text-align: justify;\"><strong>\u2013 Constru\u00e7\u00e3o:<\/strong><br \/>\n&nbsp; &nbsp;Gel coat branco<br \/>\n&nbsp; &nbsp;Acabamento interior com top coat branco<\/p>\n<p><strong>\u2013 Seguran\u00e7a:<br \/>\n<\/strong>&nbsp; &nbsp;2 pegas no tejadilho<\/p>\n<p><strong>\u2013 Conforto:<br \/>\n<\/strong>&nbsp; &nbsp;Janelas em acr\u00edlico incolor<br \/>\n&nbsp; &nbsp;Porta a vante em PRFV com fechadura e suporte de eleva\u00e7\u00e3o telesc\u00f3pico<br \/>\n<span class=\"s1\"><\/div>\n<div class=\"grid6\">\n<h4 class=\"lined-section color2\">Equipamento opcional<span><\/span><\/h4>\n<p><\/span><\/p>\n<p><strong>\u2013 Constru\u00e7\u00e3o:<br \/>\n<\/strong>&nbsp; &nbsp;Cor do gel coat<br \/>\n&nbsp; &nbsp;Cor do acabamento interior (top coat)<br \/>\n&nbsp; &nbsp;Refor\u00e7os para instala\u00e7\u00e3o de equipamentos<\/p>\n<p><strong>\u2013 Seguran\u00e7a:<\/strong><br \/>\n&nbsp; &nbsp;Pegas adicionais<\/p>\n<p><strong>\u2013 Conforto:<br \/>\n<\/strong>&nbsp; &nbsp;Janelas em acr\u00edlico escuro<br \/>\n&nbsp; &nbsp;Janelas em vidro temperado com moldura em alum\u00ednio<span class=\"s1\"><\/div>\n<\/div>\n<p><\/span><\/p>\n<p>&nbsp;<\/p>\n","protected":false},"excerpt":{"rendered":"<p>Cabina aberta dispon\u00edvel para os modelos: 430&nbsp;Pescador 485&nbsp;Pescador 550 Pescador 600 Pescador 700 Pescador 780 Pescador &nbsp; Dimens\u00f5es para 430, 485 e 550 Pescador &#8211; 155x210x83cm (PxLxA) Dimens\u00f5es para 600, 700 e 780 Pescador &#8211; 155x220x70cm (PxLxA) &nbsp;<\/p>\n","protected":false},"author":1,"featured_media":0,"parent":0,"menu_order":0,"comment_status":"closed","ping_status":"closed","template":"","meta":{"ngg_post_thumbnail":0,"_mi_skip_tracking":false},"yoast_head":"<!-- This site is optimized with the Yoast SEO plugin v20.2.1 - https:\/\/yoast.com\/wordpress\/plugins\/seo\/ -->\n<title>cabina aberta | FIBRAMAR<\/title>\n<meta name=\"robots\" content=\"index, follow, max-snippet:-1, max-image-preview:large, max-video-preview:-1\" \/>\n<link rel=\"canonical\" href=\"https:\/\/www.fibramar.pt\/web\/cabina-aberta\/\" \/>\n<meta property=\"og:locale\" content=\"pt_PT\" \/>\n<meta property=\"og:type\" content=\"article\" \/>\n<meta property=\"og:title\" content=\"cabina aberta | FIBRAMAR\" \/>\n<meta property=\"og:description\" content=\"Cabina aberta dispon\u00edvel para os modelos: 430&nbsp;Pescador 485&nbsp;Pescador 550 Pescador 600 Pescador 700 Pescador 780 Pescador &nbsp; Dimens\u00f5es para 430, 485 e 550 Pescador &#8211; 155x210x83cm (PxLxA) Dimens\u00f5es para 600, 700 e 780 Pescador &#8211; 155x220x70cm (PxLxA) &nbsp;\" \/>\n<meta property=\"og:url\" content=\"https:\/\/www.fibramar.pt\/web\/cabina-aberta\/\" \/>\n<meta property=\"og:site_name\" content=\"FIBRAMAR\" \/>\n<meta property=\"article:publisher\" content=\"https:\/\/www.facebook.com\/fibramar\" \/>\n<meta property=\"article:modified_time\" content=\"2023-03-09T14:44:18+00:00\" \/>\n<meta name=\"twitter:card\" content=\"summary_large_image\" \/>\n<meta name=\"twitter:label1\" content=\"Tempo estimado de leitura\" \/>\n\t<meta name=\"twitter:data1\" content=\"1 minuto\" \/>\n<script type=\"application\/ld+json\" class=\"yoast-schema-graph\">{\"@context\":\"https:\/\/schema.org\",\"@graph\":[{\"@type\":\"WebPage\",\"@id\":\"https:\/\/www.fibramar.pt\/web\/cabina-aberta\/\",\"url\":\"https:\/\/www.fibramar.pt\/web\/cabina-aberta\/\",\"name\":\"cabina aberta | FIBRAMAR\",\"isPartOf\":{\"@id\":\"https:\/\/www.fibramar.pt\/web\/#website\"},\"datePublished\":\"2014-03-18T21:07:51+00:00\",\"dateModified\":\"2023-03-09T14:44:18+00:00\",\"breadcrumb\":{\"@id\":\"https:\/\/www.fibramar.pt\/web\/cabina-aberta\/#breadcrumb\"},\"inLanguage\":\"pt-PT\",\"potentialAction\":[{\"@type\":\"ReadAction\",\"target\":[\"https:\/\/www.fibramar.pt\/web\/cabina-aberta\/\"]}]},{\"@type\":\"BreadcrumbList\",\"@id\":\"https:\/\/www.fibramar.pt\/web\/cabina-aberta\/#breadcrumb\",\"itemListElement\":[{\"@type\":\"ListItem\",\"position\":1,\"name\":\"In\u00edcio\",\"item\":\"https:\/\/www.fibramar.pt\/web\/\"},{\"@type\":\"ListItem\",\"position\":2,\"name\":\"cabina aberta\"}]},{\"@type\":\"WebSite\",\"@id\":\"https:\/\/www.fibramar.pt\/web\/#website\",\"url\":\"https:\/\/www.fibramar.pt\/web\/\",\"name\":\":: FIBRAMAR\",\"description\":\"\",\"publisher\":{\"@id\":\"https:\/\/www.fibramar.pt\/web\/#organization\"},\"potentialAction\":[{\"@type\":\"SearchAction\",\"target\":{\"@type\":\"EntryPoint\",\"urlTemplate\":\"https:\/\/www.fibramar.pt\/web\/?s={search_term_string}\"},\"query-input\":\"required name=search_term_string\"}],\"inLanguage\":\"pt-PT\"},{\"@type\":\"Organization\",\"@id\":\"https:\/\/www.fibramar.pt\/web\/#organization\",\"name\":\"Fibramar\",\"url\":\"https:\/\/www.fibramar.pt\/web\/\",\"logo\":{\"@type\":\"ImageObject\",\"inLanguage\":\"pt-PT\",\"@id\":\"https:\/\/www.fibramar.pt\/web\/#\/schema\/logo\/image\/\",\"url\":\"https:\/\/www.fibramar.pt\/web\/wp-content\/uploads\/2014\/03\/logo_fibramar.png\",\"contentUrl\":\"https:\/\/www.fibramar.pt\/web\/wp-content\/uploads\/2014\/03\/logo_fibramar.png\",\"width\":323,\"height\":77,\"caption\":\"Fibramar\"},\"image\":{\"@id\":\"https:\/\/www.fibramar.pt\/web\/#\/schema\/logo\/image\/\"},\"sameAs\":[\"https:\/\/www.facebook.com\/fibramar\",\"https:\/\/www.instagram.com\/fibramar\",\"https:\/\/www.pinterest.pt\/fibramar\",\"https:\/\/www.youtube.com\/fibramarboats\"]}]}<\/script>\n<!-- \/ Yoast SEO plugin. -->","yoast_head_json":{"title":"cabina aberta | FIBRAMAR","robots":{"index":"index","follow":"follow","max-snippet":"max-snippet:-1","max-image-preview":"max-image-preview:large","max-video-preview":"max-video-preview:-1"},"canonical":"https:\/\/www.fibramar.pt\/web\/cabina-aberta\/","og_locale":"pt_PT","og_type":"article","og_title":"cabina aberta | FIBRAMAR","og_description":"Cabina aberta dispon\u00edvel para os modelos: 430&nbsp;Pescador 485&nbsp;Pescador 550 Pescador 600 Pescador 700 Pescador 780 Pescador &nbsp; Dimens\u00f5es para 430, 485 e 550 Pescador &#8211; 155x210x83cm (PxLxA) Dimens\u00f5es para 600, 700 e 780 Pescador &#8211; 155x220x70cm (PxLxA) &nbsp;","og_url":"https:\/\/www.fibramar.pt\/web\/cabina-aberta\/","og_site_name":"FIBRAMAR","article_publisher":"https:\/\/www.facebook.com\/fibramar","article_modified_time":"2023-03-09T14:44:18+00:00","twitter_card":"summary_large_image","twitter_misc":{"Tempo estimado de leitura":"1 minuto"},"schema":{"@context":"https:\/\/schema.org","@graph":[{"@type":"WebPage","@id":"https:\/\/www.fibramar.pt\/web\/cabina-aberta\/","url":"https:\/\/www.fibramar.pt\/web\/cabina-aberta\/","name":"cabina aberta | FIBRAMAR","isPartOf":{"@id":"https:\/\/www.fibramar.pt\/web\/#website"},"datePublished":"2014-03-18T21:07:51+00:00","dateModified":"2023-03-09T14:44:18+00:00","breadcrumb":{"@id":"https:\/\/www.fibramar.pt\/web\/cabina-aberta\/#breadcrumb"},"inLanguage":"pt-PT","potentialAction":[{"@type":"ReadAction","target":["https:\/\/www.fibramar.pt\/web\/cabina-aberta\/"]}]},{"@type":"BreadcrumbList","@id":"https:\/\/www.fibramar.pt\/web\/cabina-aberta\/#breadcrumb","itemListElement":[{"@type":"ListItem","position":1,"name":"In\u00edcio","item":"https:\/\/www.fibramar.pt\/web\/"},{"@type":"ListItem","position":2,"name":"cabina aberta"}]},{"@type":"WebSite","@id":"https:\/\/www.fibramar.pt\/web\/#website","url":"https:\/\/www.fibramar.pt\/web\/","name":":: FIBRAMAR","description":"","publisher":{"@id":"https:\/\/www.fibramar.pt\/web\/#organization"},"potentialAction":[{"@type":"SearchAction","target":{"@type":"EntryPoint","urlTemplate":"https:\/\/www.fibramar.pt\/web\/?s={search_term_string}"},"query-input":"required name=search_term_string"}],"inLanguage":"pt-PT"},{"@type":"Organization","@id":"https:\/\/www.fibramar.pt\/web\/#organization","name":"Fibramar","url":"https:\/\/www.fibramar.pt\/web\/","logo":{"@type":"ImageObject","inLanguage":"pt-PT","@id":"https:\/\/www.fibramar.pt\/web\/#\/schema\/logo\/image\/","url":"https:\/\/www.fibramar.pt\/web\/wp-content\/uploads\/2014\/03\/logo_fibramar.png","contentUrl":"https:\/\/www.fibramar.pt\/web\/wp-content\/uploads\/2014\/03\/logo_fibramar.png","width":323,"height":77,"caption":"Fibramar"},"image":{"@id":"https:\/\/www.fibramar.pt\/web\/#\/schema\/logo\/image\/"},"sameAs":["https:\/\/www.facebook.com\/fibramar","https:\/\/www.instagram.com\/fibramar","https:\/\/www.pinterest.pt\/fibramar","https:\/\/www.youtube.com\/fibramarboats"]}]}},"_links":{"self":[{"href":"https:\/\/www.fibramar.pt\/web\/wp-json\/wp\/v2\/pages\/503"}],"collection":[{"href":"https:\/\/www.fibramar.pt\/web\/wp-json\/wp\/v2\/pages"}],"about":[{"href":"https:\/\/www.fibramar.pt\/web\/wp-json\/wp\/v2\/types\/page"}],"author":[{"embeddable":true,"href":"https:\/\/www.fibramar.pt\/web\/wp-json\/wp\/v2\/users\/1"}],"replies":[{"embeddable":true,"href":"https:\/\/www.fibramar.pt\/web\/wp-json\/wp\/v2\/comments?post=503"}],"version-history":[{"count":9,"href":"https:\/\/www.fibramar.pt\/web\/wp-json\/wp\/v2\/pages\/503\/revisions"}],"predecessor-version":[{"id":3666,"href":"https:\/\/www.fibramar.pt\/web\/wp-json\/wp\/v2\/pages\/503\/revisions\/3666"}],"wp:attachment":[{"href":"https:\/\/www.fibramar.pt\/web\/wp-json\/wp\/v2\/media?parent=503"}],"curies":[{"name":"wp","href":"https:\/\/api.w.org\/{rel}","templated":true}]}}